{"id":308,"date":"2023-03-22T21:35:59","date_gmt":"2023-03-22T21:35:59","guid":{"rendered":"https:\/\/firstclasstravel.com.br\/?post_type=product&#038;p=308"},"modified":"2023-03-22T21:35:59","modified_gmt":"2023-03-22T21:35:59","slug":"308","status":"publish","type":"product","link":"https:\/\/firstclasstravel.com.br\/?product=308","title":{"rendered":""},"content":{"rendered":"<p style=\"text-align: center;\"><strong>Buenos Aires entre amigos &#8211; Gourmet\u00a0<\/strong><\/p>\n<p style=\"text-align: center;\">\u00a0<strong>\u00a0 Buenos Aires \u2013 18 a 21 de maio 2023 &#8211; <\/strong><strong>Hotel Libertador<\/strong><\/p>\n<p>&nbsp;<\/p>\n<p><strong>18 Mai 23: (Qui) &#8211; S<\/strong><strong>\u00e3o Paulo \/ Buenos Aires<\/strong><\/p>\n<p>No hor\u00e1rio oportuno, apresenta\u00e7\u00e3o no aeroporto de Guarulhos para embarque no voo da Gol (G3) com destino a cidade de Buenos Aires, capital da Argentina.<\/p>\n<p>Chegada, recep\u00e7\u00e3o no aeroporto e traslado para o hotel Libertadores, localizado na Av. Cordoba, 690.<\/p>\n<p>A Noite Jantar livre<\/p>\n<p>&nbsp;<\/p>\n<p><strong>19 Mai 23: (Sex) \u2013 Buenos Aires<\/strong><\/p>\n<p>Caf\u00e9 da manh\u00e3 no hotel e sa\u00edda para visita Dia livre para aproveitar o hotel, um almo\u00e7o nos arredores do Hotel.<\/p>\n<p>&#8220;Ricardo_ Ricardo Recchia&#8221; &lt;rrecchia@voegol.com.br&gt;A noite traslado do hotel ao Senhor Tango, uma das melhores casas de tango de Buenos Aires, com jantar e bebidas inclu\u00eddo.<\/p>\n<p>Retorno ao hotel.<\/p>\n<p>&nbsp;<\/p>\n<p><strong>20 Mai 23: (Sab) \u2013 Buenos Aires<\/strong><\/p>\n<p>Caf\u00e9 da manh\u00e3 no hotel. Hoje faremos um tour de compras.<\/p>\n<p>Primeiramente visitaremos a regi\u00e3o de couros com suas lojas de sapatos, casacos, bolsas e artigos de couro em geral.<\/p>\n<p>Depois ser\u00e1 a vez de da regi\u00e3o de Cashmere, onde poderemos encontrar uma grande variedade das famosas blusas e pashmina de cashmere.<\/p>\n<p>&nbsp;<\/p>\n<p><strong>21 Mai 23: (Dom) \u2013 Mendoza \/ S<\/strong><strong>\u00e3o Paulo<\/strong><\/p>\n<p>Caf\u00e9 da manh\u00e3 no hotel. Tempo livre para \u00faltimas compras em \u00a0\u00a0\u00a0\u00a0\u00a0\u00a0\u00a0 \u00a0\u00a0\u00a0\u00a0\u00a0\u00a0\u00a0\u00a0\u00a0\u00a0\u00a0\u00a0\u00a0\u00a0 Buenos Aires<\/p>\n<p>Os apartamentos dever\u00e3o ser liberados at\u00e9 as 12:00 horas. Deixaremos nossas bagagens no guarda volume do hotel.<\/p>\n<p>No hor\u00e1rio oportuno sa\u00edda para o aeroporto para \u00a0\u00a0\u00a0\u00a0\u00a0\u00a0\u00a0\u00a0\u00a0\u00a0 \u00a0\u00a0\u00a0\u00a0\u00a0\u00a0\u00a0\u00a0\u00a0\u00a0\u00a0\u00a0\u00a0\u00a0 embarque no Voo (G3) com destino a S\u00e3o Paulo.<\/p>\n<p>Chegada e muitas hist\u00f3rias e lembran\u00e7as dessa viagem!<\/p>\n<p><strong>Pre\u00e7o por pessoas: (pacote= a\u00e9reo + terrestre)<\/strong><\/p>\n<p>Entrada:\u00a0 + R$ 833,60<\/p>\n<p>Saldo em 09 parcelas iguais em reais. Fecha o c\u00e2mbio na entrada R$ 370,49<\/p>\n<p>&nbsp;<\/p>\n<p><strong>APT DUPLO: <\/strong>\u00a0\u00a0\u00a0\u00a0\u00a0 <strong>R$<\/strong> 4.168,00<\/p>\n<p><strong>APT\u00a0\u00a0 INDIV:<\/strong>\u00a0\u00a0\u00a0\u00a0\u00a0\u00a0 <strong>R$<\/strong> 5.275,00<\/p>\n<p><strong>Pre\u00e7os calculados ao cambio do dia em 10-03-23 (USD 1 = R$ 5,40) sujeito a reajustes at\u00e9 o pagamento.<\/strong><\/p>\n","protected":false},"excerpt":{"rendered":"<p><img loading=\"lazy\" decoding=\"async\" class=\"alignnone  wp-image-305\" src=\"http:\/\/firstclasstravel.com.br\/wp-content\/uploads\/2023\/03\/museu-do-vinho.jpg-300x300.webp\" alt=\"\" width=\"305\" height=\"305\" srcset=\"https:\/\/firstclasstravel.com.br\/wp-content\/uploads\/2023\/03\/museu-do-vinho.jpg-300x300.webp 300w, https:\/\/firstclasstravel.com.br\/wp-content\/uploads\/2023\/03\/museu-do-vinho.jpg-150x150.webp 150w, https:\/\/firstclasstravel.com.br\/wp-content\/uploads\/2023\/03\/museu-do-vinho.jpg-768x768.webp 768w, https:\/\/firstclasstravel.com.br\/wp-content\/uploads\/2023\/03\/museu-do-vinho.jpg-600x600.webp 600w, https:\/\/firstclasstravel.com.br\/wp-content\/uploads\/2023\/03\/museu-do-vinho.jpg-100x100.webp 100w, https:\/\/firstclasstravel.com.br\/wp-content\/uploads\/2023\/03\/museu-do-vinho.jpg.webp 960w\" sizes=\"(max-width: 305px) 100vw, 305px\" \/><\/p>\n","protected":false},"featured_media":0,"template":"","meta":{"om_disable_all_campaigns":false,"_mi_skip_tracking":false},"product_cat":[21,23,33],"product_tag":[],"_links":{"self":[{"href":"https:\/\/firstclasstravel.com.br\/index.php?rest_route=\/wp\/v2\/product\/308"}],"collection":[{"href":"https:\/\/firstclasstravel.com.br\/index.php?rest_route=\/wp\/v2\/product"}],"about":[{"href":"https:\/\/firstclasstravel.com.br\/index.php?rest_route=\/wp\/v2\/types\/product"}],"wp:attachment":[{"href":"https:\/\/firstclasstravel.com.br\/index.php?rest_route=%2Fwp%2Fv2%2Fmedia&parent=308"}],"wp:term":[{"taxonomy":"product_cat","embeddable":true,"href":"https:\/\/firstclasstravel.com.br\/index.php?rest_route=%2Fwp%2Fv2%2Fproduct_cat&post=308"},{"taxonomy":"product_tag","embeddable":true,"href":"https:\/\/firstclasstravel.com.br\/index.php?rest_route=%2Fwp%2Fv2%2Fproduct_tag&post=308"}],"curies":[{"name":"wp","href":"https:\/\/api.w.org\/{rel}","templated":true}]}}