{"id":277,"date":"2023-01-31T21:07:17","date_gmt":"2023-01-31T21:07:17","guid":{"rendered":"https:\/\/firstclasstravel.com.br\/?post_type=product&#038;p=277"},"modified":"2023-02-13T22:55:45","modified_gmt":"2023-02-13T22:55:45","slug":"santiago-saida-de-pascoa-6-abril-2023","status":"publish","type":"product","link":"https:\/\/firstclasstravel.com.br\/?product=santiago-saida-de-pascoa-6-abril-2023","title":{"rendered":"SANTIAGO &#8211; Sa\u00edda de Pascoa: 6 Abril 2023"},"content":{"rendered":"<p>ROTEIRO:<\/p>\n<p><b><span data-contrast=\"none\">1 \u00ba Day &#8211; 1 \u00ba Dia &#8211; Santiago<\/span><\/b><span data-ccp-props=\"{&quot;201341983&quot;:0,&quot;335559739&quot;:160,&quot;335559740&quot;:259}\">\u00a0<\/span><\/p>\n<p><span data-contrast=\"none\">**Chegada em Santiago. Recep\u00e7\u00e3o no aeroporto e traslado ao hotel selecionado e acomoda\u00e7\u00e3o em quartos, conforme hotel selecionado.<\/span><span data-ccp-props=\"{&quot;201341983&quot;:0,&quot;335551550&quot;:1,&quot;335551620&quot;:1,&quot;335559739&quot;:160,&quot;335559740&quot;:259}\">\u00a0<\/span><\/p>\n<p><b><span data-contrast=\"none\">2 \u00ba Day &#8211; 2 \u00ba Dia &#8211; Santiago<\/span><\/b><span data-ccp-props=\"{&quot;201341983&quot;:0,&quot;335551550&quot;:1,&quot;335551620&quot;:1,&quot;335559739&quot;:160,&quot;335559740&quot;:259}\">\u00a0<\/span><\/p>\n<p><span data-contrast=\"none\">*Sa\u00edda desde seu Hotel para conhecer o Centro C\u00edvico, Pal\u00e1cio de la Moneda, constru\u00eddo em 1784, Pra\u00e7a de Armas, a Catedral de Santiago, Correio Central, Centro da cidade, para continuar at\u00e9 a Avenida Bernardo O`Higgins e continuar at\u00e9 os setores residenciais antigos passando pelo Club H\u00edpico e Parque O`Higgins. Passaremos pelo Club de La Union, Universidad de Chile, e Morro Santa Lucia onde se fundou a cidade em 1541. Continua\u00e7\u00e3o pelo bairro Bo\u00eamio de Bellavista, famoso por sua grande quantidade de restaurantes, caf\u00e9s, teatros, etc. E continuar at\u00e9 Morro San Cristobal (Visitas de S\u00e1bados e Domingos visitaremos o Morro Santa Luc\u00eda*), e subiremos at\u00e9 obter a melhor vista panor\u00e2mica de Santiago. Passaremos pelas \u00e1reas residenciais Condes, Vitacura e Providencia. Regresso ao Hotel. *Aos s\u00e1bados e domingos n\u00e3o se pode visitar o Cerro San Cristob\u00e1l, pois o caminho \u00e9 permitido apenas para ciclistas e pedestres. Inclui: transporte ida e volta e guia bil\u00edngue N\u00e3o inclui: Entradas, alimentos e bebidas. Dura\u00e7\u00e3o: aproximadamente 03h (per\u00edodo da manh\u00e3) Importante: Aten\u00e7\u00e3o, o servi\u00e7o contratado \u00e9 operado de forma regular e por esse motivo n\u00e3o tem hor\u00e1rio de pick up pr\u00e9 agendado, pois depender\u00e1 da opera\u00e7\u00e3o e quantidade de pessoas na data contratada. O fornecedor local ir\u00e1 informar o hor\u00e1rio de pick up somente localmente (com at\u00e9 24 horas de anteced\u00eancia).<\/span><span data-ccp-props=\"{&quot;201341983&quot;:0,&quot;335551550&quot;:1,&quot;335551620&quot;:1,&quot;335559739&quot;:160,&quot;335559740&quot;:259}\">\u00a0<\/span><\/p>\n<p><b><span data-contrast=\"none\">3 \u00ba Day &#8211; 3 \u00ba Dia &#8211; Santiago<\/span><\/b><span data-ccp-props=\"{&quot;201341983&quot;:0,&quot;335551550&quot;:1,&quot;335551620&quot;:1,&quot;335559739&quot;:160,&quot;335559740&quot;:259}\">\u00a0<\/span><\/p>\n<p><span data-contrast=\"none\">**Dia livre.<\/span><span data-ccp-props=\"{&quot;201341983&quot;:0,&quot;335551550&quot;:1,&quot;335551620&quot;:1,&quot;335559739&quot;:160,&quot;335559740&quot;:259}\">\u00a0<\/span><\/p>\n<p><b><span data-contrast=\"none\">4 \u00ba Day &#8211; 4 \u00ba Dia &#8211; Santiago<\/span><\/b><span data-ccp-props=\"{&quot;201341983&quot;:0,&quot;335551550&quot;:1,&quot;335551620&quot;:1,&quot;335559739&quot;:160,&quot;335559740&quot;:259}\">\u00a0<\/span><\/p>\n<p><span data-contrast=\"none\">**Caf\u00e9 da manh\u00e3 no hotel. Em hor\u00e1rio a ser indicado traslado ao aeroporto e embarque em seu pr\u00f3ximo voo.<\/span><span data-ccp-props=\"{&quot;201341983&quot;:0,&quot;335551550&quot;:1,&quot;335551620&quot;:1,&quot;335559739&quot;:160,&quot;335559740&quot;:259}\">\u00a0<\/span><\/p>\n","protected":false},"excerpt":{"rendered":"<p><b><span data-contrast=\"none\">Pacote Inclui:<\/span><\/b><br \/>\n<b><span data-contrast=\"none\">\u2022 Parte a\u00e9rea, voando Latam<\/span><\/b><br \/>\n<b><span data-contrast=\"none\">\u2022 Traslados Aeroporto \/ Hotel \/ Aeroporto &#8211; Regular<\/span><\/b><br \/>\n<b><span data-contrast=\"none\">\u2022 City tour &#8211; Regular<\/span><\/b><br \/>\n<b><span data-contrast=\"none\">\u2022 Hospedagem conforme hotel escolhido.<\/span><\/b><\/p>\n<p><span data-contrast=\"none\">Idioma do motorista: espanhol<\/span><br \/>\n<span data-contrast=\"none\">Permitido 01 (uma) mala por pessoa<\/span><\/p>\n<p><span data-contrast=\"none\">VISITA A CIDADE DE SANTIAGO NO CHILE (SAINDO DOS HOT\u00c9IS EM SANTIAGO)<\/span><\/p>\n<p><span data-contrast=\"none\">Frequ\u00eancia:<\/span><span data-contrast=\"none\"> Passeio realizado diariamente.<\/span><\/p>\n<p><span data-contrast=\"none\">Sa\u00edda desde seu Hotel para conhecer o Centro C\u00edvico, Pal\u00e1cio de la Moneda, constru\u00eddo em 1784, Pra\u00e7a de Armas, a Catedral de Santiago, Correio Central, Centro da cidade, para continuar at\u00e9 a Avenida Bernardo O`Higgins e continuar at\u00e9 os setores residenciais antigos passando pelo Club H\u00edpico e Parque O`Higgins. Passaremos pelo Club de La Union, Universidad de Chile, e Morro Santa Lucia onde se fundou a cidade em 1541. Continua\u00e7\u00e3o pelo bairro Bo\u00eamio de Bellavista, famoso por sua grande quantidade de restaurantes, caf\u00e9s, teatros, etc. E continuar at\u00e9 Morro San Cristobal (Visitas de S\u00e1bados e Domingos visitaremos o Morro Santa Luc\u00eda*), e subiremos at\u00e9 obter a melhor vista panor\u00e2mica de Santiago. Passaremos pelas \u00e1reas residenciais Condes, Vitacura e Providencia. Regresso ao Hotel.<\/span><span data-ccp-props=\"{&quot;201341983&quot;:0,&quot;335551550&quot;:1,&quot;335551620&quot;:1,&quot;335559739&quot;:160,&quot;335559740&quot;:259}\">\u00a0<\/span><\/p>\n<p><strong>*Aos s\u00e1bados e domingos n\u00e3o se pode visitar o Cerro San Cristob\u00e1l, pois o caminho \u00e9 permitido apenas para ciclistas e pedestres.\u00a0<\/strong><\/p>\n","protected":false},"featured_media":291,"template":"","meta":{"om_disable_all_campaigns":false,"_mi_skip_tracking":false},"product_cat":[21,25,26],"product_tag":[29,27,28],"_links":{"self":[{"href":"https:\/\/firstclasstravel.com.br\/index.php?rest_route=\/wp\/v2\/product\/277"}],"collection":[{"href":"https:\/\/firstclasstravel.com.br\/index.php?rest_route=\/wp\/v2\/product"}],"about":[{"href":"https:\/\/firstclasstravel.com.br\/index.php?rest_route=\/wp\/v2\/types\/product"}],"wp:featuredmedia":[{"embeddable":true,"href":"https:\/\/firstclasstravel.com.br\/index.php?rest_route=\/wp\/v2\/media\/291"}],"wp:attachment":[{"href":"https:\/\/firstclasstravel.com.br\/index.php?rest_route=%2Fwp%2Fv2%2Fmedia&parent=277"}],"wp:term":[{"taxonomy":"product_cat","embeddable":true,"href":"https:\/\/firstclasstravel.com.br\/index.php?rest_route=%2Fwp%2Fv2%2Fproduct_cat&post=277"},{"taxonomy":"product_tag","embeddable":true,"href":"https:\/\/firstclasstravel.com.br\/index.php?rest_route=%2Fwp%2Fv2%2Fproduct_tag&post=277"}],"curies":[{"name":"wp","href":"https:\/\/api.w.org\/{rel}","templated":true}]}}