{"id":262,"date":"2023-01-31T19:14:11","date_gmt":"2023-01-31T19:14:11","guid":{"rendered":"https:\/\/firstclasstravel.com.br\/?post_type=product&#038;p=262"},"modified":"2023-03-22T20:10:42","modified_gmt":"2023-03-22T20:10:42","slug":"buenos-aires-saida-especial-de-pascoa-6-abril-2023","status":"publish","type":"product","link":"https:\/\/firstclasstravel.com.br\/?product=buenos-aires-saida-especial-de-pascoa-6-abril-2023","title":{"rendered":"BUENOS AIRES &#8211; Sa\u00edda de Pascoa:   06 Abril 2023 &#8211; Semana Santa"},"content":{"rendered":"<p>ROTEIRO:<\/p>\n<p><b><span data-contrast=\"none\">1 \u00ba Day &#8211; Buenos Aires<\/span><\/b><span data-ccp-props=\"{&quot;201341983&quot;:0,&quot;335551550&quot;:1,&quot;335551620&quot;:1,&quot;335559739&quot;:160,&quot;335559740&quot;:259}\">\u00a0<\/span><\/p>\n<p><span data-contrast=\"none\">**Chegada em Buenos Aires. Recep\u00e7\u00e3o no aeroporto e traslado ao hotel selecionado e acomoda\u00e7\u00e3o em quartos conforme hotel selecionado.<\/span><span data-ccp-props=\"{&quot;201341983&quot;:0,&quot;335551550&quot;:1,&quot;335551620&quot;:1,&quot;335559739&quot;:160,&quot;335559740&quot;:259}\">\u00a0<\/span><\/p>\n<p><b><span data-contrast=\"none\">2 \u00ba Day &#8211; Buenos Aires<\/span><\/b><span data-ccp-props=\"{&quot;201341983&quot;:0,&quot;335551550&quot;:1,&quot;335551620&quot;:1,&quot;335559739&quot;:160,&quot;335559740&quot;:259}\">\u00a0<\/span><\/p>\n<p><span data-contrast=\"none\">*Sa\u00edda do seu Hotel para o City Tour. Esse tour transmite a emo\u00e7\u00e3o de uma Buenos Aires m\u00faltipla. Visitaremos os pontos mais importantes de nossa cidade, tais como: a Plaza de Mayo, centro pol\u00edtico, social e hist\u00f3rico onde encontraremos a Casa Rosada, sede do Poder Executivo; o Conselho; a Catedral Metropolitana e a Pir\u00e2mide de Maio. A partir da\u00ed atravessaremos parte da Avenida de Mayo, rica em uma variedade de estilos arquitet\u00f4nicos onde se destacam os edif\u00edcios de estilo europeu. Esta avenida liga os Pal\u00e1cios Executivo e Legislativo e foi e continua a ser um ponto de encontro da comunidade espanhola. Em seguida iremos visitar o bairro de San Telmo, onde conheceremos sua hist\u00f3ria. Depois seguiremos para o bairro de La Boca, caracter\u00edstico por seus lares e por ter sido o primeiro porto de Buenos Aires e o centro da comunidade italiana, especialmente genovesa. Posteriormente visitaremos a parte norte da cidade: Palermo, bairro que possui grandes mans\u00f5es, seu Parque Tr\u00eas de Febrero e suas in\u00fameras pra\u00e7as e avenidas importantes. Nesta \u00e1rea veremos o monumento \u00e0 Magna Carta, comumente chamado De los Espa\u00f1oles. De l\u00e1 iremos para a \u00e1rea de La Recoleta, um dos bairros mais elegantes e aristocr\u00e1ticos da cidade, onde veremos o Paseo del Pilar, repleto de restaurantes e bares, a Iglesia del Pilar e os edif\u00edcios importantes que est\u00e3o neste local. Percorreremos o Teatro Col\u00f3n e a Plaza Lavalle, onde veremos em seu entorno al\u00e9m do citado Teatro, o Teatro Nacional Cervantes, a escola Roca e o Pal\u00e1cio Legislativo. Atravessaremos a avenida mais importante de nossa cidade, a 9 de Julio onde se encontra a Plaza de la Rep\u00fablica, no centro da qual se encontra o s\u00edmbolo mais caracter\u00edstico da cidade de Buenos Aires: o Obelisco. Passamos tamb\u00e9m por Puerto Madero, o bairro mais moderno da cidade. O antigo porto, reciclado em 1990, tornou-se um cal\u00e7ad\u00e3o da moda e uma das \u00e1reas com mais bares e restaurantes da cidade. Inclui: Transporte desde o hotel. N\u00e3o inclui: Alimentos e bebidas n\u00e3o mencionados. Dura\u00e7\u00e3o: Aproximadamente 03h30. Sa\u00edda: Aproximadamente \u00e0s 08:45. Tipo de servi\u00e7o: Regular. Observa\u00e7\u00e3o: Para hot\u00e9is localizados em Palermo ou Belgrano o City Tour ser\u00e1 com sa\u00edda de um hotel no centro ou na Recoleta, onde o passageiro dever\u00e1 deslocar-se por conta pr\u00f3pria no hor\u00e1rio determinado de sa\u00edda.<\/span><span data-ccp-props=\"{&quot;201341983&quot;:0,&quot;335551550&quot;:1,&quot;335551620&quot;:1,&quot;335559739&quot;:160,&quot;335559740&quot;:259}\">\u00a0<\/span><\/p>\n<p><b><span data-contrast=\"none\">3 \u00ba Day &#8211; Buenos Aires<\/span><\/b><span data-ccp-props=\"{&quot;201341983&quot;:0,&quot;335551550&quot;:1,&quot;335551620&quot;:1,&quot;335559739&quot;:160,&quot;335559740&quot;:259}\">\u00a0<\/span><\/p>\n<p><span data-contrast=\"none\">**Dia livre.<\/span><span data-ccp-props=\"{&quot;201341983&quot;:0,&quot;335551550&quot;:1,&quot;335551620&quot;:1,&quot;335559739&quot;:160,&quot;335559740&quot;:259}\">\u00a0<\/span><\/p>\n<p><b><span data-contrast=\"none\">4 \u00ba Day &#8211; Buenos Aires<\/span><\/b><span data-ccp-props=\"{&quot;201341983&quot;:0,&quot;335551550&quot;:1,&quot;335551620&quot;:1,&quot;335559739&quot;:160,&quot;335559740&quot;:259}\">\u00a0<\/span><\/p>\n<p><span data-contrast=\"none\">**Caf\u00e9 da manh\u00e3 no hotel. Em hor\u00e1rio a ser indicado traslado ao aeroporto e embarque em seu pr\u00f3ximo voo.<\/span><span data-ccp-props=\"{&quot;201341983&quot;:0,&quot;335551550&quot;:1,&quot;335551620&quot;:1,&quot;335559739&quot;:160,&quot;335559740&quot;:259}\">\u00a0<\/span><\/p>\n","protected":false},"excerpt":{"rendered":"<p><span data-contrast=\"none\">Inclui: Transporte desde o hotel.<\/span><br \/>\n<span data-contrast=\"none\">N\u00e3o inclui: Alimentos e bebidas n\u00e3o mencionados.<\/span><br \/>\n<span data-contrast=\"none\">Dura\u00e7\u00e3o: Aproximadamente 03h30.<\/span><br \/>\n<span data-contrast=\"none\">Sa\u00edda: Aproximadamente \u00e0s 08:45.<\/span><br \/>\n<span data-contrast=\"none\">Tipo de servi\u00e7o: Regular.<\/span><br \/>\n<span data-ccp-props=\"{&quot;201341983&quot;:0,&quot;335551550&quot;:6,&quot;335551620&quot;:6,&quot;335559739&quot;:160,&quot;335559740&quot;:259}\">\u00a0<\/span><\/p>\n<p><b><span data-contrast=\"none\">Observa\u00e7\u00e3o: <\/span><\/b><span data-contrast=\"none\">Para hot\u00e9is localizados em Palermo ou Belgrano o City Tour ser\u00e1 com sa\u00edda de um hotel no centro ou na Recoleta, onde o passageiro dever\u00e1 deslocar-se por conta pr\u00f3pria no hor\u00e1rio determinado de sa\u00edda.<\/span><span data-ccp-props=\"{&quot;201341983&quot;:0,&quot;335551550&quot;:6,&quot;335551620&quot;:6,&quot;335559739&quot;:160,&quot;335559740&quot;:259}\">\u00a0<\/span><\/p>\n","protected":false},"featured_media":290,"template":"","meta":{"om_disable_all_campaigns":false,"_mi_skip_tracking":false},"product_cat":[21,25,23,26],"product_tag":[32,31,30],"_links":{"self":[{"href":"https:\/\/firstclasstravel.com.br\/index.php?rest_route=\/wp\/v2\/product\/262"}],"collection":[{"href":"https:\/\/firstclasstravel.com.br\/index.php?rest_route=\/wp\/v2\/product"}],"about":[{"href":"https:\/\/firstclasstravel.com.br\/index.php?rest_route=\/wp\/v2\/types\/product"}],"wp:featuredmedia":[{"embeddable":true,"href":"https:\/\/firstclasstravel.com.br\/index.php?rest_route=\/wp\/v2\/media\/290"}],"wp:attachment":[{"href":"https:\/\/firstclasstravel.com.br\/index.php?rest_route=%2Fwp%2Fv2%2Fmedia&parent=262"}],"wp:term":[{"taxonomy":"product_cat","embeddable":true,"href":"https:\/\/firstclasstravel.com.br\/index.php?rest_route=%2Fwp%2Fv2%2Fproduct_cat&post=262"},{"taxonomy":"product_tag","embeddable":true,"href":"https:\/\/firstclasstravel.com.br\/index.php?rest_route=%2Fwp%2Fv2%2Fproduct_tag&post=262"}],"curies":[{"name":"wp","href":"https:\/\/api.w.org\/{rel}","templated":true}]}}