{"id":221,"date":"2023-01-12T20:59:53","date_gmt":"2023-01-12T20:59:53","guid":{"rendered":"https:\/\/firstclasstravel.com.br\/?post_type=product&#038;p=221"},"modified":"2023-02-13T22:49:19","modified_gmt":"2023-02-13T22:49:19","slug":"salvador","status":"publish","type":"product","link":"https:\/\/firstclasstravel.com.br\/?product=salvador","title":{"rendered":"SALVADOR"},"content":{"rendered":"<p aria-level=\"4\"><span data-contrast=\"none\">SALVADOR 8 DIAS E 7 NOITES<\/span><span data-ccp-props=\"{&quot;201341983&quot;:0,&quot;335559738&quot;:40,&quot;335559739&quot;:0,&quot;335559740&quot;:259}\">\u00a0<\/span><\/p>\n<p aria-level=\"4\"><span data-contrast=\"none\">Salvador \u00e9 destino certo de muitos turistas que viajam pelo Brasil: a cidade \u00e9 um museu vivo da hist\u00f3ria e da diversidade que o nosso pa\u00eds oferece. S\u00edmbolo da mistura de credos e etnias, a cultura que se formou na Bahia \u00e9 rica, repleta de gente alegre que s\u00f3 precisa de sol para ser feliz. A cultura baiana \u00e9 forte em todos os aspectos e se destaca na culin\u00e1ria, na arquitetura e nas express\u00f5es art\u00edsticas. O centro hist\u00f3rico e as lojinhas do Pelourinho harmonizam-se com os bairros mais novos e os belos cen\u00e1rios da cidade, sempre recortados por praias e coqueiros. Os valores est\u00e3o calculados com a\u00e9reo regular est\u00e3o sujeito altera\u00e7\u00e3o e disponibilidade online, consulte op\u00e7\u00e3o de bagagens. No caso de Bloqueios A\u00e9reos Orinter a bagagem j\u00e1 esta inclu\u00edda.<\/span><span data-ccp-props=\"{&quot;201341983&quot;:0,&quot;335559738&quot;:40,&quot;335559739&quot;:0,&quot;335559740&quot;:259}\">\u00a0<\/span><\/p>\n<p><b><span data-contrast=\"none\">Included services<\/span><\/b><br \/>\n<span data-ccp-props=\"{&quot;201341983&quot;:0,&quot;335551550&quot;:1,&quot;335551620&quot;:1,&quot;335559739&quot;:160,&quot;335559740&quot;:259}\">\u00a0<\/span><\/p>\n<p><span data-contrast=\"none\">Traslados Aeroporto Salvador\/ Hotel em Salvador\/ Aeroporto Salvador+ Passeio Hist\u00f3rico &#8211; Regular<\/span><span data-ccp-props=\"{&quot;201341983&quot;:0,&quot;335551550&quot;:1,&quot;335551620&quot;:1,&quot;335559739&quot;:160,&quot;335559740&quot;:259}\">\u00a0<\/span><\/p>\n<p><b><span data-contrast=\"none\">1 \u00ba Day &#8211; Salvador<\/span><\/b><span data-ccp-props=\"{&quot;201341983&quot;:0,&quot;335551550&quot;:1,&quot;335551620&quot;:1,&quot;335559739&quot;:160,&quot;335559740&quot;:259}\">\u00a0<\/span><\/p>\n<p><span data-contrast=\"none\">*Chegada ao Aeroporto Internacional de Salvador &#8211; Deputado Lu\u00eds Eduardo Magalh\u00e3es, recep\u00e7\u00e3o do receptivo Orinter, estar\u00e3o aguardando para suporte o desembarque e traslado at\u00e9 o hotel escolhido.<\/span><span data-ccp-props=\"{&quot;201341983&quot;:0,&quot;335551550&quot;:1,&quot;335551620&quot;:1,&quot;335559739&quot;:160,&quot;335559740&quot;:259}\">\u00a0<\/span><\/p>\n<p><b><span data-contrast=\"none\">2 \u00ba Day &#8211; Salvador<\/span><\/b><span data-ccp-props=\"{&quot;201341983&quot;:0,&quot;335551550&quot;:1,&quot;335551620&quot;:1,&quot;335559739&quot;:160,&quot;335559740&quot;:259}\">\u00a0<\/span><\/p>\n<p><span data-contrast=\"none\">*Passeio Visita Hist\u00f3rica de Salvador, A visita a parte hist\u00f3rica da cidade de Salvador tem in\u00edcio no Farol da Barra &#8220;limite geogr\u00e1fico da Ba\u00eda de Todos os Santos com o oceano Atl\u00e2ntico&#8221; onde faremos parada para fotos. Ao longo da Avenida Sete de Setembro, passaremos pela ladeira da Barra (onde est\u00e3o localizados o Iate Club, a Igreja de Santo Ant\u00f4nio da Barra e o Cemit\u00e9rio dos Ingleses), largo da Vit\u00f3ria (onde se encontra uma das mais antigas igrejas da Bahia), Corredor da Vit\u00f3ria (onde habitava a aristocracia baiana em suas bel\u00edssimas mans\u00f5es como o atual Museu Carlos Costa Pinto), Campo Grande (palco de aguerridos combates durante os eventos que precederam as lutas pela independ\u00eancia da Bahia e de manifesta\u00e7\u00f5es populares como carnaval). Nosso tour \u00e0 p\u00e9 ter\u00e1 in\u00edcio na Pra\u00e7a Municipal, onde est\u00e3o situados o Pal\u00e1cio Rio Branco (que abrigava o Governo do Estado) e a C\u00e2mara Municipal, em frente ao Elevador Lacerda, de cujas balaustradas se contempla uma das mais belas vistas da Ba\u00eda de Todos os Santos.<\/span><span data-ccp-props=\"{&quot;201341983&quot;:0,&quot;335551550&quot;:1,&quot;335551620&quot;:1,&quot;335559739&quot;:160,&quot;335559740&quot;:259}\">\u00a0<\/span><\/p>\n<p><b><span data-contrast=\"none\">3 \u00ba Day &#8211; Salvador<\/span><\/b><span data-ccp-props=\"{&quot;201341983&quot;:0,&quot;335551550&quot;:1,&quot;335551620&quot;:1,&quot;335559739&quot;:160,&quot;335559740&quot;:259}\">\u00a0<\/span><\/p>\n<p><span data-contrast=\"none\">*Dica de Passeio Opcional (n\u00e3o incluso); Passeio \u00e0s Ilhas, a Ilha dos Frades \u00e9 um pequeno para\u00edso onde encontramos 8 km de belas praias, Mata Atl\u00e2ntica, mar calmo e transl\u00facido, perfeito para o mergulho e belas paisagens. Um lugar perfeito para curtir a natureza. Itaparica \u00e9 a maior e mais famosa Ilha da Ba\u00eda de Todos os Santos, possui mais de 40 km de praias, com abundante vegeta\u00e7\u00e3o tropical, onde predominam exuberantes coqueirais e muita hist\u00f3ria.<\/span><span data-ccp-props=\"{&quot;201341983&quot;:0,&quot;335551550&quot;:1,&quot;335551620&quot;:1,&quot;335559739&quot;:160,&quot;335559740&quot;:259}\">\u00a0<\/span><\/p>\n<p><b><span data-contrast=\"none\">4 \u00ba Day &#8211; Salvador<\/span><\/b><span data-ccp-props=\"{&quot;201341983&quot;:0,&quot;335551550&quot;:1,&quot;335551620&quot;:1,&quot;335559739&quot;:160,&quot;335559740&quot;:259}\">\u00a0<\/span><\/p>\n<p><span data-contrast=\"none\">*Dica de Passeio Opcional (n\u00e3o incluso); Passeio para Praia do Forte, conhecida por suas praias de \u00e1guas tranquilas e cristalinas, a praia de Guarajuba e Praia do Forte s\u00e3o destinos imperd\u00edveis, com biodiversidade e beleza natural incompar\u00e1veis. O passeio tem como rota a estrada do Coco, na dire\u00e7\u00e3o norte do litoral baiano, cujo nome \u00e9 inspirado nos bel\u00edssimos coqueirais existentes em todo o seu trecho. Conheceremos as praias situadas na Avenida Oce\u00e2nica at\u00e9 Itapu\u00e3. Em seguida iremos \u00e0 Praia do Forte, conhecida como Polin\u00e9sia Brasileira, para visita ao Projeto Tamar (projeto de preserva\u00e7\u00e3o das tartarugas marinhas) e visita \u00e0 charmosa vila de pescadores, um ambiente r\u00fastico, mas com um qu\u00ea de sofistica\u00e7\u00e3o que encanta a todos. O banho de mar ser\u00e1 na praia de Guarajuba, um balne\u00e1rio muito bem estruturado, possuindo praias de \u00e1guas cristalinas e mar calmo. Durante o almo\u00e7o (opcional) ser\u00e1 poss\u00edvel desfrutar da deliciosa comida baiana<\/span><span data-ccp-props=\"{&quot;201341983&quot;:0,&quot;335551550&quot;:1,&quot;335551620&quot;:1,&quot;335559739&quot;:160,&quot;335559740&quot;:259}\">\u00a0<\/span><\/p>\n<p><b><span data-contrast=\"none\">5 \u00ba Day &#8211; Salvador<\/span><\/b><span data-ccp-props=\"{&quot;201341983&quot;:0,&quot;335551550&quot;:1,&quot;335551620&quot;:1,&quot;335559739&quot;:160,&quot;335559740&quot;:259}\">\u00a0<\/span><\/p>\n<p><span data-contrast=\"none\">*Dica de Passeio Opcional (n\u00e3o incluso); Passeio Bahia Noite (Show Folcl\u00f3rico + Jantar, voc\u00ea sentir\u00e1 o encanto da noite baiana, assistindo um show folcl\u00f3rico com as principais manifesta\u00e7\u00f5es da cultura afro\u00adbaiana como Samba de roda (samba primitivo dan\u00e7ado pelos escravos ap\u00f3s roda de capoeira), puxada de rede ou dan\u00e7a dos pescadores, Maculel\u00ea, capoeira (mistura de dan\u00e7a com luta, tem sua origem na \u00c1frica, trazida ao Brasil pelas m\u00e3os dos escravos, como forma de defesa), apresenta\u00e7\u00e3o da dan\u00e7a dos orix\u00e1s e toques do Candombl\u00e9 (Religi\u00e3o de origem africana onde ser\u00e3o apresentados alguns orix\u00e1s e suas caracter\u00edsticas). Retorno ao hotel.<\/span><span data-ccp-props=\"{&quot;201341983&quot;:0,&quot;335551550&quot;:1,&quot;335551620&quot;:1,&quot;335559739&quot;:160,&quot;335559740&quot;:259}\">\u00a0<\/span><\/p>\n<p><b><span data-contrast=\"none\">6 \u00ba Day &#8211; Salvador<\/span><\/b><span data-ccp-props=\"{&quot;201341983&quot;:0,&quot;335551550&quot;:1,&quot;335551620&quot;:1,&quot;335559739&quot;:160,&quot;335559740&quot;:259}\">\u00a0<\/span><\/p>\n<p><span data-contrast=\"none\">*Dica de Passeio Opcional (n\u00e3o incluso); Passeio a Morro de S\u00e3o Paulo, situado a 60 quil\u00f4metros ao sul de Salvador, ao extremo norte da Ilha de Tinhar\u00e9, Morro de S\u00e3o Paulo \u00e9 hoje um dos mais badalados destinos tropicais do mundo. Uma \u00e1rea de preserva\u00e7\u00e3o natural, com areias limpas, \u00e1guas quentes, mata atl\u00e2ntica, manguezais e in\u00fameras praias paradis\u00edacas. As praias s\u00e3o numeradas a partir da vila de Morro de S\u00e3o Paulo. A Primeira \u00e9 boa para o surfe, a Segunda \u00e9 da agita\u00e7\u00e3o, a Terceira das piscinas naturais, e na Quarta e na Praia do Encanto reina a paz e a tranquilidade, nos seus v\u00e1rios quil\u00f4metros praticamente desertos. Faremos um trajeto interessante: Travessia por Ferry Boat de Salvador \u00e0 Ilha de Itaparica; durante o trajeto pela Ba\u00eda de Todos os Santos, teremos oportunidade de ver as belezas de Salvador por um outro \u00e2ngulo, vista por mar. Chegando \u00e0 Ilha de Itaparica, seguiremos para o munic\u00edpio de Valen\u00e7a atrav\u00e9s da Ponte do Funil (ponte que liga a ilha ao continente) regi\u00e3o pertencente \u00e0 Costa do Dend\u00ea. Em seguida chegaremos \u00e0 Ponta do Curral, atracadouro pertencente ao munic\u00edpio de Valen\u00e7a (cidade hist\u00f3rica), onde uma lancha conduzir\u00e1 at\u00e9 Morro de S\u00e3o Paulo em 10 minutos. Ao chegar em Morro de S\u00e3o Paulo, faremos uma caminhada at\u00e9 a quarta praia e nossa parada para banho de mar e almo\u00e7o (opcional) ser\u00e1 na badalada Segunda Praia.<\/span><span data-ccp-props=\"{&quot;201341983&quot;:0,&quot;335551550&quot;:1,&quot;335551620&quot;:1,&quot;335559739&quot;:160,&quot;335559740&quot;:259}\">\u00a0<\/span><\/p>\n<p><b><span data-contrast=\"none\">7 \u00ba Day &#8211; Salvador<\/span><\/b><span data-ccp-props=\"{&quot;201341983&quot;:0,&quot;335551550&quot;:1,&quot;335551620&quot;:1,&quot;335559739&quot;:160,&quot;335559740&quot;:259}\">\u00a0<\/span><\/p>\n<p><span data-contrast=\"none\">*Dica de Passeio Opcional (n\u00e3o incluso); Visita as Praias de Salvador, saindo dos hot\u00e9is localizados em Salvador, em dire\u00e7\u00e3o Ao Farol da Barra, cen\u00e1rio das grandes comemora\u00e7\u00f5es da cidade, como o R\u00e9veillon e Carnaval. A Praia do Farol da Barra tem como destaque o Forte de Santo Ant\u00f4nio, as piscinas naturais na mar\u00e9 baixa perfeitas para banho e o cal\u00e7ad\u00e3o para caminhadas que garantem o vai-e-v\u00e9m o dia todo. O p\u00f4r do sol por ali \u00e9 bastante concorrido, \u00e0 noite o movimento \u00e9 garantido por conta dos bares e restaurantes. Seguiremos pela praia de Ondina em dire\u00e7\u00e3o ao Rio Vermelho, onde faremos parada na Casa de Iemanj\u00e1 localizada em frente a praia, onde acontece a 3\u00ba maior festa popular de Salvador, em 02 de fevereiro. Ainda nessa regi\u00e3o visitaremos a Casa do Rio Vermelho, local onde morou Jorge Amado e Z\u00e9lia Gatai, o espa\u00e7o tem proje\u00e7\u00f5es de v\u00eddeos que apresentam trechos da obra do casal e v\u00e1rios depoimentos de pessoas que conviveram com eles. Na visita\u00e7\u00e3o, as pessoas tamb\u00e9m t\u00eam acesso a documentos e cartas escritas por Jorge Amado e trocadas com personalidades nacionais e internacionais. No quintal da casa fica a Roda de Conversa onde est\u00e3o exibidos depoimentos de famosos, amigos e familiares. Continuando nosso tour pelas praias de Amaralina, Pituba, Jardim de Alah, Arma\u00e7\u00e3o, Piat\u00e3 e Itapu\u00e3, onde passaremos pela pra\u00e7a de Vinicius de Moraes e o Farol de Itapu\u00e3. Finalizaremos o passeio com parada para banho de mar na Praia do Flamengo, com ponto de apoio muito bem estruturada.<\/span><span data-ccp-props=\"{&quot;201341983&quot;:0,&quot;335551550&quot;:1,&quot;335551620&quot;:1,&quot;335559739&quot;:160,&quot;335559740&quot;:259}\">\u00a0<\/span><\/p>\n<p><b><span data-contrast=\"none\">8 \u00ba Day &#8211; Salvador<\/span><\/b><span data-ccp-props=\"{&quot;201341983&quot;:0,&quot;335551550&quot;:1,&quot;335551620&quot;:1,&quot;335559739&quot;:160,&quot;335559740&quot;:259}\">\u00a0<\/span><\/p>\n<p><span data-contrast=\"none\">*Traslado para o Aeroporto Internacional de Salvador &#8211; Dep. Lu\u00eds Eduardo Magalh\u00e3es, em hor\u00e1rio estipulado pelo receptivo local e embarque para a cidade de origem.<\/span><span data-ccp-props=\"{&quot;201341983&quot;:0,&quot;335551550&quot;:1,&quot;335551620&quot;:1,&quot;335559739&quot;:160,&quot;335559740&quot;:259}\">\u00a0<\/span><\/p>\n","protected":false},"excerpt":{"rendered":"<p aria-level=\"4\"><span data-contrast=\"none\">SALVADOR 8 DIAS E 7 NOITES<\/span><span data-ccp-props=\"{&quot;201341983&quot;:0,&quot;335559738&quot;:40,&quot;335559739&quot;:0,&quot;335559740&quot;:259}\">\u00a0<\/span><\/p>\n<p aria-level=\"4\"><span data-contrast=\"none\">Salvador \u00e9 destino certo de muitos turistas que viajam pelo Brasil: a cidade \u00e9 um museu vivo da hist\u00f3ria e da diversidade que o nosso pa\u00eds oferece. S\u00edmbolo da mistura de credos e etnias, a cultura que se formou na Bahia \u00e9 rica, repleta de gente alegre que s\u00f3 precisa de sol para ser feliz. A cultura baiana \u00e9 forte em todos os aspectos e se destaca na culin\u00e1ria, na arquitetura e nas express\u00f5es art\u00edsticas. O centro hist\u00f3rico e as lojinhas do Pelourinho harmonizam-se com os bairros mais novos e os belos cen\u00e1rios da cidade, sempre recortados por praias e coqueiros. Os valores est\u00e3o calculados com a\u00e9reo regular est\u00e3o sujeito altera\u00e7\u00e3o e disponibilidade online, consulte op\u00e7\u00e3o de bagagens. No caso de Bloqueios A\u00e9reos Orinter a bagagem j\u00e1 esta inclu\u00edda.<\/span><span data-ccp-props=\"{&quot;201341983&quot;:0,&quot;335559738&quot;:40,&quot;335559739&quot;:0,&quot;335559740&quot;:259}\">\u00a0<\/span><\/p>\n","protected":false},"featured_media":222,"template":"","meta":{"om_disable_all_campaigns":false,"_mi_skip_tracking":false},"product_cat":[22],"product_tag":[],"_links":{"self":[{"href":"https:\/\/firstclasstravel.com.br\/index.php?rest_route=\/wp\/v2\/product\/221"}],"collection":[{"href":"https:\/\/firstclasstravel.com.br\/index.php?rest_route=\/wp\/v2\/product"}],"about":[{"href":"https:\/\/firstclasstravel.com.br\/index.php?rest_route=\/wp\/v2\/types\/product"}],"wp:featuredmedia":[{"embeddable":true,"href":"https:\/\/firstclasstravel.com.br\/index.php?rest_route=\/wp\/v2\/media\/222"}],"wp:attachment":[{"href":"https:\/\/firstclasstravel.com.br\/index.php?rest_route=%2Fwp%2Fv2%2Fmedia&parent=221"}],"wp:term":[{"taxonomy":"product_cat","embeddable":true,"href":"https:\/\/firstclasstravel.com.br\/index.php?rest_route=%2Fwp%2Fv2%2Fproduct_cat&post=221"},{"taxonomy":"product_tag","embeddable":true,"href":"https:\/\/firstclasstravel.com.br\/index.php?rest_route=%2Fwp%2Fv2%2Fproduct_tag&post=221"}],"curies":[{"name":"wp","href":"https:\/\/api.w.org\/{rel}","templated":true}]}}