{"id":217,"date":"2023-01-12T20:52:43","date_gmt":"2023-01-12T20:52:43","guid":{"rendered":"https:\/\/firstclasstravel.com.br\/?post_type=product&#038;p=217"},"modified":"2023-02-13T22:49:23","modified_gmt":"2023-02-13T22:49:23","slug":"joao-pessoa","status":"publish","type":"product","link":"https:\/\/firstclasstravel.com.br\/?product=joao-pessoa","title":{"rendered":"JO\u00c3O PESSOA"},"content":{"rendered":"<p aria-level=\"4\"><span data-contrast=\"none\">Jo\u00e3o Pessoa 8 Dias e 7 Noites<\/span><span data-ccp-props=\"{&quot;201341983&quot;:0,&quot;335559738&quot;:40,&quot;335559739&quot;:0,&quot;335559740&quot;:259}\">\u00a0<\/span><\/p>\n<p aria-level=\"4\"><span data-contrast=\"none\">Uma maravilhosa oportunidade de conhecer a simp\u00e1tica capital da Para\u00edba, que fica a apenas 115 km ao norte de Recife. N\u00e3o deixe de programar este agrad\u00e1vel tour panor\u00e2mico, que o levar\u00e1 ao centro de Jo\u00e3o Pessoa, ao Parque Solon de Lucena com sua famosa lagoa, \u00e0 Praia de Tamba\u00fa, ao Cabo Branco e \u00e0 Ponta do Seixas, ponto extremo oriental das Am\u00e9ricas e tamb\u00e9m o centro de artesanato. Voc\u00ea tamb\u00e9m ir\u00e1 curtir o entardecer na Praia do Jacar\u00e9 ao som do Bolero de Ravel. Jo\u00e3o Pessoa tem uma atmosfera tranquila de uma cidade do interior, mas com estrutura de capital.Os valores est\u00e3o calculados com a\u00e9reo regular est\u00e3o sujeito altera\u00e7\u00e3o e disponibilidade online, consulte op\u00e7\u00e3o de bagagens. No caso de Bloqueios A\u00e9reos Orinter a bagagem j\u00e1 esta inclu\u00edda.\u00a0<\/span><span data-ccp-props=\"{&quot;201341983&quot;:0,&quot;335559738&quot;:40,&quot;335559739&quot;:0,&quot;335559740&quot;:259}\">\u00a0<\/span><\/p>\n<p><b><span data-contrast=\"none\">Included services<\/span><\/b><br \/>\n<span data-contrast=\"none\">Traslados Aeroporto Jo\u00e3o Pessoa \/ Hotel em Jo\u00e3o Pessoa \/ Aeroporto Jo\u00e3o Pessoa + Visita da Cidade &#8211; REGULAR &#8211; Regular<\/span><span data-ccp-props=\"{&quot;201341983&quot;:0,&quot;335559739&quot;:160,&quot;335559740&quot;:259}\">\u00a0<\/span><\/p>\n<p><span data-contrast=\"none\">Traslados Aeroporto Jo\u00e3o Pessoa \/ Hotel em Jo\u00e3o Pessoa \/ Aeroporto Jo\u00e3o Pessoa + Visita da Cidade &#8211; REGULAR<\/span><br \/>\n<span data-ccp-props=\"{&quot;201341983&quot;:0,&quot;335551550&quot;:1,&quot;335551620&quot;:1,&quot;335559739&quot;:160,&quot;335559740&quot;:259}\">\u00a0<\/span><\/p>\n<p><b><span data-contrast=\"none\">TRASLADOS AEROPORTO JO\u00c3O PESSOA PARA HOTEL EM JO\u00c3O PESSOA E TRASLADO PARA AEROPORTO JO\u00c3O PESSOA + VISITA DA CIDADE (SAINDO DOS HOT\u00c9IS EM JO\u00c3O PESSOA)<\/span><\/b><span data-ccp-props=\"{&quot;201341983&quot;:0,&quot;335551550&quot;:6,&quot;335551620&quot;:6,&quot;335559739&quot;:160,&quot;335559740&quot;:259}\">\u00a0<\/span><\/p>\n<p><b><span data-contrast=\"none\">PASSAGEIROS SER\u00c3O RECEPCIONADOS NO AEROPORTO DE CHEGADA OU HOTEL COM PLACA DE IDENTIFICA\u00c7\u00c3O COM NOME OU PLACA ORINTER &#8211; OTT<\/span><\/b><\/p>\n<p><b><span data-contrast=\"none\">Idioma do motorista: portugu\u00eas<\/span><\/b><br \/>\n<b><span data-contrast=\"none\">Permitido 01 (uma) mala por pessoa<\/span><\/b><\/p>\n<p><b><span data-contrast=\"none\">VISITA DA CIDADE (SAINDO DOS HOT\u00c9IS EM JO\u00c3O PESSOA)<\/span><\/b><\/p>\n<p><b><span data-contrast=\"none\">Frequ\u00eancia:<\/span><\/b><span data-contrast=\"none\"> Passeio realizado diariamente.<\/span><\/p>\n<p><span data-contrast=\"none\">Um passeio pelos principais pontos tur\u00edsticos da cidade, com parada no ponto mais oriental das Am\u00e9ricas (Farol do Cabo Branco \u2013 Ponta do Seixas), vista panor\u00e2mica da obra do renomado arquiteto Oscar Niemeyer (Esta\u00e7\u00e3o Cabo Branco \u2013 Ci\u00eancia, Cultura e Artes), at\u00e9 o Centro Hist\u00f3rico da terceira cidade mais antiga do Brasil. Ao longo do dia, voc\u00ea passar\u00e1 pelo Parque S\u00f3lon de Lucena, Pra\u00e7a Antenor Navarro, Hotel Globo, Pra\u00e7a dos Tr\u00eas Poderes, Bas\u00edlica N. Sra. das Neves, Mosteiro de S\u00e3o Bento e Igreja de N. Sra. do Carmo. Teremos tamb\u00e9m uma visita opcional ao Centro Cultural de S\u00e3o Francisco, um local de pesquisa e de ora\u00e7\u00e3o. Por fim, aproveitaremos para conhecer as riquezas do nosso artesanato no Mercado de Artesanato Paraibano. <\/span><\/p>\n<p><span data-contrast=\"none\">Inclui: Transporte de ida e volta e guia falando portugu\u00eas<\/span><br \/>\n<span data-contrast=\"none\">N\u00e3o inclui: Entradas em museus e igrejas, alimentos e bebidas<\/span><br \/>\n<span data-contrast=\"none\">Dura\u00e7\u00e3o: <\/span><span data-contrast=\"none\">Meio per\u00edodo.<\/span><span data-ccp-props=\"{&quot;201341983&quot;:0,&quot;335551550&quot;:6,&quot;335551620&quot;:6,&quot;335559739&quot;:160,&quot;335559740&quot;:259}\">\u00a0<\/span><\/p>\n<p><span data-ccp-props=\"{&quot;201341983&quot;:0,&quot;335559739&quot;:160,&quot;335559740&quot;:259}\">\u00a0<\/span><\/p>\n<p><b><span data-contrast=\"none\">1 \u00ba Day &#8211; Jo\u00e3o Pessoa<\/span><\/b><span data-ccp-props=\"{&quot;201341983&quot;:0,&quot;335551550&quot;:1,&quot;335551620&quot;:1,&quot;335559739&quot;:160,&quot;335559740&quot;:259}\">\u00a0<\/span><\/p>\n<p><span data-contrast=\"none\">*Chegada ao Aeroporto Internacional Presidente Castro Pinto Jo\u00e3o Pessoa. Guias locais uniformizados estar\u00e3o aguardando para suporte o desembarque. Trasporte at\u00e9 o hotel escolhido.<\/span><span data-ccp-props=\"{&quot;201341983&quot;:0,&quot;335551550&quot;:1,&quot;335551620&quot;:1,&quot;335559739&quot;:160,&quot;335559740&quot;:259}\">\u00a0<\/span><\/p>\n<p><b><span data-contrast=\"none\">2 \u00ba Day &#8211; Jo\u00e3o Pessoa<\/span><\/b><span data-ccp-props=\"{&quot;201341983&quot;:0,&quot;335551550&quot;:1,&quot;335551620&quot;:1,&quot;335559739&quot;:160,&quot;335559740&quot;:259}\">\u00a0<\/span><\/p>\n<p><span data-contrast=\"none\">*City Tour Jo\u00e3o Pessoa, Um passeio pelos principais pontos tur\u00edsticos da cidade, com parada no ponto mais oriental das Am\u00e9ricas (Farol do Cabo Branco \u2013 Ponta do Seixas), passando pela obra do renomado arquiteto Oscar Niemeyer (Esta\u00e7\u00e3o Cabo Branco \u2013 Ci\u00eancia, Cultura e Artes), at\u00e9 o Centro Hist\u00f3rico da terceira cidade mais antiga do Brasil. Ao longo do dia, voc\u00ea passar\u00e1 pelo Parque S\u00f3lon de Lucena, Pra\u00e7a Antenor Navarro, Hotel Globo, Pra\u00e7a dos Tr\u00eas Poderes, Bas\u00edlica N. Sra. das Neves, Mosteiro de S\u00e3o Bento e Igreja de N. Sra. do Carmo. Teremos tamb\u00e9m uma visita opcional ao Centro Cultural de S\u00e3o Francisco, um local de pesquisa e de ora\u00e7\u00e3o. Por fim, aproveitaremos para conhecer as riquezas do nosso artesanato no Mercado de Artesanato Paraibano.<\/span><span data-ccp-props=\"{&quot;201341983&quot;:0,&quot;335551550&quot;:1,&quot;335551620&quot;:1,&quot;335559739&quot;:160,&quot;335559740&quot;:259}\">\u00a0<\/span><\/p>\n<p><b><span data-contrast=\"none\">3 \u00ba Day &#8211; Jo\u00e3o Pessoa<\/span><\/b><span data-ccp-props=\"{&quot;201341983&quot;:0,&quot;335551550&quot;:1,&quot;335551620&quot;:1,&quot;335559739&quot;:160,&quot;335559740&quot;:259}\">\u00a0<\/span><\/p>\n<p><span data-contrast=\"none\">*Dica de Passeio Opcional (n\u00e3o incluso); Piscinas Paradis\u00edacas, Carinhosamente apelidada como o &#8220;Caribe Paraibano&#8221;, a regi\u00e3o proporciona um contato \u00fanico com a natureza e um tranquilo banho de mar. L\u00e1, voc\u00ea embarcar\u00e1 em um charmoso catamar\u00e3 para as piscinas naturais. Ap\u00f3s desfrutar desse para\u00edso, voc\u00ea retornar\u00e1 \u00e0 orla para aproveitar a praia local. Famosa e bem frequentada, a regi\u00e3o \u00e9 a queridinha dos paraibanos e \u00e9 um local ideal para vivenciar a forma como aproveitamos o nosso litoral. Com \u00e1guas mornas e tranquilas, e vida marinha preservada, esse passeio \u00e9 parada indispens\u00e1vel para voc\u00ea aproveitar as praias do estado.<\/span><span data-ccp-props=\"{&quot;201341983&quot;:0,&quot;335551550&quot;:1,&quot;335551620&quot;:1,&quot;335559739&quot;:160,&quot;335559740&quot;:259}\">\u00a0<\/span><\/p>\n<p><b><span data-contrast=\"none\">4 \u00ba Day &#8211; Jo\u00e3o Pessoa<\/span><\/b><span data-ccp-props=\"{&quot;201341983&quot;:0,&quot;335551550&quot;:1,&quot;335551620&quot;:1,&quot;335559739&quot;:160,&quot;335559740&quot;:259}\">\u00a0<\/span><\/p>\n<p><span data-contrast=\"none\">*Dica de Passeio Opcional (n\u00e3o incluso); Praias da Costa do Conde \u2013 Litoral Sul Prepare-se para conhecer um litoral pouco explorado e entrecortado de coqueiros e areias brancas. Voc\u00ea vai conhecer Coqueirinho, uma das praias mais belas do pa\u00eds e a &#8220;queridinha&#8221; da Costa do Conde. Depois, seguir\u00e1 para a famosa, e n\u00e3o menos charmosa, praia de Tambaba (primeira praia de naturismo oficializada no Nordeste). Para completar o dia, se encantar\u00e1 com paradis\u00edaca praia de Tabatinga e aproveitar\u00e1 um delicioso banho de mar e de rio em um encontro perfeito da natureza protegido por fal\u00e9sias, que te proporcionar\u00e1 ainda um renovador banho de argila. Vale caminhar at\u00e9 o mirante e tirar aquela foto! Consulte a possibilidade de realizar um passeio opcional na Pen\u00e9lope Charmosa, um divertido carro tem\u00e1tico.<\/span><span data-ccp-props=\"{&quot;201341983&quot;:0,&quot;335551550&quot;:1,&quot;335551620&quot;:1,&quot;335559739&quot;:160,&quot;335559740&quot;:259}\">\u00a0<\/span><\/p>\n<p><b><span data-contrast=\"none\">5 \u00ba Day &#8211; Jo\u00e3o Pessoa<\/span><\/b><span data-ccp-props=\"{&quot;201341983&quot;:0,&quot;335551550&quot;:1,&quot;335551620&quot;:1,&quot;335559739&quot;:160,&quot;335559740&quot;:259}\">\u00a0<\/span><\/p>\n<p><span data-contrast=\"none\">*Dica de Passeio Opcional (n\u00e3o incluso); Litoral Norte com Entardecer na Praia do Jacar\u00e9 (Bolero de Ravel) O roteiro se inicia com parada na Fortaleza de Santa Catarina e passando no Marco Zero da Transamaz\u00f4nica na cidade portu\u00e1ria de Cabedelo. Em seguida, voc\u00ea poder\u00e1 aproveitar um delicioso banho de mar nas \u00e1guas mornas da praia de Ponta de Campina. Ao entardecer, voc\u00ea vai presenciar um dos mais belos espet\u00e1culos do p\u00f4r do sol ao som do Bolero de Ravel na Praia do Jacar\u00e9, com tempo para visita ao mercado de artesanato local e caminhada pelo cal\u00e7ad\u00e3o. Aproveite para adquirir um passeio opcional de catamar\u00e3 pelo Rio Para\u00edba (que conta com animados cangaceiros convidando voc\u00ea a dan\u00e7ar o nosso forr\u00f3, al\u00e9m da ilustre presen\u00e7a do artista Jurandy do Sax). O dia terminar\u00e1 com a emo\u00e7\u00e3o de ouvir, ao vivo, a Ave Maria tocada \u00e0s 18:00.<\/span><span data-ccp-props=\"{&quot;201341983&quot;:0,&quot;335551550&quot;:1,&quot;335551620&quot;:1,&quot;335559739&quot;:160,&quot;335559740&quot;:259}\">\u00a0<\/span><\/p>\n<p><b><span data-contrast=\"none\">6 \u00ba Day &#8211; Jo\u00e3o Pessoa<\/span><\/b><span data-ccp-props=\"{&quot;201341983&quot;:0,&quot;335551550&quot;:1,&quot;335551620&quot;:1,&quot;335559739&quot;:160,&quot;335559740&quot;:259}\">\u00a0<\/span><\/p>\n<p><span data-contrast=\"none\">*Dica de Passeio Opcional (n\u00e3o incluso); City Tour Recife e Olinda &#8211; PE A apenas 120 Km de dist\u00e2ncia da capital paraibana, descortina-se a cidade de Olinda, considerada Patrim\u00f4nio Natural e Cultural da Humanidade pela UNESCO. Durante o passeio, voc\u00ea passar\u00e1 pelas belas praias e visitar\u00e1 o Alto da S\u00e9, com seus monumentos hist\u00f3ricos (museus e igrejas), que datam do s\u00e9culo XVI e XVII. Tamb\u00e9m conhecer\u00e1 a cidade de Recife, cortada pelos rios Capibaribe e Beberibe, conhecida como a Veneza Brasileira. O passeio passa tamb\u00e9m pelo Marco Zero, Parque 13 de Maio, Pal\u00e1cio do Governo, Teatro Santa Isabel, Casa da Cultura e orla mar\u00edtima da famosa praia de Boa Viagem. N\u00e3o deixe de consultar o opcional da Embaixada dos Bonecos Gigantes. Por fim, retornar\u00e1 a Jo\u00e3o Pessoa ap\u00f3s um dia bel\u00edssimo e rico em hist\u00f3ria!<\/span><span data-ccp-props=\"{&quot;201341983&quot;:0,&quot;335551550&quot;:1,&quot;335551620&quot;:1,&quot;335559739&quot;:160,&quot;335559740&quot;:259}\">\u00a0<\/span><\/p>\n<p><b><span data-contrast=\"none\">7 \u00ba Day &#8211; Jo\u00e3o Pessoa<\/span><\/b><span data-ccp-props=\"{&quot;201341983&quot;:0,&quot;335551550&quot;:1,&quot;335551620&quot;:1,&quot;335559739&quot;:160,&quot;335559740&quot;:259}\">\u00a0<\/span><\/p>\n<p><span data-contrast=\"none\">*Dica de Passeio Opcional (n\u00e3o incluso); Pipa \u2013 RN Passeio \u00e0 famosa Praia de Pipa, em Tibau do Sul \u2013 RN, que \u00e9 conhecida por suas incr\u00edveis paisagens naturais traduzidas pela Ba\u00eda dos Golfinhos, pelas fal\u00e9sias e pelo chapad\u00e3o (que proporciona um visual espetacular da Praia do Amor). Aproveite para experimentar um delicioso banho de mar e consulte os opcionais, como um passeio de catamar\u00e3 para assistir ao ballet dos golfinhos, que, eventualmente, podem ser vistos no local. Ap\u00f3s um dia completo explorando as belezas do local, voc\u00ea retornar\u00e1 \u00e0 capital paraibana.<\/span><span data-ccp-props=\"{&quot;201341983&quot;:0,&quot;335551550&quot;:1,&quot;335551620&quot;:1,&quot;335559739&quot;:160,&quot;335559740&quot;:259}\">\u00a0<\/span><\/p>\n<p><b><span data-contrast=\"none\">8 \u00ba Day &#8211; Jo\u00e3o Pessoa<\/span><\/b><span data-ccp-props=\"{&quot;201341983&quot;:0,&quot;335551550&quot;:1,&quot;335551620&quot;:1,&quot;335559739&quot;:160,&quot;335559740&quot;:259}\">\u00a0<\/span><\/p>\n<p><span data-contrast=\"none\">*Traslado para o Aeroporto Internacional Presidente Castro Pinto Jo\u00e3o Pessoa, em hor\u00e1rio estipulado pelo receptivo local e embarque para a cidade de origem.<\/span><span data-ccp-props=\"{&quot;201341983&quot;:0,&quot;335551550&quot;:1,&quot;335551620&quot;:1,&quot;335559739&quot;:160,&quot;335559740&quot;:259}\">\u00a0<\/span><\/p>\n","protected":false},"excerpt":{"rendered":"<p aria-level=\"4\"><span data-contrast=\"none\">Jo\u00e3o Pessoa 8 Dias e 7 Noites<\/span><span data-ccp-props=\"{&quot;201341983&quot;:0,&quot;335559738&quot;:40,&quot;335559739&quot;:0,&quot;335559740&quot;:259}\">\u00a0<\/span><\/p>\n<p aria-level=\"4\"><span data-contrast=\"none\">Uma maravilhosa oportunidade de conhecer a simp\u00e1tica capital da Para\u00edba, que fica a apenas 115 km ao norte de Recife. N\u00e3o deixe de programar este agrad\u00e1vel tour panor\u00e2mico, que o levar\u00e1 ao centro de Jo\u00e3o Pessoa, ao Parque Solon de Lucena com sua famosa lagoa, \u00e0 Praia de Tamba\u00fa, ao Cabo Branco e \u00e0 Ponta do Seixas, ponto extremo oriental das Am\u00e9ricas e tamb\u00e9m o centro de artesanato. Voc\u00ea tamb\u00e9m ir\u00e1 curtir o entardecer na Praia do Jacar\u00e9 ao som do Bolero de Ravel. Jo\u00e3o Pessoa tem uma atmosfera tranquila de uma cidade do interior, mas com estrutura de capital.Os valores est\u00e3o calculados com a\u00e9reo regular est\u00e3o sujeito altera\u00e7\u00e3o e disponibilidade online, consulte op\u00e7\u00e3o de bagagens. No caso de Bloqueios A\u00e9reos Orinter a bagagem j\u00e1 esta inclu\u00edda.\u00a0<\/span><span data-ccp-props=\"{&quot;201341983&quot;:0,&quot;335559738&quot;:40,&quot;335559739&quot;:0,&quot;335559740&quot;:259}\">\u00a0<\/span><\/p>\n","protected":false},"featured_media":218,"template":"","meta":{"om_disable_all_campaigns":false,"_mi_skip_tracking":false},"product_cat":[22],"product_tag":[],"_links":{"self":[{"href":"https:\/\/firstclasstravel.com.br\/index.php?rest_route=\/wp\/v2\/product\/217"}],"collection":[{"href":"https:\/\/firstclasstravel.com.br\/index.php?rest_route=\/wp\/v2\/product"}],"about":[{"href":"https:\/\/firstclasstravel.com.br\/index.php?rest_route=\/wp\/v2\/types\/product"}],"wp:featuredmedia":[{"embeddable":true,"href":"https:\/\/firstclasstravel.com.br\/index.php?rest_route=\/wp\/v2\/media\/218"}],"wp:attachment":[{"href":"https:\/\/firstclasstravel.com.br\/index.php?rest_route=%2Fwp%2Fv2%2Fmedia&parent=217"}],"wp:term":[{"taxonomy":"product_cat","embeddable":true,"href":"https:\/\/firstclasstravel.com.br\/index.php?rest_route=%2Fwp%2Fv2%2Fproduct_cat&post=217"},{"taxonomy":"product_tag","embeddable":true,"href":"https:\/\/firstclasstravel.com.br\/index.php?rest_route=%2Fwp%2Fv2%2Fproduct_tag&post=217"}],"curies":[{"name":"wp","href":"https:\/\/api.w.org\/{rel}","templated":true}]}}