{"id":213,"date":"2023-01-12T20:48:14","date_gmt":"2023-01-12T20:48:14","guid":{"rendered":"https:\/\/firstclasstravel.com.br\/?post_type=product&#038;p=213"},"modified":"2023-01-12T20:52:34","modified_gmt":"2023-01-12T20:52:34","slug":"jericoacoara","status":"publish","type":"product","link":"https:\/\/firstclasstravel.com.br\/?product=jericoacoara","title":{"rendered":"JERICOACOARA"},"content":{"rendered":"<p aria-level=\"4\"><span data-contrast=\"none\">JERICOACOARA 8 DIAS E 7 NOITES<\/span><span data-ccp-props=\"{&quot;201341983&quot;:0,&quot;335559738&quot;:40,&quot;335559739&quot;:0,&quot;335559740&quot;:259}\">\u00a0<\/span><\/p>\n<p aria-level=\"4\"><span data-contrast=\"none\">Jericoacoara \u00e9 uma vila do munic\u00edpio de Jijoca, a 300km de Fortaleza, na costa oeste do Cear\u00e1. Um lugar m\u00edstico, de belezas naturais \u00edmpares e bastante popular entre os que procuram sossego. Com sol o ano todo e ambiente aconchegante, o lugar est\u00e1 preparado para receber turistas que buscam uma experi\u00eancia diferente. Entre dunas, mar, lagoas e mangues, a vila de Jeri \u00e9 um ref\u00fagio diante da modernidade das grandes cidades e do agito di\u00e1rio. Por l\u00e1 n\u00e3o h\u00e1 ilumina\u00e7\u00e3o p\u00fablica, necessidade de carros ou ruas cal\u00e7adas &#8211; tudo \u00e9 de areia. \u00c9 o lugar ideal para quem quer relaxar e revezar entre cen\u00e1rios belos, passar o dia na Lagoa do Para\u00edso e um fim de tarde na Duna do P\u00f4r do Sol. Os valores est\u00e3o calculados com a\u00e9reo regular est\u00e3o sujeito altera\u00e7\u00e3o e disponibilidade online, consulte op\u00e7\u00e3o de bagagens. No caso de Bloqueios A\u00e9reos Orinter a bagagem j\u00e1 esta inclu\u00edda.<\/span><span data-ccp-props=\"{&quot;201341983&quot;:0,&quot;335559738&quot;:40,&quot;335559739&quot;:0,&quot;335559740&quot;:259}\">\u00a0<\/span><\/p>\n<p><b><span data-contrast=\"none\">Included services<\/span><\/b><br \/>\n<span data-ccp-props=\"{&quot;201341983&quot;:0,&quot;335559739&quot;:160,&quot;335559740&quot;:259}\">\u00a0<\/span><\/p>\n<p><span data-contrast=\"none\">Traslados Aeroporto Cruz (Jericoacoara)\/ Hotel em Jericoacoara\/ Aeroporto Cruz (Jericoacoara) &#8211; Servi\u00e7o N\u00e3o V\u00e1lido para Praia de Pre\u00e1 &#8211; Regular<\/span><span data-ccp-props=\"{&quot;201341983&quot;:0,&quot;335551550&quot;:1,&quot;335551620&quot;:1,&quot;335559739&quot;:160,&quot;335559740&quot;:259}\">\u00a0<\/span><\/p>\n<p><span data-ccp-props=\"{&quot;201341983&quot;:0,&quot;335559739&quot;:160,&quot;335559740&quot;:259}\">\u00a0<\/span><\/p>\n<p><b><span data-contrast=\"none\">1 \u00ba Day &#8211; Jericoacoara<\/span><\/b><span data-ccp-props=\"{&quot;201341983&quot;:0,&quot;335551550&quot;:1,&quot;335551620&quot;:1,&quot;335559739&quot;:160,&quot;335559740&quot;:259}\">\u00a0<\/span><\/p>\n<p><span data-contrast=\"none\">*Chegada ao Aeroporto Regional Comandante Ariston Pessoa, recep\u00e7\u00e3o do receptivo Orinter, estar\u00e3o aguardando para suporte o desembarque e traslado at\u00e9 o hotel escolhido.<\/span><span data-ccp-props=\"{&quot;201341983&quot;:0,&quot;335551550&quot;:1,&quot;335551620&quot;:1,&quot;335559739&quot;:160,&quot;335559740&quot;:259}\">\u00a0<\/span><\/p>\n<p><b><span data-contrast=\"none\">2 \u00ba Day &#8211; Jericoacoara<\/span><\/b><span data-ccp-props=\"{&quot;201341983&quot;:0,&quot;335551550&quot;:1,&quot;335551620&quot;:1,&quot;335559739&quot;:160,&quot;335559740&quot;:259}\">\u00a0<\/span><\/p>\n<p><span data-contrast=\"none\">*Dica de Passeio Opcional (n\u00e3o incluso); Litoral Leste, voc\u00ea poder\u00e1 conhecer a Lagoa Azul e a Lagoa do Para\u00edso, que fica em Jijoca e \u00e9 bel\u00edssima &#8211; das atra\u00e7\u00f5es mais bonitas que a viagem oferece! Atrav\u00e9s desse passeio tamb\u00e9m \u00e9 poss\u00edvel visitar a Pedra Furada e a &#8220;\u00e1rvore da pregui\u00e7a&#8221;, que cresce deitada tamanha quantidade de ventos que passam pela \u00e1rea. *As atividades e a ordem do roteiro podem sofrer altera\u00e7\u00f5es devido a condi\u00e7\u00f5es clim\u00e1ticas ou outros fatores.<\/span><span data-ccp-props=\"{&quot;201341983&quot;:0,&quot;335551550&quot;:1,&quot;335551620&quot;:1,&quot;335559739&quot;:160,&quot;335559740&quot;:259}\">\u00a0<\/span><\/p>\n<p><b><span data-contrast=\"none\">3 \u00ba Day &#8211; Jericoacoara<\/span><\/b><span data-ccp-props=\"{&quot;201341983&quot;:0,&quot;335551550&quot;:1,&quot;335551620&quot;:1,&quot;335559739&quot;:160,&quot;335559740&quot;:259}\">\u00a0<\/span><\/p>\n<p><span data-contrast=\"none\">*Dica de Passeio Opcional (n\u00e3o incluso); Praia do Pre\u00e1, um dos melhores points nordestinos para o kitesurfe, atrai muitos estrangeiros. De julho a dezembro, o c\u00e9u ganha o colorido das pipas do kite.<\/span><span data-ccp-props=\"{&quot;201341983&quot;:0,&quot;335551550&quot;:1,&quot;335551620&quot;:1,&quot;335559739&quot;:160,&quot;335559740&quot;:259}\">\u00a0<\/span><\/p>\n<p><b><span data-contrast=\"none\">4 \u00ba Day &#8211; Jericoacoara<\/span><\/b><span data-ccp-props=\"{&quot;201341983&quot;:0,&quot;335551550&quot;:1,&quot;335551620&quot;:1,&quot;335559739&quot;:160,&quot;335559740&quot;:259}\">\u00a0<\/span><\/p>\n<p><span data-contrast=\"none\">*Dica de Passeio Opcional (n\u00e3o incluso); Passeio de bugue at\u00e9 Barrinha, passa pelas dunas da Praia do Pre\u00e1, por um parque e\u00f3lico e por outro conjunto de dunas, onde coqueiros foram soterrados pela areia. Depois parada para descanso na Lagoa da Pinguela e retorno para almo\u00e7o em Pre\u00e1. *As atividades e a ordem do roteiro podem sofrer altera\u00e7\u00f5es devido a condi\u00e7\u00f5es clim\u00e1ticas ou outros fatores.<\/span><span data-ccp-props=\"{&quot;201341983&quot;:0,&quot;335551550&quot;:1,&quot;335551620&quot;:1,&quot;335559739&quot;:160,&quot;335559740&quot;:259}\">\u00a0<\/span><\/p>\n<p><b><span data-contrast=\"none\">5 \u00ba Day &#8211; Jericoacoara<\/span><\/b><span data-ccp-props=\"{&quot;201341983&quot;:0,&quot;335551550&quot;:1,&quot;335551620&quot;:1,&quot;335559739&quot;:160,&quot;335559740&quot;:259}\">\u00a0<\/span><\/p>\n<p><span data-contrast=\"none\">*Dica de Passeio Opcional (n\u00e3o incluso); Passeio a Cavalo, \u00e9 poss\u00edvel fazer cavalgadas pela areia da praia ou conhecer as dunas e lagoas pr\u00f3ximas. *As atividades e a ordem do roteiro podem sofrer altera\u00e7\u00f5es devido a condi\u00e7\u00f5es clim\u00e1ticas ou outros fatores.<\/span><span data-ccp-props=\"{&quot;201341983&quot;:0,&quot;335551550&quot;:1,&quot;335551620&quot;:1,&quot;335559739&quot;:160,&quot;335559740&quot;:259}\">\u00a0<\/span><\/p>\n<p><b><span data-contrast=\"none\">6 \u00ba Day &#8211; Jericoacoara<\/span><\/b><span data-ccp-props=\"{&quot;201341983&quot;:0,&quot;335551550&quot;:1,&quot;335551620&quot;:1,&quot;335559739&quot;:160,&quot;335559740&quot;:259}\">\u00a0<\/span><\/p>\n<p><span data-contrast=\"none\">*Dia Livre. Sugerimos passeio a p\u00e9 pela vila, para realiza\u00e7\u00e3o de compras, Jeri n\u00e3o \u00e9 o para\u00edso para compras, mas h\u00e1 sim boas lojinhas para voc\u00ea encontrar alguns artigos interessantes. As lojas de roupas s\u00e3o voltadas, principalmente, para moda praia, e vendem vestidos, biqu\u00ednis, sungas al\u00e9m de camisas com prote\u00e7\u00e3o solar (\u00edtem interessante para quem n\u00e3o quer se queimar). *As atividades e a ordem do roteiro podem sofrer altera\u00e7\u00f5es devido a condi\u00e7\u00f5es clim\u00e1ticas ou outros fatores.<\/span><span data-ccp-props=\"{&quot;201341983&quot;:0,&quot;335551550&quot;:1,&quot;335551620&quot;:1,&quot;335559739&quot;:160,&quot;335559740&quot;:259}\">\u00a0<\/span><\/p>\n<p><b><span data-contrast=\"none\">7 \u00ba Day &#8211; Jericoacoara<\/span><\/b><span data-ccp-props=\"{&quot;201341983&quot;:0,&quot;335551550&quot;:1,&quot;335551620&quot;:1,&quot;335559739&quot;:160,&quot;335559740&quot;:259}\">\u00a0<\/span><\/p>\n<p><span data-contrast=\"none\">*Dia Livre.<\/span><span data-ccp-props=\"{&quot;201341983&quot;:0,&quot;335551550&quot;:1,&quot;335551620&quot;:1,&quot;335559739&quot;:160,&quot;335559740&quot;:259}\">\u00a0<\/span><\/p>\n<p><b><span data-contrast=\"none\">8 \u00ba Day &#8211; Jericoacoara<\/span><\/b><span data-ccp-props=\"{&quot;201341983&quot;:0,&quot;335551550&quot;:1,&quot;335551620&quot;:1,&quot;335559739&quot;:160,&quot;335559740&quot;:259}\">\u00a0<\/span><\/p>\n<p><span data-contrast=\"none\">*Traslado para o Aeroporto Regional Comandante Ariston Pessoa , em hor\u00e1rio estipulado pelo receptivo local e embarque para a cidade de origem.<\/span><\/p>\n","protected":false},"excerpt":{"rendered":"<p aria-level=\"4\"><span data-contrast=\"none\">JERICOACOARA 8 DIAS E 7 NOITES<\/span><span data-ccp-props=\"{&quot;201341983&quot;:0,&quot;335559738&quot;:40,&quot;335559739&quot;:0,&quot;335559740&quot;:259}\">\u00a0<\/span><\/p>\n<p aria-level=\"4\"><span data-contrast=\"none\">Jericoacoara \u00e9 uma vila do munic\u00edpio de Jijoca, a 300km de Fortaleza, na costa oeste do Cear\u00e1. Um lugar m\u00edstico, de belezas naturais \u00edmpares e bastante popular entre os que procuram sossego. Com sol o ano todo e ambiente aconchegante, o lugar est\u00e1 preparado para receber turistas que buscam uma experi\u00eancia diferente. Entre dunas, mar, lagoas e mangues, a vila de Jeri \u00e9 um ref\u00fagio diante da modernidade das grandes cidades e do agito di\u00e1rio. Por l\u00e1 n\u00e3o h\u00e1 ilumina\u00e7\u00e3o p\u00fablica, necessidade de carros ou ruas cal\u00e7adas &#8211; tudo \u00e9 de areia. \u00c9 o lugar ideal para quem quer relaxar e revezar entre cen\u00e1rios belos, passar o dia na Lagoa do Para\u00edso e um fim de tarde na Duna do P\u00f4r do Sol. Os valores est\u00e3o calculados com a\u00e9reo regular est\u00e3o sujeito altera\u00e7\u00e3o e disponibilidade online, consulte op\u00e7\u00e3o de bagagens. No caso de Bloqueios A\u00e9reos Orinter a bagagem j\u00e1 esta inclu\u00edda.<\/span><span data-ccp-props=\"{&quot;201341983&quot;:0,&quot;335559738&quot;:40,&quot;335559739&quot;:0,&quot;335559740&quot;:259}\">\u00a0<\/span><\/p>\n<p>&nbsp;<\/p>\n","protected":false},"featured_media":214,"template":"","meta":{"om_disable_all_campaigns":false,"_mi_skip_tracking":false},"product_cat":[22],"product_tag":[],"_links":{"self":[{"href":"https:\/\/firstclasstravel.com.br\/index.php?rest_route=\/wp\/v2\/product\/213"}],"collection":[{"href":"https:\/\/firstclasstravel.com.br\/index.php?rest_route=\/wp\/v2\/product"}],"about":[{"href":"https:\/\/firstclasstravel.com.br\/index.php?rest_route=\/wp\/v2\/types\/product"}],"wp:featuredmedia":[{"embeddable":true,"href":"https:\/\/firstclasstravel.com.br\/index.php?rest_route=\/wp\/v2\/media\/214"}],"wp:attachment":[{"href":"https:\/\/firstclasstravel.com.br\/index.php?rest_route=%2Fwp%2Fv2%2Fmedia&parent=213"}],"wp:term":[{"taxonomy":"product_cat","embeddable":true,"href":"https:\/\/firstclasstravel.com.br\/index.php?rest_route=%2Fwp%2Fv2%2Fproduct_cat&post=213"},{"taxonomy":"product_tag","embeddable":true,"href":"https:\/\/firstclasstravel.com.br\/index.php?rest_route=%2Fwp%2Fv2%2Fproduct_tag&post=213"}],"curies":[{"name":"wp","href":"https:\/\/api.w.org\/{rel}","templated":true}]}}