{"id":209,"date":"2023-01-12T20:39:29","date_gmt":"2023-01-12T20:39:29","guid":{"rendered":"https:\/\/firstclasstravel.com.br\/?post_type=product&#038;p=209"},"modified":"2023-01-12T20:47:51","modified_gmt":"2023-01-12T20:47:51","slug":"maceio","status":"publish","type":"product","link":"https:\/\/firstclasstravel.com.br\/?product=maceio","title":{"rendered":"MACEI\u00d3"},"content":{"rendered":"<p aria-level=\"4\"><b><span data-contrast=\"none\">MACEI\u00d3 8 DIAS E 7 NOITES<\/span><\/b><span data-ccp-props=\"{&quot;201341983&quot;:0,&quot;335559738&quot;:40,&quot;335559739&quot;:0,&quot;335559740&quot;:259}\">\u00a0<\/span><\/p>\n<p aria-level=\"4\"><span data-contrast=\"none\">Macei\u00f3, capital de Alagoas, \u00e9 banhada por lagoas, um mar que mescla o azul-turquesa e o verde-esmeralda e belas praias ornadas por jardins de coqueirais. Capital de Alagoas, oferece aos seus visitantes um visual digno de para\u00edso tropical: \u00c9 poss\u00edvel fazer passeios para alguns dos lugares mais lindos do Brasil, como a Barra de S\u00e3o Miguel e Praia do Gunga que est\u00e3o no litoral sul e s\u00e3o realmente imperd\u00edveis. No litoral norte, na divisa com Pernambuco, Maragogi e suas piscinas naturais s\u00e3o o grande destaque. Macei\u00f3, a capital de alagoas com o litoral mais bonito do Nordeste.\u00a0\u00a0<\/span><span data-ccp-props=\"{&quot;201341983&quot;:0,&quot;335559738&quot;:40,&quot;335559739&quot;:0,&quot;335559740&quot;:259}\">\u00a0<\/span><\/p>\n<p aria-level=\"4\">\n<b><span data-contrast=\"none\">SERVI\u00c7OS INCLUIDOS:<\/span><\/b><br \/>\n<span data-ccp-props=\"{&quot;134233117&quot;:false,&quot;134233118&quot;:false,&quot;201341983&quot;:0,&quot;335551550&quot;:1,&quot;335551620&quot;:1,&quot;335559685&quot;:0,&quot;335559737&quot;:0,&quot;335559738&quot;:0,&quot;335559739&quot;:160,&quot;335559740&quot;:259}\">\u00a0<\/span><\/p>\n<p><span data-contrast=\"none\">Traslados Aeroporto Macei\u00f3 \/ Hot\u00e9is na orla Macei\u00f3 (Praias de Paju\u00e7ara, Ponta Verde, Jati\u00faca e Cruz das Almas \/ Aeroporto Macei\u00f3 + Passeio Litoral Sul (Praia do Franc\u00eas) &#8211; Regular &#8211; Regular<\/span><span data-ccp-props=\"{&quot;201341983&quot;:0,&quot;335551550&quot;:1,&quot;335551620&quot;:1,&quot;335559739&quot;:160,&quot;335559740&quot;:259}\">\u00a0<\/span><\/p>\n<p><span data-contrast=\"none\">*Traslado para o aeroporto Internacional Zumbi dos Palmares ,em hor\u00e1rio estipulado pelo receptivo local e embarque para a cidade de origem.<\/span><br \/>\n<span data-ccp-props=\"{&quot;201341983&quot;:0,&quot;335551550&quot;:1,&quot;335551620&quot;:1,&quot;335559739&quot;:160,&quot;335559740&quot;:259}\">\u00a0<\/span><\/p>\n<p><span data-contrast=\"none\">Idioma do motorista: portugu\u00eas\u00a0<\/span><span data-ccp-props=\"{&quot;201341983&quot;:0,&quot;335551550&quot;:6,&quot;335551620&quot;:6,&quot;335559739&quot;:160,&quot;335559740&quot;:259}\">\u00a0<\/span><\/p>\n<p><span data-contrast=\"none\">Permitido 01 (uma) mala por pessoa <\/span><br \/>\n<span data-ccp-props=\"{&quot;201341983&quot;:0,&quot;335551550&quot;:6,&quot;335551620&quot;:6,&quot;335559739&quot;:160,&quot;335559740&quot;:259}\">\u00a0<\/span><\/p>\n<p><b><span data-contrast=\"none\">VISITA DA CIDADE COM LITORAL SUL (PRAIA DO FRANC\u00caS)<\/span><\/b><span data-ccp-props=\"{&quot;201341983&quot;:0,&quot;335551550&quot;:6,&quot;335551620&quot;:6,&quot;335559739&quot;:160,&quot;335559740&quot;:259}\">\u00a0<\/span><\/p>\n<p><b><span data-contrast=\"none\">Frequ\u00eancia do Passeio:<\/span><\/b><span data-contrast=\"none\"> 2\u00aa feiras, 4\u00aa feiras &amp; 6\u00aa feiras\u00a0<\/span><span data-ccp-props=\"{&quot;201341983&quot;:0,&quot;335551550&quot;:1,&quot;335551620&quot;:1,&quot;335559739&quot;:160,&quot;335559740&quot;:259}\">\u00a0<\/span><\/p>\n<p><span data-contrast=\"none\">O passeio a cidade de Macei\u00f3 passa pelos principais pontos tur\u00edsticos da cidade, percorre as praias urbanas, o bairro hist\u00f3rico do Jaragu\u00e1, passando pelo museu da Imagem e do Som, Associa\u00e7\u00e3o Comercial de Macei\u00f3, passando pelo centro aonde se encontra a Catedral de Nossa Senhora dos Prazeres, Pra\u00e7a e Igreja dos Mart\u00edrios, antigo Pal\u00e1cio do Governo do Estado, Pra\u00e7a e Teatro Deodoro da Fonseca, dentre outros pontos. Parada para foto no Morro da Jacutinga, atual Mirante de S\u00e3o Gon\u00e7alo, logo ap\u00f3s iremos conhecer o artesanato local. Continuaremos at\u00e9 uma das mais belas e badaladas praias do litoral sul alagoano. O verde azulado de suas \u00e1guas \u00e9 o m\u00e1gico tempero que cativa os visitantes. Os recifes suavizam as ondas convidando a um atrativo banho de mar e os restaurantes da regi\u00e3o com amplo card\u00e1pio de comida t\u00edpica deleitam os turistas.\u00a0<\/span><span data-ccp-props=\"{&quot;201341983&quot;:0,&quot;335551550&quot;:6,&quot;335551620&quot;:6,&quot;335559739&quot;:160,&quot;335559740&quot;:259}\">\u00a0<\/span><\/p>\n<p><b><span data-contrast=\"none\">Inclui:<\/span><\/b><span data-contrast=\"none\"> Transporte ida e volta e guia local falando portugu\u00eas.\u00a0<\/span><span data-ccp-props=\"{&quot;201341983&quot;:0,&quot;335551550&quot;:6,&quot;335551620&quot;:6,&quot;335559739&quot;:160,&quot;335559740&quot;:259}\">\u00a0<\/span><\/p>\n<p><b><span data-contrast=\"none\">N\u00e3o inclui: <\/span><\/b><span data-contrast=\"none\">Ingressos, alimentos e bebidas.<\/span><span data-ccp-props=\"{&quot;201341983&quot;:0,&quot;335551550&quot;:6,&quot;335551620&quot;:6,&quot;335559739&quot;:160,&quot;335559740&quot;:259}\">\u00a0<\/span><\/p>\n<p><b><span data-contrast=\"none\">Dura\u00e7\u00e3o:<\/span><\/b><span data-contrast=\"none\"> aproximadamente 07h<\/span><span data-ccp-props=\"{&quot;201341983&quot;:0,&quot;335551550&quot;:6,&quot;335551620&quot;:6,&quot;335559739&quot;:160,&quot;335559740&quot;:259}\">\u00a0<\/span><\/p>\n<p><b><span data-contrast=\"none\">1\u00ba Day &#8211; Macei\u00f3<\/span><\/b><span data-ccp-props=\"{&quot;201341983&quot;:0,&quot;335551550&quot;:1,&quot;335551620&quot;:1,&quot;335559739&quot;:160,&quot;335559740&quot;:259}\">\u00a0<\/span><\/p>\n<p><span data-contrast=\"none\">*Chegada ao Aeroporto Internacional Zumbi dos Palmares, recep\u00e7\u00e3o do receptivo Orinter, estar\u00e3o aguardando para suporte ao desembarque e traslado at\u00e9 o hotel escolhido.<\/span><span data-ccp-props=\"{&quot;201341983&quot;:0,&quot;335551550&quot;:1,&quot;335551620&quot;:1,&quot;335559739&quot;:160,&quot;335559740&quot;:259}\">\u00a0<\/span><\/p>\n<p><b><span data-contrast=\"none\">2 \u00ba Day &#8211; Macei\u00f3<\/span><\/b><span data-ccp-props=\"{&quot;201341983&quot;:0,&quot;335551550&quot;:1,&quot;335551620&quot;:1,&quot;335559739&quot;:160,&quot;335559740&quot;:259}\">\u00a0<\/span><\/p>\n<p><span data-contrast=\"none\">*Passeio panor\u00e2mico percorrendo uma das mais belas e badaladas praias do Litoral Sul Alagoano: Praia do Franc\u00eas, onde o verde-azulado de suas \u00e1guas \u00e9 o m\u00e1gico tempero que cativa os visitantes e os recifes suavizam as ondas convidando a um atrativo banho de mar, com tempo livre para usufruir da estrutura local. Passeio panor\u00e2mico percorrendo os principais pontos tur\u00edsticos da cidade desde o tradicional bairro de Jaragu\u00e1 com seu patrim\u00f4nio hist\u00f3rico e cultural, n\u00facleo de importante desenvolvimento econ\u00f4mico, passando pelo Museu da Imagem e do Som, Associa\u00e7\u00e3o Comercial de Macei\u00f3, Pra\u00e7a Marc\u00edlio Dias, ingressando ao centro da cidade pela Rua do imperador, Pra\u00e7a Visconde de Sinimb\u00fa, Pra\u00e7a Dom Pedro II, Assembl\u00e9ia Legislativa, Catedral Metropolitana Nossa Senhora dos Prazeres, com breve parada no antigo morro da Jacutinga, atual mirante de S\u00e3o Gon\u00e7alo do Amarante, onde tamb\u00e9m se localiza a capela com o mesmo nome. Em continua\u00e7\u00e3o, observaremos a Pra\u00e7a Floriano Peixoto, a Igreja Bom Jesus dos Mart\u00edrios, Pal\u00e1cio do Governo, Teatro Deodoro, Academia Alagoana de Letras, dentre outros atrativos.<\/span><span data-ccp-props=\"{&quot;201341983&quot;:0,&quot;335551550&quot;:1,&quot;335551620&quot;:1,&quot;335559739&quot;:160,&quot;335559740&quot;:259}\">\u00a0<\/span><\/p>\n<p><b><span data-contrast=\"none\">3 \u00ba Day &#8211; Macei\u00f3<\/span><\/b><span data-ccp-props=\"{&quot;201341983&quot;:0,&quot;335551550&quot;:1,&quot;335551620&quot;:1,&quot;335559739&quot;:160,&quot;335559740&quot;:259}\">\u00a0<\/span><\/p>\n<p><span data-contrast=\"none\">*Dica de passeio opcional (n\u00e3o incluso) Sugerimos como passeio opcional \u00e0 S\u00e3o Miguel dos Milagres, localizado na Praia do Toque e perfeitamente integrado com a Rota Ecol\u00f3gica e as Pousadas de charme do local, conta com um card\u00e1pio t\u00edpico e sofisticado. Daqui partem os passeios opcionais em jangada para as visitas aos peixes-bois, esta visita se faz no Rio Tatuamunha em jangadas ou canoas com guias nativos e treinados pela equipe do Projeto Peixe-Boi dedicados a proteger este mam\u00edfero da extin\u00e7\u00e3o. Nosso ponto de apoio est\u00e1 localizado na Praia do Toque, areias claras, um mar azul- turquesa e lindos corais formam o cen\u00e1rio ideal para um passeio inesquec\u00edvel.<\/span><span data-ccp-props=\"{&quot;201341983&quot;:0,&quot;335551550&quot;:1,&quot;335551620&quot;:1,&quot;335559739&quot;:160,&quot;335559740&quot;:259}\">\u00a0<\/span><\/p>\n<p><b><span data-contrast=\"none\">4 \u00ba Day &#8211; Macei\u00f3<\/span><\/b><span data-ccp-props=\"{&quot;201341983&quot;:0,&quot;335551550&quot;:1,&quot;335551620&quot;:1,&quot;335559739&quot;:160,&quot;335559740&quot;:259}\">\u00a0<\/span><\/p>\n<p><span data-contrast=\"none\">*Dica de passeio opcional (n\u00e3o incluso) Sugerimos como passeio opcional \u00e0 Dunas de Marap\u00e9, duas Barras, pertence ao Munic\u00edpio de Jequi\u00e1 da Praia, localizado no Litoral Sul. Ap\u00f3s uma r\u00e1pida travessia de barco \u00e9 poss\u00edvel desfrutar do m\u00e1gico encanto de uma praia de areias brancas, protegida suavemente por uma barreira de recifes. A poucos passos est\u00e3o \u00e0s \u00e1guas do rio Jequi\u00e1, tenta\u00e7\u00e3o para um delicioso banho nesta parte do para\u00edso. Sua abundante vegeta\u00e7\u00e3o nativa nos deleita com a presen\u00e7a de simp\u00e1ticos sag\u00fcis, entre outras esp\u00e9cies caracter\u00edsticas da regi\u00e3o. As dunas fixas e fal\u00e9sias esculpidas pela natureza s\u00e3o uma excelente op\u00e7\u00e3o para uma caminhada a beira mar. O complexo Dunas de Marap\u00e9 oferece servi\u00e7o de bar, restaurante com culin\u00e1ria regional e opcionais como o passeio Circuito Pau de Arara e a Trilha dos Caet\u00e9s.<\/span><span data-ccp-props=\"{&quot;201341983&quot;:0,&quot;335551550&quot;:1,&quot;335551620&quot;:1,&quot;335559739&quot;:160,&quot;335559740&quot;:259}\">\u00a0<\/span><\/p>\n<p><b><span data-contrast=\"none\">5 \u00ba Day &#8211; Macei\u00f3<\/span><\/b><span data-ccp-props=\"{&quot;201341983&quot;:0,&quot;335551550&quot;:1,&quot;335551620&quot;:1,&quot;335559739&quot;:160,&quot;335559740&quot;:259}\">\u00a0<\/span><\/p>\n<p><span data-contrast=\"none\">*Dica de passeio opcional (n\u00e3o incluso) Sugerimos como passeio opcional \u00e0 Foz do Rio S\u00e3o Francisco, seguindo pela estrada dos coqueiros at\u00e9 o Munic\u00edpio de Pia\u00e7abu\u00e7u, as margens do \u201cVelho Chico\u201d, local de embarque com destino a foz do tamb\u00e9m chamado de \u201cO maior rio totalmente brasileiro\u201d, paisagens ex\u00f3ticas de natureza virgem adornam cada espa\u00e7o do roteiro. Cidade que j\u00e1 foi cen\u00e1rio do filme \u201cDeus \u00e9 brasileiro\u201d, possui Dunas m\u00f3veis e uma extensa praia de areias finas que servem de ambiente para aves migrat\u00f3rias que \u00e9 uma das grandes atra\u00e7\u00f5es desta inesquec\u00edvel regi\u00e3o.<\/span><span data-ccp-props=\"{&quot;201341983&quot;:0,&quot;335551550&quot;:1,&quot;335551620&quot;:1,&quot;335559739&quot;:160,&quot;335559740&quot;:259}\">\u00a0<\/span><\/p>\n<p><b><span data-contrast=\"none\">6 \u00ba Day &#8211; Macei\u00f3<\/span><\/b><span data-ccp-props=\"{&quot;201341983&quot;:0,&quot;335551550&quot;:1,&quot;335551620&quot;:1,&quot;335559739&quot;:160,&quot;335559740&quot;:259}\">\u00a0<\/span><\/p>\n<p><span data-contrast=\"none\">*Dica de passeio opcional (n\u00e3o incluso) Sugerimos como passeio opcional \u00e0 Hibiscus, Localizada no Litoral Norte com acesso privilegiado, possu\u00ed praia de areias brancas e mar de \u00e1guas cristalinas, ideal para um maravilhoso banho de mar. O local denominado Hibiscus oferece todo o conforto para desfrutar de uma agrad\u00e1vel perman\u00eancia, desde uma massagem, red\u00e1rios ou uma cama suspensa frente a praia.<\/span><span data-ccp-props=\"{&quot;201341983&quot;:0,&quot;335551550&quot;:1,&quot;335551620&quot;:1,&quot;335559739&quot;:160,&quot;335559740&quot;:259}\">\u00a0<\/span><\/p>\n<p><b><span data-contrast=\"none\">7 \u00ba Day &#8211; Macei\u00f3<\/span><\/b><span data-ccp-props=\"{&quot;201341983&quot;:0,&quot;335551550&quot;:1,&quot;335551620&quot;:1,&quot;335559739&quot;:160,&quot;335559740&quot;:259}\">\u00a0<\/span><\/p>\n<p><span data-contrast=\"none\">*Dica de passeio opcional (n\u00e3o incluso) Sugerimos como passeio opcional \u00e0 Maragogi , munic\u00edpio aben\u00e7oado pela exuberante beleza de suas praias e localizado no extremo norte do Estado com incr\u00edvel ecossistema formando aqu\u00e1rios naturais em meio a recifes de corais. Na praia o local possui ampla infra-estrutura com todos os servi\u00e7os de restaurante, bar e tamb\u00e9m \u00e9 tentadoramente apropriado para os amantes da pr\u00e1tica de Snorkel e Scuba Dive, pois suas \u00e1guas cristalinas facilitam a visibilidade.<\/span><span data-ccp-props=\"{&quot;201341983&quot;:0,&quot;335551550&quot;:1,&quot;335551620&quot;:1,&quot;335559739&quot;:160,&quot;335559740&quot;:259}\">\u00a0<\/span><\/p>\n<p><b><span data-contrast=\"none\">8 \u00ba Day &#8211; Macei\u00f3<\/span><\/b><span data-ccp-props=\"{&quot;201341983&quot;:0,&quot;335551550&quot;:1,&quot;335551620&quot;:1,&quot;335559739&quot;:160,&quot;335559740&quot;:259}\">\u00a0<\/span><\/p>\n<p><span data-contrast=\"none\">*Traslado para o aeroporto Internacional Zumbi dos Palmares ,em hor\u00e1rio estipulado pelo receptivo local e embarque para a cidade de origem.<\/span><span data-ccp-props=\"{&quot;201341983&quot;:0,&quot;335551550&quot;:1,&quot;335551620&quot;:1,&quot;335559739&quot;:160,&quot;335559740&quot;:259}\">\u00a0<\/span><\/p>\n<p><span data-contrast=\"auto\">Traslados Aeroporto Macei\u00f3 \/ Hot\u00e9is na orla Macei\u00f3 (Praias de Paju\u00e7ara, Ponta Verde, Jati\u00faca e Cruz das Almas \/ Aeroporto Macei\u00f3 + Passeio Litoral Sul (Praia do Franc\u00eas) &#8211; Regular<\/span><span data-ccp-props=\"{&quot;201341983&quot;:0,&quot;335559739&quot;:160,&quot;335559740&quot;:259}\">\u00a0<\/span><\/p>\n<p><b><span data-contrast=\"none\">TRASLADOS AEROPORTO MACEI\u00d3 PARA HOT\u00c9IS NA ORLA MACEI\u00d3 (PRAIAS DE PAJU\u00c7ARA, PONTA VERDE, JATI\u00daCA E CRUZ DAS ALMAS) E TRASLADO PARA AEROPORTO MACEI\u00d3 + VISITA DA CIDADE COM LITORAL SUL (PRAIA DO FRANC\u00caS) &#8211; REGULAR\u00a0<\/span><\/b><span data-ccp-props=\"{&quot;201341983&quot;:0,&quot;335551550&quot;:6,&quot;335551620&quot;:6,&quot;335559739&quot;:160,&quot;335559740&quot;:259}\">\u00a0<\/span><\/p>\n<p><b><span data-contrast=\"none\">PASSAGEIROS SER\u00c3O RECEPCIONADOS NO AEROPORTO DE CHEGADA OU HOTEL COM PLACA DE IDENTIFICA\u00c7\u00c3O COM NOME DO PASSAGEIRO OU PLACA ORINTER &#8211; OTT<\/span><\/b><span data-ccp-props=\"{&quot;201341983&quot;:0,&quot;335551550&quot;:6,&quot;335551620&quot;:6,&quot;335559739&quot;:160,&quot;335559740&quot;:259}\">\u00a0<\/span><span data-ccp-props=\"{&quot;201341983&quot;:0,&quot;335551550&quot;:6,&quot;335551620&quot;:6,&quot;335559739&quot;:160,&quot;335559740&quot;:259}\">\u00a0<\/span><\/p>\n<p><span data-contrast=\"none\">Idioma do motorista: portugu\u00eas\u00a0<\/span><span data-ccp-props=\"{&quot;201341983&quot;:0,&quot;335551550&quot;:6,&quot;335551620&quot;:6,&quot;335559739&quot;:160,&quot;335559740&quot;:259}\">\u00a0<\/span><\/p>\n<p><span data-contrast=\"none\">Permitido 01 (uma) mala por pessoa\u00a0<\/span><span data-ccp-props=\"{&quot;201341983&quot;:0,&quot;335551550&quot;:6,&quot;335551620&quot;:6,&quot;335559739&quot;:160,&quot;335559740&quot;:259}\">\u00a0<\/span><span data-ccp-props=\"{&quot;201341983&quot;:0,&quot;335551550&quot;:6,&quot;335551620&quot;:6,&quot;335559739&quot;:160,&quot;335559740&quot;:259}\">\u00a0<\/span><\/p>\n<p><b><span data-contrast=\"none\">VISITA DA CIDADE COM LITORAL SUL (PRAIA DO FRANC\u00caS)<\/span><\/b><span data-ccp-props=\"{&quot;201341983&quot;:0,&quot;335551550&quot;:1,&quot;335551620&quot;:1,&quot;335559739&quot;:160,&quot;335559740&quot;:259}\">\u00a0<\/span><\/p>\n<p><b><span data-contrast=\"none\">Frequ\u00eancia do Passeio:<\/span><\/b><span data-contrast=\"none\"> 2\u00aa feiras, 4\u00aa feiras &amp; 6\u00aa feiras\u00a0<\/span><span data-ccp-props=\"{&quot;201341983&quot;:0,&quot;335551550&quot;:1,&quot;335551620&quot;:1,&quot;335559739&quot;:160,&quot;335559740&quot;:259}\">\u00a0<\/span><\/p>\n<p><span data-contrast=\"none\">O passeio a cidade de Macei\u00f3 passa pelos principais pontos tur\u00edsticos da cidade, percorre as praias urbanas, o bairro hist\u00f3rico do Jaragu\u00e1, passando pelo museu da Imagem e do Som, Associa\u00e7\u00e3o Comercial de Macei\u00f3, passando pelo centro aonde se encontra a Catedral de Nossa Senhora dos Prazeres, Pra\u00e7a e Igreja dos Mart\u00edrios, antigo Pal\u00e1cio do Governo do Estado, Pra\u00e7a e Teatro Deodoro da Fonseca, dentre outros pontos. Parada para foto no Morro da Jacutinga, atual Mirante de S\u00e3o Gon\u00e7alo, logo ap\u00f3s iremos conhecer o artesanato local. Continuaremos at\u00e9 uma das mais belas e badaladas praias do litoral sul alagoano. O verde azulado de suas \u00e1guas \u00e9 o m\u00e1gico tempero que cativa os visitantes. Os recifes suavizam as ondas convidando a um atrativo banho de mar e os restaurantes da regi\u00e3o com amplo card\u00e1pio de comida t\u00edpica deleitam os turistas.\u00a0<\/span><span data-ccp-props=\"{&quot;201341983&quot;:0,&quot;335551550&quot;:6,&quot;335551620&quot;:6,&quot;335559739&quot;:160,&quot;335559740&quot;:259}\">\u00a0<\/span><\/p>\n<p><span data-contrast=\"none\">\u00a0<\/span><span data-ccp-props=\"{&quot;201341983&quot;:0,&quot;335551550&quot;:6,&quot;335551620&quot;:6,&quot;335559739&quot;:160,&quot;335559740&quot;:259}\">\u00a0<\/span><\/p>\n<p><b><span data-contrast=\"none\">Inclui:<\/span><\/b><span data-contrast=\"none\"> Transporte ida e volta e guia local falando portugu\u00eas.\u00a0<\/span><span data-ccp-props=\"{&quot;201341983&quot;:0,&quot;335551550&quot;:6,&quot;335551620&quot;:6,&quot;335559739&quot;:160,&quot;335559740&quot;:259}\">\u00a0<\/span><\/p>\n<p><b><span data-contrast=\"none\">N\u00e3o inclui: <\/span><\/b><span data-contrast=\"none\">Ingressos, alimentos e bebidas.<\/span><span data-ccp-props=\"{&quot;201341983&quot;:0,&quot;335551550&quot;:6,&quot;335551620&quot;:6,&quot;335559739&quot;:160,&quot;335559740&quot;:259}\">\u00a0<\/span><\/p>\n<p><b><span data-contrast=\"none\">Dura\u00e7\u00e3o:<\/span><\/b><span data-contrast=\"none\"> aproximadamente 07h<\/span><span data-ccp-props=\"{&quot;201341983&quot;:0,&quot;335551550&quot;:6,&quot;335551620&quot;:6,&quot;335559739&quot;:160,&quot;335559740&quot;:259}\">\u00a0<\/span><\/p>\n<p><span data-ccp-props=\"{&quot;134233117&quot;:false,&quot;134233118&quot;:false,&quot;201341983&quot;:0,&quot;335551550&quot;:1,&quot;335551620&quot;:1,&quot;335559685&quot;:0,&quot;335559737&quot;:0,&quot;335559738&quot;:0,&quot;335559739&quot;:0,&quot;335559740&quot;:259}\">\u00a0<\/span><\/p>\n<p><span data-ccp-props=\"{&quot;134233117&quot;:false,&quot;134233118&quot;:false,&quot;201341983&quot;:0,&quot;335551550&quot;:1,&quot;335551620&quot;:1,&quot;335559685&quot;:0,&quot;335559737&quot;:0,&quot;335559738&quot;:0,&quot;335559739&quot;:0,&quot;335559740&quot;:259}\">\u00a0<\/span><\/p>\n<p><span data-ccp-props=\"{&quot;134233117&quot;:false,&quot;134233118&quot;:false,&quot;201341983&quot;:0,&quot;335551550&quot;:1,&quot;335551620&quot;:1,&quot;335559685&quot;:0,&quot;335559737&quot;:0,&quot;335559738&quot;:0,&quot;335559739&quot;:0,&quot;335559740&quot;:259}\">\u00a0<\/span><\/p>\n<p><span data-ccp-props=\"{&quot;134233117&quot;:false,&quot;134233118&quot;:false,&quot;201341983&quot;:0,&quot;335551550&quot;:1,&quot;335551620&quot;:1,&quot;335559685&quot;:0,&quot;335559737&quot;:0,&quot;335559738&quot;:0,&quot;335559739&quot;:0,&quot;335559740&quot;:259}\">\u00a0<\/span><\/p>\n<p><span data-ccp-props=\"{&quot;134233117&quot;:false,&quot;134233118&quot;:false,&quot;201341983&quot;:0,&quot;335551550&quot;:1,&quot;335551620&quot;:1,&quot;335559685&quot;:0,&quot;335559737&quot;:0,&quot;335559738&quot;:0,&quot;335559739&quot;:0,&quot;335559740&quot;:259}\">\u00a0<\/span><\/p>\n<p><span data-ccp-props=\"{&quot;134233117&quot;:false,&quot;134233118&quot;:false,&quot;201341983&quot;:0,&quot;335551550&quot;:1,&quot;335551620&quot;:1,&quot;335559685&quot;:0,&quot;335559737&quot;:0,&quot;335559738&quot;:0,&quot;335559739&quot;:0,&quot;335559740&quot;:259}\">\u00a0<\/span><\/p>\n<p><span data-ccp-props=\"{&quot;134233117&quot;:false,&quot;134233118&quot;:false,&quot;201341983&quot;:0,&quot;335551550&quot;:1,&quot;335551620&quot;:1,&quot;335559685&quot;:0,&quot;335559737&quot;:0,&quot;335559738&quot;:0,&quot;335559739&quot;:0,&quot;335559740&quot;:259}\">\u00a0<\/span><\/p>\n<p><span data-ccp-props=\"{&quot;134233117&quot;:false,&quot;134233118&quot;:false,&quot;201341983&quot;:0,&quot;335551550&quot;:1,&quot;335551620&quot;:1,&quot;335559685&quot;:0,&quot;335559737&quot;:0,&quot;335559738&quot;:0,&quot;335559739&quot;:0,&quot;335559740&quot;:259}\">\u00a0<\/span><\/p>\n<p><span data-ccp-props=\"{&quot;134233117&quot;:false,&quot;134233118&quot;:false,&quot;201341983&quot;:0,&quot;335551550&quot;:1,&quot;335551620&quot;:1,&quot;335559685&quot;:0,&quot;335559737&quot;:0,&quot;335559738&quot;:0,&quot;335559739&quot;:0,&quot;335559740&quot;:259}\">\u00a0<\/span><\/p>\n<p><span data-ccp-props=\"{&quot;134233117&quot;:false,&quot;134233118&quot;:false,&quot;201341983&quot;:0,&quot;335551550&quot;:1,&quot;335551620&quot;:1,&quot;335559685&quot;:0,&quot;335559737&quot;:0,&quot;335559738&quot;:0,&quot;335559739&quot;:0,&quot;335559740&quot;:259}\">\u00a0<\/span><\/p>\n<p><span data-ccp-props=\"{&quot;134233117&quot;:false,&quot;134233118&quot;:false,&quot;201341983&quot;:0,&quot;335551550&quot;:1,&quot;335551620&quot;:1,&quot;335559685&quot;:0,&quot;335559737&quot;:0,&quot;335559738&quot;:0,&quot;335559739&quot;:0,&quot;335559740&quot;:259}\">\u00a0<\/span><\/p>\n<p><span data-ccp-props=\"{&quot;134233117&quot;:false,&quot;134233118&quot;:false,&quot;201341983&quot;:0,&quot;335551550&quot;:1,&quot;335551620&quot;:1,&quot;335559685&quot;:0,&quot;335559737&quot;:0,&quot;335559738&quot;:0,&quot;335559739&quot;:0,&quot;335559740&quot;:259}\">\u00a0<\/span><\/p>\n<p><span data-ccp-props=\"{&quot;134233117&quot;:false,&quot;134233118&quot;:false,&quot;201341983&quot;:0,&quot;335551550&quot;:1,&quot;335551620&quot;:1,&quot;335559685&quot;:0,&quot;335559737&quot;:0,&quot;335559738&quot;:0,&quot;335559739&quot;:0,&quot;335559740&quot;:259}\">\u00a0<\/span><\/p>\n<p><span data-ccp-props=\"{&quot;134233117&quot;:false,&quot;134233118&quot;:false,&quot;201341983&quot;:0,&quot;335551550&quot;:1,&quot;335551620&quot;:1,&quot;335559685&quot;:0,&quot;335559737&quot;:0,&quot;335559738&quot;:0,&quot;335559739&quot;:0,&quot;335559740&quot;:259}\">\u00a0<\/span><\/p>\n<p><span data-ccp-props=\"{&quot;134233117&quot;:false,&quot;134233118&quot;:false,&quot;201341983&quot;:0,&quot;335551550&quot;:1,&quot;335551620&quot;:1,&quot;335559685&quot;:0,&quot;335559737&quot;:0,&quot;335559738&quot;:0,&quot;335559739&quot;:0,&quot;335559740&quot;:259}\">\u00a0<\/span><\/p>\n<p><span data-ccp-props=\"{&quot;134233117&quot;:false,&quot;134233118&quot;:false,&quot;201341983&quot;:0,&quot;335551550&quot;:1,&quot;335551620&quot;:1,&quot;335559685&quot;:0,&quot;335559737&quot;:0,&quot;335559738&quot;:0,&quot;335559739&quot;:0,&quot;335559740&quot;:259}\">\u00a0<\/span><\/p>\n","protected":false},"excerpt":{"rendered":"<p aria-level=\"4\"><b><span data-contrast=\"none\">MACEI\u00d3 8 DIAS E 7 NOITES<\/span><\/b><span data-ccp-props=\"{&quot;201341983&quot;:0,&quot;335559738&quot;:40,&quot;335559739&quot;:0,&quot;335559740&quot;:259}\">\u00a0<\/span><\/p>\n<p aria-level=\"4\"><span data-contrast=\"none\">Macei\u00f3, capital de Alagoas, \u00e9 banhada por lagoas, um mar que mescla o azul-turquesa e o verde-esmeralda e belas praias ornadas por jardins de coqueirais. Capital de Alagoas, oferece aos seus visitantes um visual digno de para\u00edso tropical: \u00c9 poss\u00edvel fazer passeios para alguns dos lugares mais lindos do Brasil, como a Barra de S\u00e3o Miguel e Praia do Gunga que est\u00e3o no litoral sul e s\u00e3o realmente imperd\u00edveis. No litoral norte, na divisa com Pernambuco, Maragogi e suas piscinas naturais s\u00e3o o grande destaque. Macei\u00f3, a capital de alagoas com o litoral mais bonito do Nordeste.\u00a0\u00a0<\/span><span data-ccp-props=\"{&quot;201341983&quot;:0,&quot;335559738&quot;:40,&quot;335559739&quot;:0,&quot;335559740&quot;:259}\">\u00a0<\/span><\/p>\n<p aria-level=\"4\">\n<b><span data-contrast=\"none\">SERVI\u00c7OS INCLUIDOS:<\/span><\/b><br \/>\n<span data-ccp-props=\"{&quot;134233117&quot;:false,&quot;134233118&quot;:false,&quot;201341983&quot;:0,&quot;335551550&quot;:1,&quot;335551620&quot;:1,&quot;335559685&quot;:0,&quot;335559737&quot;:0,&quot;335559738&quot;:0,&quot;335559739&quot;:160,&quot;335559740&quot;:259}\">\u00a0<\/span><\/p>\n<p><span data-contrast=\"none\">Traslados Aeroporto Macei\u00f3 \/ Hot\u00e9is na orla Macei\u00f3 (Praias de Paju\u00e7ara, Ponta Verde, Jati\u00faca e Cruz das Almas \/ Aeroporto Macei\u00f3 + Passeio Litoral Sul (Praia do Franc\u00eas) &#8211; Regular &#8211; Regular<\/span><span data-ccp-props=\"{&quot;201341983&quot;:0,&quot;335551550&quot;:1,&quot;335551620&quot;:1,&quot;335559739&quot;:160,&quot;335559740&quot;:259}\">\u00a0<\/span><\/p>\n<p><span data-contrast=\"none\">*Traslado para o aeroporto Internacional Zumbi dos Palmares ,em hor\u00e1rio estipulado pelo receptivo local e embarque para a cidade de origem.<\/span><\/p>\n","protected":false},"featured_media":210,"template":"","meta":{"om_disable_all_campaigns":false,"_mi_skip_tracking":false},"product_cat":[22],"product_tag":[],"_links":{"self":[{"href":"https:\/\/firstclasstravel.com.br\/index.php?rest_route=\/wp\/v2\/product\/209"}],"collection":[{"href":"https:\/\/firstclasstravel.com.br\/index.php?rest_route=\/wp\/v2\/product"}],"about":[{"href":"https:\/\/firstclasstravel.com.br\/index.php?rest_route=\/wp\/v2\/types\/product"}],"wp:featuredmedia":[{"embeddable":true,"href":"https:\/\/firstclasstravel.com.br\/index.php?rest_route=\/wp\/v2\/media\/210"}],"wp:attachment":[{"href":"https:\/\/firstclasstravel.com.br\/index.php?rest_route=%2Fwp%2Fv2%2Fmedia&parent=209"}],"wp:term":[{"taxonomy":"product_cat","embeddable":true,"href":"https:\/\/firstclasstravel.com.br\/index.php?rest_route=%2Fwp%2Fv2%2Fproduct_cat&post=209"},{"taxonomy":"product_tag","embeddable":true,"href":"https:\/\/firstclasstravel.com.br\/index.php?rest_route=%2Fwp%2Fv2%2Fproduct_tag&post=209"}],"curies":[{"name":"wp","href":"https:\/\/api.w.org\/{rel}","templated":true}]}}