{"id":190,"date":"2023-01-11T21:48:08","date_gmt":"2023-01-11T21:48:08","guid":{"rendered":"https:\/\/firstclasstravel.com.br\/?post_type=product&#038;p=190"},"modified":"2023-01-11T21:52:46","modified_gmt":"2023-01-11T21:52:46","slug":"recife","status":"publish","type":"product","link":"https:\/\/firstclasstravel.com.br\/?product=recife","title":{"rendered":"RECIFE"},"content":{"rendered":"<p aria-level=\"4\"><b><span data-contrast=\"none\">RECIFE 8 DIAS E 7 NOITES<\/span><\/b><span data-ccp-props=\"{&quot;201341983&quot;:0,&quot;335559738&quot;:40,&quot;335559739&quot;:0,&quot;335559740&quot;:259}\">\u00a0<\/span><\/p>\n<p><span data-contrast=\"none\">Recife, cortada pelos rios Capibaribe e Beberibe, conhecida como a Veneza Brasileira. N\u00e3o pode deixar de passar pelo Marco Zero, Parque 13 de Maio, Pal\u00e1cio do Governo, Teatro Santa Isabel, Casa da Cultura e orla mar\u00edtima da famosa praia de Boa Viagem. Visita Obrigat\u00f3ria \u00e1 Embaixada dos Bonecos Gigantes. Vale a pena dar uma esticadinha em Olinda, considerada Patrim\u00f4nio Natural e Cultural da Humanidade pela UNESCO. Durante o passeio, voc\u00ea passar\u00e1 pelas belas praias e visitar\u00e1 o Alto da S\u00e9, com seus monumentos hist\u00f3ricos (museus e igrejas), que datam do s\u00e9culo XVI e XVII. Os valores est\u00e3o calculados com a\u00e9reo regular est\u00e3o sujeito altera\u00e7\u00e3o e disponibilidade online, consulte op\u00e7\u00e3o de bagagens. No caso de Bloqueios A\u00e9reos a bagagem poder\u00e1 j\u00e1 est\u00e1 inclu\u00edda ou n\u00e3o de acordo com a tarifa a\u00e9rea escolhida na hora da reserva.<\/span><span data-ccp-props=\"{&quot;201341983&quot;:0,&quot;335559739&quot;:160,&quot;335559740&quot;:259}\">\u00a0<\/span><\/p>\n<p><b><span data-contrast=\"none\">Servi\u00e7os Inclu\u00eddos:<\/span><\/b><span data-ccp-props=\"{&quot;201341983&quot;:0,&quot;335551550&quot;:1,&quot;335551620&quot;:1,&quot;335559739&quot;:160,&quot;335559740&quot;:259}\">\u00a0<\/span><\/p>\n<p><span data-contrast=\"none\">Traslado Aeroporto Recife \/ Hot\u00e9is em Boa Viagem ou Piedade \/ Aeroporto Recife + City Tour Recife e Olinda (Passeio Realizado de Segunda \u00e0 S\u00e1bado) &#8211; REGULAR &#8211; Regular<\/span><span data-ccp-props=\"{&quot;201341983&quot;:0,&quot;335551550&quot;:1,&quot;335551620&quot;:1,&quot;335559739&quot;:160,&quot;335559740&quot;:259}\">\u00a0<\/span><\/p>\n<p>&nbsp;<\/p>\n<p><b><span data-contrast=\"none\">1 \u00ba Day &#8211; Recife<\/span><\/b><span data-ccp-props=\"{&quot;134233118&quot;:false,&quot;201341983&quot;:0,&quot;335551550&quot;:1,&quot;335551620&quot;:1,&quot;335559739&quot;:0,&quot;335559740&quot;:259}\">\u00a0<\/span><\/p>\n<p><span data-contrast=\"none\">*Chegada ao Aeroporto Internacional do Recife\/Guararapes &#8211; Gilberto Freyre, Guias locais uniformizados estar\u00e3o aguardando no desembarque. Transporte at\u00e9 o hotel escolhido<\/span><span data-ccp-props=\"{&quot;134233118&quot;:false,&quot;201341983&quot;:0,&quot;335551550&quot;:1,&quot;335551620&quot;:1,&quot;335559739&quot;:0,&quot;335559740&quot;:259}\">\u00a0<\/span><\/p>\n<p><b><span data-contrast=\"none\">2 \u00ba Day &#8211; Recife<\/span><\/b><span data-ccp-props=\"{&quot;134233118&quot;:false,&quot;201341983&quot;:0,&quot;335551550&quot;:1,&quot;335551620&quot;:1,&quot;335559739&quot;:0,&quot;335559740&quot;:259}\">\u00a0<\/span><\/p>\n<p><span data-contrast=\"none\">*City Tour Recife e Olinda Neste passeio, voc\u00ea ter\u00e1, de uma s\u00f3 vez, o melhor do Recife e de Olinda. No come\u00e7o, passeio panor\u00e2mico pela orla de Boa Viagem, uma das praias urbanas mais famosas do Brasil. Em seguida, parada no Espa\u00e7o Catamaran, onde voc\u00ea poder\u00e1 fazer um bel\u00edssimo passeio de catamaran* pela nossa Veneza Brasileira. Durante o tour aqu\u00e1tico, os visitantes poder\u00e3o apreciar belas paisagens da cidade das \u00e1guas, come\u00e7ando pela bacia do Pina, passando ao largo da Muralha do Porto, foz do Rio Capibaribe, Bacia Portu\u00e1ria, Parque das Esculturas de Francisco Brennand, tendo seu final no ponto zero de nossa cidade, a Pra\u00e7a do Marco Zero. Dura\u00e7\u00e3o aproximada de 30 minutos. *Passeio de catamaran opcional. Os passageiros que n\u00e3o adquirirem o passeio seguir\u00e3o para o Marco Zero no ve\u00edculo. Do Marco Zero, seguiremos a p\u00e9 pela Rua do Bom Jesus (antiga Rua dos Judeus), onde est\u00e3o localizadas a Sinagoga Kahal Zur Israel e a Embaixada dos Bonecos Gigantes de Olinda (ingressos n\u00e3o inclusos), al\u00e9m do Museu a C\u00e9u Aberto. Em continua\u00e7\u00e3o, tour panor\u00e2mico pelo Recife, incluindo as tr\u00eas ilhas (Recife, Santo Ant\u00f4nio e Boa Vista), a Ponte Maur\u00edcio de Nassau e a Pra\u00e7a da Rep\u00fablica (onde se encontram o Pal\u00e1cio do Governo, o Teatro de Santa Isabel e o Pal\u00e1cio da Justi\u00e7a). Em Olinda, num passeio a p\u00e9, visitaremos o Alto da S\u00e9, com as Igrejas da S\u00e9 e da Miseric\u00f3rdia, de onde se descortina a mais bela vista das cidades do Recife e de Olinda, que \u00e9 considerada Patrim\u00f4nio Natural e Cultural da Humanidade pela Unesco. Passeio de Toyota no S\u00edtio Hist\u00f3rico de Olinda opcional.<\/span><span data-ccp-props=\"{&quot;134233118&quot;:false,&quot;201341983&quot;:0,&quot;335551550&quot;:1,&quot;335551620&quot;:1,&quot;335559739&quot;:0,&quot;335559740&quot;:259}\">\u00a0<\/span><\/p>\n<p><b><span data-contrast=\"none\">3 \u00ba Day &#8211; Recife<\/span><\/b><span data-ccp-props=\"{&quot;134233118&quot;:false,&quot;201341983&quot;:0,&quot;335551550&quot;:1,&quot;335551620&quot;:1,&quot;335559739&quot;:0,&quot;335559740&quot;:259}\">\u00a0<\/span><\/p>\n<p><span data-contrast=\"none\">Dia Livre para aproveitar a praia e as facilidades do hotel. Se preferir consulte um dos passeios opcionais abaixo<\/span><span data-ccp-props=\"{&quot;134233117&quot;:false,&quot;134233118&quot;:false,&quot;201341983&quot;:0,&quot;335551550&quot;:1,&quot;335551620&quot;:1,&quot;335559685&quot;:0,&quot;335559737&quot;:0,&quot;335559738&quot;:0,&quot;335559739&quot;:0,&quot;335559740&quot;:259}\">\u00a0<\/span><\/p>\n<p><b><span data-contrast=\"none\">4 \u00ba Day &#8211; Recife<\/span><\/b><span data-ccp-props=\"{&quot;201341983&quot;:0,&quot;335551550&quot;:1,&quot;335551620&quot;:1,&quot;335559739&quot;:160,&quot;335559740&quot;:259}\">\u00a0<\/span><\/p>\n<p><span data-contrast=\"none\">Dia Livre para aproveitar a praia e as facilidades do hotel. Se preferir consulte um dos passeios opcionais abaixo<\/span><span data-ccp-props=\"{&quot;134233117&quot;:false,&quot;134233118&quot;:false,&quot;201341983&quot;:0,&quot;335551550&quot;:1,&quot;335551620&quot;:1,&quot;335559685&quot;:0,&quot;335559737&quot;:0,&quot;335559738&quot;:0,&quot;335559739&quot;:0,&quot;335559740&quot;:259}\">\u00a0<\/span><\/p>\n<p><b><span data-contrast=\"none\">5 \u00ba Day &#8211; Recife<\/span><\/b><span data-ccp-props=\"{&quot;201341983&quot;:0,&quot;335551550&quot;:1,&quot;335551620&quot;:1,&quot;335559739&quot;:160,&quot;335559740&quot;:259}\">\u00a0<\/span><\/p>\n<p><span data-contrast=\"none\">Dia Livre para aproveitar a praia e as facilidades do hotel. Se preferir consulte um dos passeios opcionais abaixo<\/span><span data-ccp-props=\"{&quot;134233117&quot;:false,&quot;134233118&quot;:false,&quot;201341983&quot;:0,&quot;335551550&quot;:1,&quot;335551620&quot;:1,&quot;335559685&quot;:0,&quot;335559737&quot;:0,&quot;335559738&quot;:0,&quot;335559739&quot;:0,&quot;335559740&quot;:259}\">\u00a0<\/span><\/p>\n<p><b><span data-contrast=\"none\">6 \u00ba Day \u2013 Recife<\/span><\/b><span data-ccp-props=\"{&quot;201341983&quot;:0,&quot;335551550&quot;:1,&quot;335551620&quot;:1,&quot;335559739&quot;:160,&quot;335559740&quot;:259}\">\u00a0<\/span><\/p>\n<p><span data-contrast=\"none\">Dia Livre para aproveitar a praia e as facilidades do hotel. Se preferir consulte um dos passeios opcionais abaix<\/span><span data-ccp-props=\"{&quot;201341983&quot;:0,&quot;335551550&quot;:1,&quot;335551620&quot;:1,&quot;335559739&quot;:160,&quot;335559740&quot;:259}\">\u00a0<\/span><\/p>\n<p><b><span data-contrast=\"none\">7 \u00ba Day \u2013 Recife<\/span><\/b><span data-ccp-props=\"{&quot;201341983&quot;:0,&quot;335551550&quot;:1,&quot;335551620&quot;:1,&quot;335559739&quot;:160,&quot;335559740&quot;:259}\">\u00a0<\/span><\/p>\n<p><span data-contrast=\"auto\">Dia Livre para aproveitar a praia e as facilidades do hotel. Se preferir consulte um dos passeios opcionais abaixo<\/span><span data-ccp-props=\"{&quot;201341983&quot;:0,&quot;335551550&quot;:1,&quot;335551620&quot;:1,&quot;335559739&quot;:160,&quot;335559740&quot;:259}\">\u00a0<\/span><\/p>\n<p><b><span data-contrast=\"none\">8 \u00ba Day &#8211; Recife<\/span><\/b><span data-ccp-props=\"{&quot;201341983&quot;:0,&quot;335551550&quot;:1,&quot;335551620&quot;:1,&quot;335559739&quot;:160,&quot;335559740&quot;:259}\">\u00a0<\/span><\/p>\n<p><span data-contrast=\"none\">*Traslado para o Aeroporto Internacional do Recife\/Guararapes &#8211; Gilberto Freyre, em hor\u00e1rio estipulado pelo receptivo local e embarque para a cidade de origem<\/span><span data-ccp-props=\"{&quot;201341983&quot;:0,&quot;335551550&quot;:1,&quot;335551620&quot;:1,&quot;335559739&quot;:160,&quot;335559740&quot;:259}\">\u00a0<\/span><\/p>\n<p><b><span data-contrast=\"none\">Passeio para Maragogi<\/span><\/b><b><span data-contrast=\"none\">\u00a0<\/span><\/b><span data-ccp-props=\"{&quot;134233118&quot;:false,&quot;201341983&quot;:0,&quot;335551550&quot;:1,&quot;335551620&quot;:1,&quot;335559739&quot;:0,&quot;335559740&quot;:259}\">\u00a0<\/span><\/p>\n<p><span data-contrast=\"none\">Munic\u00edpio aben\u00e7oado pela exuberante beleza de suas praias. Localizado no extremo norte da Costa Dourada do Estado de Alagoas, com incr\u00edvel ecossistema formando aqu\u00e1rios naturais em meio a recifes de corais. Local tentadoramente apropriado para os amantes da pr\u00e1tica de Snorkel e Scuba Dive, pois suas \u00e1guas cristalinas facilitam a visibilidade. Passeio Opcional de barco at\u00e9 as piscinas naturais a depender da mar\u00e9. Na Praia o local possui ampla estrutura com todos os servi\u00e7os de Restaurante e Bar.<\/span><span data-ccp-props=\"{&quot;134233118&quot;:false,&quot;201341983&quot;:0,&quot;335551550&quot;:1,&quot;335551620&quot;:1,&quot;335559739&quot;:0,&quot;335559740&quot;:259}\">\u00a0<\/span><\/p>\n<p><b><span data-contrast=\"none\">Passeio a Jo\u00e3o Pessoa\u00a0<\/span><\/b><span data-ccp-props=\"{&quot;134233118&quot;:false,&quot;201341983&quot;:0,&quot;335551550&quot;:1,&quot;335551620&quot;:1,&quot;335559739&quot;:0,&quot;335559740&quot;:259}\">\u00a0<\/span><\/p>\n<p><span data-contrast=\"none\">Nosso passeio visitara a capital paraibana. Distante 115 km ao norte de Recife.\u00a0<\/span><span data-ccp-props=\"{&quot;134233118&quot;:false,&quot;201341983&quot;:0,&quot;335551550&quot;:1,&quot;335551620&quot;:1,&quot;335559739&quot;:0,&quot;335559740&quot;:259}\">\u00a0<\/span><\/p>\n<p><span data-contrast=\"none\">N\u00e3o deixe de programar este agrad\u00e1vel tour panor\u00e2mico, que o levar\u00e1 ao centro de Jo\u00e3o Pessoa, ao Parque Solon de Lucena com sua famosa lagoa, \u00e0 Praia de Tamba\u00fa, ao Cabo Branco e \u00e0 Ponta do Seixas, ponto extremo oriental das Am\u00e9ricas e o centro de artesanato. Voc\u00ea tamb\u00e9m ir\u00e1 apreciar o entardecer na Praia do Jacar\u00e9 ao som do Bolero de Ravel.<\/span><span data-ccp-props=\"{&quot;134233118&quot;:false,&quot;201341983&quot;:0,&quot;335551550&quot;:1,&quot;335551620&quot;:1,&quot;335559739&quot;:0,&quot;335559740&quot;:259}\">\u00a0<\/span><\/p>\n<p><b><span data-contrast=\"none\">Praia dos Carneiros<\/span><\/b><span data-ccp-props=\"{&quot;134233117&quot;:false,&quot;134233118&quot;:false,&quot;201341983&quot;:0,&quot;335551550&quot;:1,&quot;335551620&quot;:1,&quot;335559685&quot;:0,&quot;335559737&quot;:0,&quot;335559738&quot;:0,&quot;335559739&quot;:0,&quot;335559740&quot;:259}\">\u00a0<\/span><\/p>\n<p><span data-contrast=\"none\">A Praia dos Carneiros \u00e9 uma das preferidas para esportes n\u00e1uticos entre os pernambucanos. O mar \u00e9 calmo, com caracter\u00edsticas ideais para um bom mergulho: \u00e1guas claras, pouca profundidade e muito espa\u00e7o para se divertir e tomar sol em suas areias. Os coqueirais fazem de Carneiros um belo exemplar de praia nordestina. Fica a cerca de 90 km ao sul do Recife. Prepare-se para conhecer um litoral entrecortado de coqueiros e areias brancas onde o homem quase n\u00e3o se faz presente. Voc\u00ea ficar\u00e1 encantado com a natureza rudimentar, exuberante e selvagem. S\u00e3o praias ex\u00f3ticas, inexploradas e semi-desertas.<\/span><span data-ccp-props=\"{&quot;134233118&quot;:false,&quot;201341983&quot;:0,&quot;335551550&quot;:1,&quot;335551620&quot;:1,&quot;335559739&quot;:0,&quot;335559740&quot;:259}\">\u00a0<\/span><\/p>\n<p><b><span data-contrast=\"none\">Porto de Galinhas<\/span><\/b><span data-ccp-props=\"{&quot;134233118&quot;:false,&quot;201341983&quot;:0,&quot;335551550&quot;:1,&quot;335551620&quot;:1,&quot;335559739&quot;:0,&quot;335559740&quot;:259}\">\u00a0<\/span><\/p>\n<p><span data-contrast=\"none\">Com \u00e1guas cristalinas, de um azul cintilante, onde se v\u00eaem pequenos peixes coloridos e muitas outras esp\u00e9cies marinhas, e imensos coqueirais, \u00e0 Praia de Porto de Galinhas se confere o conceito ideal de vida e de beleza natural estonteante, onde se pode usufruir a mais almejada tranq\u00fcilidade, inerente \u00e0s aut\u00eanticas col\u00f4nias de pescadores. No s\u00e9culo XIX, foi um porto para desembarque clandestino de escravos e hoje \u00e9 considerada uma das mais belas praias do Brasil. Passeios opcionais de jangada pelas piscinas naturais (sujeito \u00e0 mar\u00e9 baixa) e de buggy \u00e0s praias do Pontal de Maraca\u00edpe e de Muro Alto.<\/span><span data-ccp-props=\"{&quot;134233118&quot;:false,&quot;201341983&quot;:0,&quot;335551550&quot;:1,&quot;335551620&quot;:1,&quot;335559739&quot;:0,&quot;335559740&quot;:259}\">\u00a0<\/span><\/p>\n<p><b><span data-contrast=\"none\">Cabo de Santo Agostinho<\/span><\/b><span data-ccp-props=\"{&quot;134233118&quot;:false,&quot;201341983&quot;:0,&quot;335551550&quot;:1,&quot;335551620&quot;:1,&quot;335559739&quot;:0,&quot;335559740&quot;:259}\">\u00a0<\/span><\/p>\n<p><span data-contrast=\"none\">Passeio Praias do Cabo de Santo Agostinho Localizadas no litoral sul, s\u00e3o, com certeza, algumas das maravilhas do litoral pernambucano. Ficaram conhecidas por suas belezas naturais, \u00e1guas mornas e cristalinas. No passado, foram ref\u00fagio de aventureiros que buscavam tranquilidade na pequena vila de pescadores. Passeio de buggy pelas praias da regi\u00e3o (Cabo de Santo Agostinho e Calhetas) e passeio de catamar\u00e3 pelas praias de Para\u00edso e do Franc\u00eas e pelos manguezais.<\/span><span data-ccp-props=\"{&quot;134233118&quot;:false,&quot;201341983&quot;:0,&quot;335551550&quot;:1,&quot;335551620&quot;:1,&quot;335559739&quot;:0,&quot;335559740&quot;:259}\">\u00a0<\/span><\/p>\n<p><span data-ccp-props=\"{&quot;134233118&quot;:false,&quot;201341983&quot;:0,&quot;335551550&quot;:1,&quot;335551620&quot;:1,&quot;335559739&quot;:0,&quot;335559740&quot;:259}\">\u00a0<\/span><\/p>\n","protected":false},"excerpt":{"rendered":"<p aria-level=\"4\"><b><span data-contrast=\"none\">RECIFE 8 DIAS E 7 NOITES<\/span><\/b><span data-ccp-props=\"{&quot;201341983&quot;:0,&quot;335559738&quot;:40,&quot;335559739&quot;:0,&quot;335559740&quot;:259}\">\u00a0<\/span><\/p>\n<p><span data-contrast=\"none\">Recife, cortada pelos rios Capibaribe e Beberibe, conhecida como a Veneza Brasileira. N\u00e3o pode deixar de passar pelo Marco Zero, Parque 13 de Maio, Pal\u00e1cio do Governo, Teatro Santa Isabel, Casa da Cultura e orla mar\u00edtima da famosa praia de Boa Viagem. Visita Obrigat\u00f3ria \u00e1 Embaixada dos Bonecos Gigantes. Vale a pena dar uma esticadinha em Olinda, considerada Patrim\u00f4nio Natural e Cultural da Humanidade pela UNESCO. Durante o passeio, voc\u00ea passar\u00e1 pelas belas praias e visitar\u00e1 o Alto da S\u00e9, com seus monumentos hist\u00f3ricos (museus e igrejas), que datam do s\u00e9culo XVI e XVII. Os valores est\u00e3o calculados com a\u00e9reo regular est\u00e3o sujeito altera\u00e7\u00e3o e disponibilidade online, consulte op\u00e7\u00e3o de bagagens. No caso de Bloqueios A\u00e9reos a bagagem poder\u00e1 j\u00e1 est\u00e1 inclu\u00edda ou n\u00e3o de acordo com a tarifa a\u00e9rea escolhida na hora da reserva.<\/span><span data-ccp-props=\"{&quot;201341983&quot;:0,&quot;335559739&quot;:160,&quot;335559740&quot;:259}\">\u00a0<\/span><\/p>\n<p><b><span data-contrast=\"none\">Servi\u00e7os Inclu\u00eddos:<\/span><\/b><span data-ccp-props=\"{&quot;201341983&quot;:0,&quot;335551550&quot;:1,&quot;335551620&quot;:1,&quot;335559739&quot;:160,&quot;335559740&quot;:259}\">\u00a0<\/span><\/p>\n<p><span data-contrast=\"none\">Traslado Aeroporto Recife \/ Hot\u00e9is em Boa Viagem ou Piedade \/ Aeroporto Recife + City Tour Recife e Olinda (Passeio Realizado de Segunda \u00e0 S\u00e1bado) &#8211; REGULAR &#8211; Regular<\/span><span data-ccp-props=\"{&quot;201341983&quot;:0,&quot;335551550&quot;:1,&quot;335551620&quot;:1,&quot;335559739&quot;:160,&quot;335559740&quot;:259}\">\u00a0<\/span><\/p>\n","protected":false},"featured_media":191,"template":"","meta":{"om_disable_all_campaigns":false,"_mi_skip_tracking":false},"product_cat":[22],"product_tag":[],"_links":{"self":[{"href":"https:\/\/firstclasstravel.com.br\/index.php?rest_route=\/wp\/v2\/product\/190"}],"collection":[{"href":"https:\/\/firstclasstravel.com.br\/index.php?rest_route=\/wp\/v2\/product"}],"about":[{"href":"https:\/\/firstclasstravel.com.br\/index.php?rest_route=\/wp\/v2\/types\/product"}],"wp:featuredmedia":[{"embeddable":true,"href":"https:\/\/firstclasstravel.com.br\/index.php?rest_route=\/wp\/v2\/media\/191"}],"wp:attachment":[{"href":"https:\/\/firstclasstravel.com.br\/index.php?rest_route=%2Fwp%2Fv2%2Fmedia&parent=190"}],"wp:term":[{"taxonomy":"product_cat","embeddable":true,"href":"https:\/\/firstclasstravel.com.br\/index.php?rest_route=%2Fwp%2Fv2%2Fproduct_cat&post=190"},{"taxonomy":"product_tag","embeddable":true,"href":"https:\/\/firstclasstravel.com.br\/index.php?rest_route=%2Fwp%2Fv2%2Fproduct_tag&post=190"}],"curies":[{"name":"wp","href":"https:\/\/api.w.org\/{rel}","templated":true}]}}