{"id":186,"date":"2023-01-11T21:42:42","date_gmt":"2023-01-11T21:42:42","guid":{"rendered":"https:\/\/firstclasstravel.com.br\/?post_type=product&#038;p=186"},"modified":"2023-01-11T21:47:56","modified_gmt":"2023-01-11T21:47:56","slug":"praia-de-pipa","status":"publish","type":"product","link":"https:\/\/firstclasstravel.com.br\/?product=praia-de-pipa","title":{"rendered":"PRAIA DE PIPA"},"content":{"rendered":"<p aria-level=\"4\"><b><span data-contrast=\"none\">PRAIA DE PIPA 8 DIAS E 7 NOITES<\/span><\/b><span data-ccp-props=\"{&quot;201341983&quot;:0,&quot;335559738&quot;:40,&quot;335559739&quot;:0,&quot;335559740&quot;:259}\">\u00a0<\/span><\/p>\n<p aria-level=\"4\"><span data-contrast=\"none\">A Praia da Pipa \u00e9 um ref\u00fagio no Rio Grande do Norte, a 80km de Natal. Dif\u00edcil dizer o que \u00e9 mais bonito na regi\u00e3o; l\u00e1 voc\u00ea pode entrar em contato com a natureza, desfrutar de praias com um visual incr\u00edvel, observar as fal\u00e9sias junto ao mar ou aproveitar a \u00e1gua bel\u00edssima. O distrito de Pipa pertence a Tibau do Sul e hoje em dia \u00e9 uma regi\u00e3o bastante popular, n\u00e3o s\u00f3 no Brasil como tamb\u00e9m no exterior. A vila atende os desejos de todas as idades; h\u00e1 tanto tranquilidade quanto badala\u00e7\u00e3o. No in\u00edcio da noite, a rua de paralelep\u00edpedos fica cheia e os carros disputam lugar com os turistas. Os valores est\u00e3o calculados com a\u00e9reo regular est\u00e3o sujeito altera\u00e7\u00e3o e disponibilidade online, consulte op\u00e7\u00e3o de bagagens. No caso de Bloqueios A\u00e9reos a bagagem poder\u00e1 j\u00e1 est\u00e1 inclu\u00edda ou n\u00e3o de acordo com a tarifa a\u00e9rea escolhida na hora da reserva.<\/span><span data-ccp-props=\"{&quot;201341983&quot;:0,&quot;335559738&quot;:40,&quot;335559739&quot;:0,&quot;335559740&quot;:259}\">\u00a0<\/span><\/p>\n<p aria-level=\"4\">\n<b><span data-contrast=\"none\">Servi\u00e7os Inclu\u00eddos: <\/span><\/b><br \/>\n<span data-contrast=\"none\">Traslado Aeroporto Natal \/ Hot\u00e9is em Pipa \/ Aeroporto Natal &#8211; Regular<\/span><\/p>\n<p><span data-contrast=\"none\">Permitido 1 (uma) mala por pessoa<\/span><span data-ccp-props=\"{&quot;201341983&quot;:0,&quot;335551550&quot;:1,&quot;335551620&quot;:1,&quot;335559739&quot;:160,&quot;335559740&quot;:259}\">\u00a0<\/span><\/p>\n<p><span data-contrast=\"none\">idioma do motorista: Portugu\u00eas<\/span><span data-ccp-props=\"{&quot;201341983&quot;:0,&quot;335551550&quot;:1,&quot;335551620&quot;:1,&quot;335559739&quot;:160,&quot;335559740&quot;:259}\">\u00a0<\/span><\/p>\n<p><b><span data-contrast=\"none\">1 \u00ba Day &#8211; Chegada em Natal<\/span><\/b><span data-ccp-props=\"{&quot;201341983&quot;:0,&quot;335551550&quot;:1,&quot;335551620&quot;:1,&quot;335559739&quot;:160,&quot;335559740&quot;:259}\">\u00a0<\/span><\/p>\n<p><span data-contrast=\"none\">*Chegada ao Aeroporto Internacional Governador Alu\u00edzio Alves. Guias locais aguardar\u00e3o para total suporte no desembarque. Traslado at\u00e9 o hotel escolhido na Praia de Pipa.<\/span><span data-ccp-props=\"{&quot;201341983&quot;:0,&quot;335551550&quot;:1,&quot;335551620&quot;:1,&quot;335559739&quot;:160,&quot;335559740&quot;:259}\">\u00a0<\/span><\/p>\n<p><b><span data-contrast=\"none\">2 \u00ba Day &#8211; Pipa<\/span><\/b><span data-ccp-props=\"{&quot;201341983&quot;:0,&quot;335551550&quot;:1,&quot;335551620&quot;:1,&quot;335559739&quot;:160,&quot;335559740&quot;:259}\">\u00a0<\/span><\/p>\n<p><span data-contrast=\"none\">*Sugerimos passeio nas Praias de Pipa (Passeio Opcional n\u00e3o incluso). Considerada uma das dez mais bonitas do Brasil, \u00e9 um local de caracter\u00edsticas ecol\u00f3gicas de fal\u00e9sias, onde parte da Mata Atl\u00e2ntica que ainda cobre nosso litoral est\u00e1 preservada. Localizada a pouco mais de 85 quil\u00f4metros de Natal, dunas, coqueiros, reserva ecol\u00f3gica, e o mar formam um belo cen\u00e1rio e suas belezas colocam o homem em contato direto com a natureza.<\/span><span data-ccp-props=\"{&quot;201341983&quot;:0,&quot;335551550&quot;:1,&quot;335551620&quot;:1,&quot;335559739&quot;:160,&quot;335559740&quot;:259}\">\u00a0<\/span><\/p>\n<p><b><span data-contrast=\"none\">3 \u00ba Day &#8211; Pipa e Natal<\/span><\/b><span data-ccp-props=\"{&quot;201341983&quot;:0,&quot;335551550&quot;:1,&quot;335551620&quot;:1,&quot;335559739&quot;:160,&quot;335559740&quot;:259}\">\u00a0<\/span><\/p>\n<p><span data-contrast=\"none\">*Sugerimos passeio Opcional (n\u00e3o incluso) ao maior Cajueiro do Mundo localizado na Praia de Pirangi, a \u00e1rvore cobre uma \u00e1rea de aproximadamente 8 500 m\u00b2, com um per\u00edmetro de aproximadamente 500 m e produz cerca de 70 a 80 mil cajus na safra, o equivalente a 2,5 toneladas. E seu tamanho \u00e9 o equivalente a 70 cajueiros. O cajueiro teria sido plantado em 1888 por um pescador chamado Lu\u00eds In\u00e1cio de Oliveira; o pescador morreu, com 93 anos de idade, sob as sombras do cajueiro.<\/span><span data-ccp-props=\"{&quot;201341983&quot;:0,&quot;335551550&quot;:1,&quot;335551620&quot;:1,&quot;335559739&quot;:160,&quot;335559740&quot;:259}\">\u00a0<\/span><\/p>\n<p><b><span data-contrast=\"none\">4 \u00ba Day &#8211; Pipa<\/span><\/b><span data-ccp-props=\"{&quot;201341983&quot;:0,&quot;335551550&quot;:1,&quot;335551620&quot;:1,&quot;335559739&quot;:160,&quot;335559740&quot;:259}\">\u00a0<\/span><\/p>\n<p><span data-contrast=\"none\">*Sugerimos como passeio opcional (n\u00e3o incluso) conhecer a Praia de Galinhos. Praia semi-selvagem distante 170 quil\u00f4metros de Natal encravada na Costa Branca nome dado ao litoral norte do Estado, com cerca de dois mil moradores, a vila de Galinhos est\u00e1 situada em uma pequena pen\u00ednsula. Manguezais, dunas, salinas e campos de petr\u00f3leo comp\u00f5em as paisagens que encantam os turistas que come\u00e7am a descobrir esta vila de pescadores.<\/span><span data-ccp-props=\"{&quot;201341983&quot;:0,&quot;335551550&quot;:1,&quot;335551620&quot;:1,&quot;335559739&quot;:160,&quot;335559740&quot;:259}\">\u00a0<\/span><\/p>\n<p><b><span data-contrast=\"none\">5 \u00ba Day &#8211; Pipa<\/span><\/b><span data-ccp-props=\"{&quot;201341983&quot;:0,&quot;335551550&quot;:1,&quot;335551620&quot;:1,&quot;335559739&quot;:160,&quot;335559740&quot;:259}\">\u00a0<\/span><\/p>\n<p><span data-contrast=\"none\">*Sugerimos como passeio opcional (N\u00e3o incluso) conhecer Praia de Maracaja\u00fa. Localizada a 70 quil\u00f4metros de Natal, encontra-se toda a emo\u00e7\u00e3o e beleza natural de uma praia ainda intocada pela urbaniza\u00e7\u00e3o. Conhecida como o Caribe brasileiro , o mergulho nos Parrachos, forma\u00e7\u00e3o de arrecifes de 15 km e m\u00e9dia de 03 metros de profundidade, existente a 07 quil\u00f4metros da praia, \u00e9 a grande atra\u00e7\u00e3o, onde \u201cflutuantes\u201d comp\u00f5em a infra-estrutura do passeio e s\u00e3o incentivo suficiente at\u00e9 mesmo para aqueles que n\u00e3o tenham qualquer experi\u00eancia nesta atividade.<\/span><span data-ccp-props=\"{&quot;201341983&quot;:0,&quot;335551550&quot;:1,&quot;335551620&quot;:1,&quot;335559739&quot;:160,&quot;335559740&quot;:259}\">\u00a0<\/span><\/p>\n<p><b><span data-contrast=\"none\">6 \u00ba Day &#8211; Pipa<\/span><\/b><span data-ccp-props=\"{&quot;201341983&quot;:0,&quot;335551550&quot;:1,&quot;335551620&quot;:1,&quot;335559739&quot;:160,&quot;335559740&quot;:259}\">\u00a0<\/span><\/p>\n<p><span data-contrast=\"none\">*Dia livre. Diversos passeios opcionais cheios de Mirantes cinematogr\u00e1ficos, o melhor mirante de Pipa \u00e9 o Chapad\u00e3o, com vista para a Praia do Amor e Praia das Minas. O visual \u00e9 incr\u00edvel e tamb\u00e9m rola uma escadinha para voc\u00ea descer, caso n\u00e3o d\u00ea para resistir aos encantos do mar. O acesso \u00e9 f\u00e1cil por carro ou pela pr\u00f3pria praia.<\/span><span data-ccp-props=\"{&quot;201341983&quot;:0,&quot;335551550&quot;:1,&quot;335551620&quot;:1,&quot;335559739&quot;:160,&quot;335559740&quot;:259}\">\u00a0<\/span><\/p>\n<p><b><span data-contrast=\"none\">7 \u00ba Day &#8211; Pipa<\/span><\/b><span data-ccp-props=\"{&quot;201341983&quot;:0,&quot;335551550&quot;:1,&quot;335551620&quot;:1,&quot;335559739&quot;:160,&quot;335559740&quot;:259}\">\u00a0<\/span><\/p>\n<p><span data-contrast=\"none\">*Sugerimos Passeio Opcional(n\u00e3o incluso) de Barco na Lagoa Guara\u00edras: as \u00e1guas tranquilas da Lagoa de Guara\u00edras com toda sua natureza exuberante, a bordo de um barco t\u00edpico de pescadores adaptado para oferecer charme e conforto. Nesta excurs\u00e3o h\u00e1 a possibilidade de ver os golfinhos de perto e conhecer um pouco da hist\u00f3ria e ecossistema deste lugar. Tamb\u00e9m conheceremos a cidade de Georgino Avelino, onde entenderemos com um pescador nativo como acontece a pesca da ostra e faremos uma parada para banho. Nossa despedida se dar\u00e1 apreciando o famoso entardecer de Pipa.<\/span><span data-ccp-props=\"{&quot;201341983&quot;:0,&quot;335551550&quot;:1,&quot;335551620&quot;:1,&quot;335559739&quot;:160,&quot;335559740&quot;:259}\">\u00a0<\/span><\/p>\n<p><b><span data-contrast=\"none\">8 \u00ba Day &#8211; Pipa para Natal<\/span><\/b><span data-ccp-props=\"{&quot;201341983&quot;:0,&quot;335551550&quot;:1,&quot;335551620&quot;:1,&quot;335559739&quot;:160,&quot;335559740&quot;:259}\">\u00a0<\/span><\/p>\n<p><span data-contrast=\"none\">*Traslado para o Aeroporto Internacional de Natal &#8211; Governador Alu\u00edzio Alves ,em hor\u00e1rio estipulado pelo receptivo local e embarque para a cidade de origem.<\/span><span data-ccp-props=\"{&quot;201341983&quot;:0,&quot;335551550&quot;:1,&quot;335551620&quot;:1,&quot;335559739&quot;:160,&quot;335559740&quot;:259}\">\u00a0<\/span><\/p>\n<p>&nbsp;<\/p>\n","protected":false},"excerpt":{"rendered":"<p aria-level=\"4\"><b><span data-contrast=\"none\">PRAIA DE PIPA 8 DIAS E 7 NOITES<\/span><\/b><span data-ccp-props=\"{&quot;201341983&quot;:0,&quot;335559738&quot;:40,&quot;335559739&quot;:0,&quot;335559740&quot;:259}\">\u00a0<\/span><\/p>\n<p aria-level=\"4\"><span data-contrast=\"none\">A Praia da Pipa \u00e9 um ref\u00fagio no Rio Grande do Norte, a 80km de Natal. Dif\u00edcil dizer o que \u00e9 mais bonito na regi\u00e3o; l\u00e1 voc\u00ea pode entrar em contato com a natureza, desfrutar de praias com um visual incr\u00edvel, observar as fal\u00e9sias junto ao mar ou aproveitar a \u00e1gua bel\u00edssima. O distrito de Pipa pertence a Tibau do Sul e hoje em dia \u00e9 uma regi\u00e3o bastante popular, n\u00e3o s\u00f3 no Brasil como tamb\u00e9m no exterior. A vila atende os desejos de todas as idades; h\u00e1 tanto tranquilidade quanto badala\u00e7\u00e3o. No in\u00edcio da noite, a rua de paralelep\u00edpedos fica cheia e os carros disputam lugar com os turistas. Os valores est\u00e3o calculados com a\u00e9reo regular est\u00e3o sujeito altera\u00e7\u00e3o e disponibilidade online, consulte op\u00e7\u00e3o de bagagens. No caso de Bloqueios A\u00e9reos a bagagem poder\u00e1 j\u00e1 est\u00e1 inclu\u00edda ou n\u00e3o de acordo com a tarifa a\u00e9rea escolhida na hora da reserva.<\/span><span data-ccp-props=\"{&quot;201341983&quot;:0,&quot;335559738&quot;:40,&quot;335559739&quot;:0,&quot;335559740&quot;:259}\">\u00a0<\/span><\/p>\n<p aria-level=\"4\"><b><span data-contrast=\"none\">Servi\u00e7os Inclu\u00eddos: <\/span><\/b><br \/>\n<span data-contrast=\"none\">Traslado Aeroporto Natal \/ Hot\u00e9is em Pipa \/ Aeroporto Natal &#8211; Regular<\/span><\/p>\n<p><span data-contrast=\"none\">Permitido 1 (uma) mala por pessoa<\/span><span data-ccp-props=\"{&quot;201341983&quot;:0,&quot;335551550&quot;:1,&quot;335551620&quot;:1,&quot;335559739&quot;:160,&quot;335559740&quot;:259}\">\u00a0<\/span><\/p>\n<p><span data-contrast=\"none\">idioma do motorista: Portugu\u00eas<\/span><span data-ccp-props=\"{&quot;201341983&quot;:0,&quot;335551550&quot;:1,&quot;335551620&quot;:1,&quot;335559739&quot;:160,&quot;335559740&quot;:259}\">\u00a0<\/span><\/p>\n","protected":false},"featured_media":187,"template":"","meta":{"om_disable_all_campaigns":false,"_mi_skip_tracking":false},"product_cat":[22],"product_tag":[],"_links":{"self":[{"href":"https:\/\/firstclasstravel.com.br\/index.php?rest_route=\/wp\/v2\/product\/186"}],"collection":[{"href":"https:\/\/firstclasstravel.com.br\/index.php?rest_route=\/wp\/v2\/product"}],"about":[{"href":"https:\/\/firstclasstravel.com.br\/index.php?rest_route=\/wp\/v2\/types\/product"}],"wp:featuredmedia":[{"embeddable":true,"href":"https:\/\/firstclasstravel.com.br\/index.php?rest_route=\/wp\/v2\/media\/187"}],"wp:attachment":[{"href":"https:\/\/firstclasstravel.com.br\/index.php?rest_route=%2Fwp%2Fv2%2Fmedia&parent=186"}],"wp:term":[{"taxonomy":"product_cat","embeddable":true,"href":"https:\/\/firstclasstravel.com.br\/index.php?rest_route=%2Fwp%2Fv2%2Fproduct_cat&post=186"},{"taxonomy":"product_tag","embeddable":true,"href":"https:\/\/firstclasstravel.com.br\/index.php?rest_route=%2Fwp%2Fv2%2Fproduct_tag&post=186"}],"curies":[{"name":"wp","href":"https:\/\/api.w.org\/{rel}","templated":true}]}}