{"id":182,"date":"2023-01-11T21:30:23","date_gmt":"2023-01-11T21:30:23","guid":{"rendered":"https:\/\/firstclasstravel.com.br\/?post_type=product&#038;p=182"},"modified":"2023-01-11T21:42:26","modified_gmt":"2023-01-11T21:42:26","slug":"natal","status":"publish","type":"product","link":"https:\/\/firstclasstravel.com.br\/?product=natal","title":{"rendered":"NATAL"},"content":{"rendered":"<p aria-level=\"4\"><b><span data-contrast=\"none\">NATAL 8 DIAS E 7 NOITES<\/span><\/b><span data-ccp-props=\"{&quot;201341983&quot;:0,&quot;335551550&quot;:6,&quot;335551620&quot;:6,&quot;335559738&quot;:40,&quot;335559739&quot;:0,&quot;335559740&quot;:259}\">\u00a0<\/span><\/p>\n<p aria-level=\"4\"><span data-contrast=\"none\">Aqui, o sol brilha cerca de 300 dias por ano, Natal fica em um ponto estrat\u00e9gico do nosso continente, cercada pelas mais variadas belezas naturais e por um ventinho constante. Ela \u00e9 digna do t\u00edtulo de \u201ccidade grande\u201d, mas tem aquele clima aconchegante de uma pequena capital, que cresce e muda constantemente. Natal \u00e9 aquele destino em que parece ver\u00e3o o ano todo. \u00c9 uma cidade com um visual bem diverso, em que as dunas fazem parte do cen\u00e1rio urbano e a natureza se harmoniza com as necessidades dos moradores. No meio da cidade, est\u00e1 preservado o Parque de Dunas, segunda maior \u00e1rea florestal urbana no pa\u00eds, com lindas dunas, mata e um belo visual para o mar. Os valores est\u00e3o calculados com a\u00e9reo regular est\u00e3o sujeito altera\u00e7\u00e3o e disponibilidade online, consulte op\u00e7\u00e3o de bagagens. No caso de Bloqueios A\u00e9reos a bagagem poder\u00e1 estar est\u00e1 inclu\u00edda ou n\u00e3o de acordo com a reserva da cia a\u00e9rea.<\/span><span data-ccp-props=\"{&quot;201341983&quot;:0,&quot;335559738&quot;:40,&quot;335559739&quot;:0,&quot;335559740&quot;:259}\">\u00a0<\/span><\/p>\n<p><b><span data-contrast=\"none\">Servi\u00e7os Inclu\u00eddos:<\/span><\/b><br \/>\n<span data-contrast=\"none\">Traslado Aeroporto Natal \/ Hotel em Natal \/ Aeroporto Natal + City Tour com Praia de Camurupim (Passeio Realizado Diariamente) Pacotes &#8211; Regular \u2013 Regular<\/span><\/p>\n<p><span data-contrast=\"none\">Idioma do motorista: portugu\u00eas<\/span><\/p>\n<p><span data-contrast=\"none\">CITY TOUR COM PRAIA DE CAMURUPIM (SAINDO DOS HOT\u00c9IS EM NATAL)<\/span><\/p>\n<p><span data-contrast=\"none\">Frequ\u00eancia:<\/span> <span data-contrast=\"none\">Passeio realizado diariamente<\/span><\/p>\n<p><span data-contrast=\"none\">Passando pelos principais pontos tur\u00edsticos de Natal, mostrando a Via Costeira, Praias Urbanas de Areia Preta, Praia dos Artistas, do Meio e do Forte, Fortaleza dos Reis Magos, Bairros de Santos Reis, Rocas e Ribeira, Centro da Cidade, conhecendo nosso Artesanato (durante o percurso), dentre outros atrativos tur\u00edsticos. Em seguida passa-se pela Av. Hermes da Fonseca, Sen. Salgado Filho, BR-101, Av. Engenheiro Roberto Freire, passando pela Praia de Ponta Negra. Rota do Sol, passando em frente ao Campo de Lan\u00e7amentos de Foguetes de Barreira do Inferno, distrito de Pium, Praia de Cotovelo, Pirangi do Norte, onde \u00e9 feita uma visita ao Maior Cajueiro do Mundo, Praia de Pirangi do Sul, B\u00fazios, Tabatinga at\u00e9 a Praia de Camurupim. Apraz\u00edvel praia do nosso litoral, onde o banho de mar e a descontra\u00e7\u00e3o do passeio proporcionam um agrad\u00e1vel dia de lazer aos visitantes, principalmente quando a mar\u00e9 est\u00e1 cheia pois o banho de mar \u00e9 delicioso. Nosso retorno se dar\u00e1 no final da tarde aos hot\u00e9is. Este roteiro poder\u00e1 sofrer altera\u00e7\u00f5es na sequ\u00eancia, em fun\u00e7\u00e3o de adapta\u00e7\u00f5es clim\u00e1ticas para melhor aproveitamento do passeio, por\u00e9m o percurso ser\u00e1 o mesmo.<\/span><\/p>\n<p><span data-contrast=\"none\">Inclui: Transporte de ida e volta para o hotel e guia local falando portugu\u00eas.<\/span><br \/>\n<span data-contrast=\"none\">N\u00e3o inclu\u00ed: Refei\u00e7\u00f5es de qualquer natureza, sobremesas, sucos, refrigerantes ou bebidas, Ingresso da Fortaleza dos Reis Magos e do Maior Cajueiro do mundo.<\/span><br \/>\n<span data-contrast=\"none\">Dura\u00e7\u00e3o: aproximadamente 08h.<\/span><br \/>\n<span data-ccp-props=\"{&quot;201341983&quot;:0,&quot;335559739&quot;:160,&quot;335559740&quot;:259}\">\u00a0<\/span><\/p>\n<p><b><span data-contrast=\"none\">1 \u00ba Day &#8211; Natal<\/span><\/b><span data-ccp-props=\"{&quot;134233118&quot;:false,&quot;201341983&quot;:0,&quot;335551550&quot;:1,&quot;335551620&quot;:1,&quot;335559739&quot;:0,&quot;335559740&quot;:259}\">\u00a0<\/span><\/p>\n<p><span data-contrast=\"none\">*Chegada ao Aeroporto Internacional de Natal &#8211; Governador Alu\u00edzio Alves, recep\u00e7\u00e3o do receptivo Orinter, estar\u00e3o aguardando para suporte o desembarque e traslado at\u00e9 o hotel escolhido.<\/span><span data-ccp-props=\"{&quot;134233118&quot;:false,&quot;201341983&quot;:0,&quot;335551550&quot;:1,&quot;335551620&quot;:1,&quot;335559739&quot;:0,&quot;335559740&quot;:259}\">\u00a0<\/span><\/p>\n<p><b><span data-contrast=\"none\">2 \u00ba Day &#8211; Natal<\/span><\/b><span data-ccp-props=\"{&quot;134233118&quot;:false,&quot;201341983&quot;:0,&quot;335551550&quot;:1,&quot;335551620&quot;:1,&quot;335559739&quot;:0,&quot;335559740&quot;:259}\">\u00a0<\/span><\/p>\n<p><span data-contrast=\"none\">Passando pelos principais pontos tur\u00edsticos de Natal, mostrando a Via Costeira, Praias Urbanas de Areia Preta, Praia dos Artistas, do Meio e do Forte, Fortaleza dos Reis Magos, Bairros de Santos Reis, Rocas e Ribeira, Centro da Cidade, conhecendo nosso Artesanato (durante o percurso), dentre outros atrativos tur\u00edsticos. Em seguida passa-se pela Av. Hermes da Fonseca, Sen. Salgado Filho, BR-101, Av. Engenheiro Roberto Freire, passando pela Praia de Ponta Negra. Rota do Sol, passando em frente ao Campo de Lan\u00e7amentos de Foguetes de Barreira do Inferno, distrito de Pium, Praia de Cotovelo, Pirangi do Norte, onde \u00e9 feita uma visita ao Maior Cajueiro do Mundo, Praia de Pirangi do Sul, B\u00fazios, Tabatinga at\u00e9 a Praia de Camurupim. Apraz\u00edvel praia do nosso litoral, onde o banho de mar e a descontra\u00e7\u00e3o do passeio proporcionam um agrad\u00e1vel dia de lazer aos visitantes, principalmente quando a mar\u00e9 est\u00e1 cheia pois o banho de mar \u00e9 delicioso. Nosso retorno se dar\u00e1 no final da tarde aos hot\u00e9is. Este roteiro poder\u00e1 sofrer altera\u00e7\u00f5es na sequ\u00eancia, em fun\u00e7\u00e3o de adapta\u00e7\u00f5es clim\u00e1ticas para melhor aproveitamento do passeio, por\u00e9m o percurso ser\u00e1 o mesmo.<\/span><br \/>\n<span data-ccp-props=\"{&quot;134233118&quot;:false,&quot;201341983&quot;:0,&quot;335551550&quot;:1,&quot;335551620&quot;:1,&quot;335559739&quot;:0,&quot;335559740&quot;:259}\">\u00a0<\/span><\/p>\n<p><b><span data-contrast=\"none\">3 \u00ba Day &#8211; Natal<\/span><\/b><span data-ccp-props=\"{&quot;134233118&quot;:false,&quot;201341983&quot;:0,&quot;335551550&quot;:1,&quot;335551620&quot;:1,&quot;335559739&quot;:0,&quot;335559740&quot;:259}\">\u00a0<\/span><\/p>\n<p><span data-contrast=\"none\">Dia Livre para aproveitar a praia e as facilidades do hotel. Se preferir consulte um dos passeios opcionais abaixo<\/span><span data-ccp-props=\"{&quot;134233117&quot;:false,&quot;134233118&quot;:false,&quot;201341983&quot;:0,&quot;335551550&quot;:1,&quot;335551620&quot;:1,&quot;335559685&quot;:0,&quot;335559737&quot;:0,&quot;335559738&quot;:0,&quot;335559739&quot;:0,&quot;335559740&quot;:259}\">\u00a0<\/span><\/p>\n<p><b><span data-contrast=\"none\">4 \u00ba Day &#8211; Natal<\/span><\/b><span data-ccp-props=\"{&quot;134233118&quot;:false,&quot;201341983&quot;:0,&quot;335551550&quot;:1,&quot;335551620&quot;:1,&quot;335559739&quot;:0,&quot;335559740&quot;:259}\">\u00a0<\/span><\/p>\n<p><span data-contrast=\"none\">Dia Livre para aproveitar a praia e as facilidades do hotel. Se preferir consulte um dos passeios opcionais abaixo<\/span><span data-ccp-props=\"{&quot;134233117&quot;:false,&quot;134233118&quot;:false,&quot;201341983&quot;:0,&quot;335551550&quot;:1,&quot;335551620&quot;:1,&quot;335559685&quot;:0,&quot;335559737&quot;:0,&quot;335559738&quot;:0,&quot;335559739&quot;:0,&quot;335559740&quot;:259}\">\u00a0<\/span><\/p>\n<p><b><span data-contrast=\"none\">5 \u00ba Day &#8211; Natal<\/span><\/b><span data-ccp-props=\"{&quot;134233118&quot;:false,&quot;201341983&quot;:0,&quot;335551550&quot;:1,&quot;335551620&quot;:1,&quot;335559739&quot;:0,&quot;335559740&quot;:259}\">\u00a0<\/span><\/p>\n<p><span data-contrast=\"none\">Dia Livre para aproveitar a praia e as facilidades do hotel. Se preferir consulte um dos passeios opcionais abaixo<\/span><span data-ccp-props=\"{&quot;134233117&quot;:false,&quot;134233118&quot;:false,&quot;201341983&quot;:0,&quot;335551550&quot;:1,&quot;335551620&quot;:1,&quot;335559685&quot;:0,&quot;335559737&quot;:0,&quot;335559738&quot;:0,&quot;335559739&quot;:0,&quot;335559740&quot;:259}\">\u00a0<\/span><\/p>\n<p><b><span data-contrast=\"none\">6 \u00ba Day &#8211; Natal<\/span><\/b><span data-ccp-props=\"{&quot;134233118&quot;:false,&quot;201341983&quot;:0,&quot;335551550&quot;:1,&quot;335551620&quot;:1,&quot;335559739&quot;:0,&quot;335559740&quot;:259}\">\u00a0<\/span><\/p>\n<p><span data-contrast=\"none\">Dia Livre para aproveitar a praia e as facilidades do hotel. Se preferir consulte um dos passeios opcionais abaixo<\/span><span data-ccp-props=\"{&quot;134233117&quot;:false,&quot;134233118&quot;:false,&quot;201341983&quot;:0,&quot;335551550&quot;:1,&quot;335551620&quot;:1,&quot;335559685&quot;:0,&quot;335559737&quot;:0,&quot;335559738&quot;:0,&quot;335559739&quot;:0,&quot;335559740&quot;:259}\">\u00a0<\/span><\/p>\n<p><b><span data-contrast=\"none\">7 \u00ba Day &#8211; Natal<\/span><\/b><span data-ccp-props=\"{&quot;134233118&quot;:false,&quot;201341983&quot;:0,&quot;335551550&quot;:1,&quot;335551620&quot;:1,&quot;335559739&quot;:0,&quot;335559740&quot;:259}\">\u00a0<\/span><\/p>\n<p><span data-contrast=\"none\">Dia Livre para aproveitar a praia e as facilidades do hotel. Se preferir consulte um dos passeios opcionais abaixo<\/span><span data-ccp-props=\"{&quot;134233117&quot;:false,&quot;134233118&quot;:false,&quot;201341983&quot;:0,&quot;335551550&quot;:1,&quot;335551620&quot;:1,&quot;335559685&quot;:0,&quot;335559737&quot;:0,&quot;335559738&quot;:0,&quot;335559739&quot;:0,&quot;335559740&quot;:259}\">\u00a0<\/span><\/p>\n<p><b><span data-contrast=\"none\">8 \u00ba Day &#8211; Natal<\/span><\/b><span data-ccp-props=\"{&quot;134233118&quot;:false,&quot;201341983&quot;:0,&quot;335551550&quot;:1,&quot;335551620&quot;:1,&quot;335559739&quot;:0,&quot;335559740&quot;:259}\">\u00a0<\/span><\/p>\n<p><span data-contrast=\"none\">*Traslado para o Aeroporto Internacional de Natal &#8211; Governador Alu\u00edzio Alves, em hor\u00e1rio estipulado pelo receptivo local e embarque para a cidade de origem.<\/span><span data-ccp-props=\"{&quot;134233118&quot;:false,&quot;201341983&quot;:0,&quot;335551550&quot;:1,&quot;335551620&quot;:1,&quot;335559739&quot;:0,&quot;335559740&quot;:259}\">\u00a0<\/span><\/p>\n<p><span data-contrast=\"none\">Dicas de Outros Passeios Opcionais &#8211; N\u00e3o Incluso na Programa\u00e7\u00e3o:<\/span><span data-ccp-props=\"{&quot;201341983&quot;:0,&quot;335551550&quot;:1,&quot;335551620&quot;:1,&quot;335559739&quot;:160,&quot;335559740&quot;:259}\">\u00a0<\/span><\/p>\n<p><b><span data-contrast=\"none\">Litoral Norte<\/span><\/b><span data-ccp-props=\"{&quot;134233118&quot;:false,&quot;201341983&quot;:0,&quot;335551550&quot;:1,&quot;335551620&quot;:1,&quot;335559739&quot;:0,&quot;335559740&quot;:259}\">\u00a0<\/span><\/p>\n<p><span data-contrast=\"none\">Come\u00e7amos nosso passeio com uma parada no Aqu\u00e1rio de Natal, na Praia da Redinha, conhecendo v\u00e1rias esp\u00e9cies de animais, quase um minizool\u00f3gico, tendo em seguida a oportunidade de realizar um passeio de Buggy nas famosas Dunas de Genipabu, com possibilidade de conhecer e andar em cima de Dromed\u00e1rios em cima das dunas, fazendo-nos transportar como se estiv\u00e9ssemos no deserto do Saara, contemplando a bela paisagem do litoral, destacando-se a Praia de Genipabu. *As atividades e a ordem do roteiro podem sofrer altera\u00e7\u00f5es devido a condi\u00e7\u00f5es clim\u00e1ticas ou outros fatores.<\/span><span data-ccp-props=\"{&quot;134233118&quot;:false,&quot;201341983&quot;:0,&quot;335551550&quot;:1,&quot;335551620&quot;:1,&quot;335559739&quot;:0,&quot;335559740&quot;:259}\">\u00a0<\/span><\/p>\n<p><b><span data-contrast=\"none\">Barra de Puna\u00fa<\/span><\/b><span data-ccp-props=\"{&quot;134233117&quot;:false,&quot;134233118&quot;:false,&quot;201341983&quot;:0,&quot;335551550&quot;:1,&quot;335551620&quot;:1,&quot;335559738&quot;:0,&quot;335559739&quot;:0,&quot;335559740&quot;:259}\">\u00a0<\/span><\/p>\n<p><span data-contrast=\"none\">*Dica de Passeio Opcional (n\u00e3o incluso); Barra de Puna\u00fa praia de beleza \u00edmpar, ideal para quem deseja relaxar, caminhar e curtir uma praia totalmente isolada, longe de tudo e de todos. Neste passeio, o cliente tem a oportunidade de tomar banho no Rio Puna\u00fa, tamb\u00e9m chamado da \u201cCoca Cola\u201d por sua colora\u00e7\u00e3o escura, banho de mar, escalar pequenas dunas, jogar um pouco de v\u00f4lei, futebol, quadriciclo, buggy, aerobunda, esquibunda, desfrutar do sal\u00e3o de jogos tipo sinuca, ou simplesmente esquecer do mundo l\u00e1 fora apreciando a beleza da natureza. *As atividades e a ordem do roteiro podem sofrer altera\u00e7\u00f5es devido a condi\u00e7\u00f5es clim\u00e1ticas ou outros fatores.<\/span><span data-ccp-props=\"{&quot;134233117&quot;:false,&quot;134233118&quot;:false,&quot;201341983&quot;:0,&quot;335551550&quot;:1,&quot;335551620&quot;:1,&quot;335559738&quot;:0,&quot;335559739&quot;:0,&quot;335559740&quot;:259}\">\u00a0<\/span><\/p>\n<p><b><span data-contrast=\"none\">PIPA<\/span><\/b><span data-ccp-props=\"{&quot;134233117&quot;:false,&quot;134233118&quot;:false,&quot;201341983&quot;:0,&quot;335551550&quot;:1,&quot;335551620&quot;:1,&quot;335559685&quot;:0,&quot;335559737&quot;:0,&quot;335559738&quot;:0,&quot;335559739&quot;:0,&quot;335559740&quot;:259}\">\u00a0<\/span><\/p>\n<p><span data-contrast=\"none\">Passeio Praia de Pipa, praia semi selvagem, distante cerca de 100km de Natal onde fal\u00e9sias, dunas, coqueiros, reserva ecol\u00f3gica, o mar e suas belezas colocam o homem em contato com a natureza, podendo ser feita uma caminhada pelas praias adjacentes a Pipa, caso a mar\u00e9 assim o permita e visitar o chapad\u00e3o caso tenha disponibilidade do Tratem. *As atividades e a ordem do roteiro podem sofrer altera\u00e7\u00f5es devido a condi\u00e7\u00f5es clim\u00e1ticas ou outros fatores.<\/span><span data-ccp-props=\"{&quot;134233117&quot;:false,&quot;134233118&quot;:false,&quot;201341983&quot;:0,&quot;335551550&quot;:1,&quot;335551620&quot;:1,&quot;335559738&quot;:0,&quot;335559739&quot;:0,&quot;335559740&quot;:259}\">\u00a0<\/span><\/p>\n<p><b><span data-contrast=\"none\">Parrachos de Maracaja\u00fa<\/span><\/b><span data-ccp-props=\"{&quot;134233117&quot;:false,&quot;134233118&quot;:false,&quot;201341983&quot;:0,&quot;335551550&quot;:1,&quot;335551620&quot;:1,&quot;335559738&quot;:0,&quot;335559739&quot;:0,&quot;335559740&quot;:259}\">\u00a0<\/span><\/p>\n<p><span data-contrast=\"none\">Comparada ao Caribe e Tahiti pela Revista Viagem e Turismo, o conjunto de corais chamados de Parrachos de Maracajau, proporciona um col\u00edrio aos olhos de quem deseja mergulhar para se deleitar com a Beleza \u00edmpar da fauna e flora marinha a 7kms da costa. \u00danica empresa a usar lanchas para levar o visitante at\u00e9 os parrachos onde ficar\u00e3o em um flutuante. Al\u00e9m de toda a beleza dos parrachos, inclui nesse passeio ao MA-NOA PARK dispondo de uma excelente estrutura com parque aqu\u00e1tico, bar molhado, rio, bar, lojas, restaurante, barraca de praia e muitas atra\u00e7\u00f5es, o Ma-Noa Parque \u00e9 um complexo de lazer que encanta todos quantos o visitam, n\u00e3o s\u00f3 pela beleza do lugar, mas tamb\u00e9m por suas atra\u00e7\u00f5es e estrutura. *As atividades e a ordem do roteiro podem sofrer altera\u00e7\u00f5es devido a condi\u00e7\u00f5es clim\u00e1ticas ou outros fatores.<\/span><span data-ccp-props=\"{&quot;134233117&quot;:false,&quot;134233118&quot;:false,&quot;201341983&quot;:0,&quot;335551550&quot;:1,&quot;335551620&quot;:1,&quot;335559738&quot;:0,&quot;335559739&quot;:0,&quot;335559740&quot;:259}\">\u00a0<\/span><\/p>\n<p><span data-ccp-props=\"{&quot;201341983&quot;:0,&quot;335559739&quot;:160,&quot;335559740&quot;:259}\">\u00a0<\/span><\/p>\n<p>&nbsp;<\/p>\n","protected":false},"excerpt":{"rendered":"<p aria-level=\"4\"><b><span data-contrast=\"none\">NATAL 8 DIAS E 7 NOITES<\/span><\/b><span data-ccp-props=\"{&quot;201341983&quot;:0,&quot;335551550&quot;:6,&quot;335551620&quot;:6,&quot;335559738&quot;:40,&quot;335559739&quot;:0,&quot;335559740&quot;:259}\">\u00a0<\/span><\/p>\n<p aria-level=\"4\"><span data-contrast=\"none\">Aqui, o sol brilha cerca de 300 dias por ano, Natal fica em um ponto estrat\u00e9gico do nosso continente, cercada pelas mais variadas belezas naturais e por um ventinho constante. Ela \u00e9 digna do t\u00edtulo de \u201ccidade grande\u201d, mas tem aquele clima aconchegante de uma pequena capital, que cresce e muda constantemente. Natal \u00e9 aquele destino em que parece ver\u00e3o o ano todo. \u00c9 uma cidade com um visual bem diverso, em que as dunas fazem parte do cen\u00e1rio urbano e a natureza se harmoniza com as necessidades dos moradores. No meio da cidade, est\u00e1 preservado o Parque de Dunas, segunda maior \u00e1rea florestal urbana no pa\u00eds, com lindas dunas, mata e um belo visual para o mar. Os valores est\u00e3o calculados com a\u00e9reo regular est\u00e3o sujeito altera\u00e7\u00e3o e disponibilidade online, consulte op\u00e7\u00e3o de bagagens. No caso de Bloqueios A\u00e9reos a bagagem poder\u00e1 estar est\u00e1 inclu\u00edda ou n\u00e3o de acordo com a reserva da cia a\u00e9rea.<\/span><span data-ccp-props=\"{&quot;201341983&quot;:0,&quot;335559738&quot;:40,&quot;335559739&quot;:0,&quot;335559740&quot;:259}\">\u00a0<\/span><\/p>\n<p><b><span data-contrast=\"none\">Servi\u00e7os Inclu\u00eddos:<\/span><\/b><br \/>\n<span data-contrast=\"none\">Traslado Aeroporto Natal \/ Hotel em Natal \/ Aeroporto Natal + City Tour com Praia de Camurupim (Passeio Realizado Diariamente) Pacotes &#8211; Regular \u2013 Regular<\/span><\/p>\n<p><span data-contrast=\"none\">Idioma do motorista: portugu\u00eas<\/span><\/p>\n<p><span data-contrast=\"none\">CITY TOUR COM PRAIA DE CAMURUPIM (SAINDO DOS HOT\u00c9IS EM NATAL)<\/span><\/p>\n<p><span data-contrast=\"none\">Frequ\u00eancia:<\/span> <span data-contrast=\"none\">Passeio realizado diariamente<\/span><\/p>\n","protected":false},"featured_media":183,"template":"","meta":{"om_disable_all_campaigns":false,"_mi_skip_tracking":false},"product_cat":[22],"product_tag":[],"_links":{"self":[{"href":"https:\/\/firstclasstravel.com.br\/index.php?rest_route=\/wp\/v2\/product\/182"}],"collection":[{"href":"https:\/\/firstclasstravel.com.br\/index.php?rest_route=\/wp\/v2\/product"}],"about":[{"href":"https:\/\/firstclasstravel.com.br\/index.php?rest_route=\/wp\/v2\/types\/product"}],"wp:featuredmedia":[{"embeddable":true,"href":"https:\/\/firstclasstravel.com.br\/index.php?rest_route=\/wp\/v2\/media\/183"}],"wp:attachment":[{"href":"https:\/\/firstclasstravel.com.br\/index.php?rest_route=%2Fwp%2Fv2%2Fmedia&parent=182"}],"wp:term":[{"taxonomy":"product_cat","embeddable":true,"href":"https:\/\/firstclasstravel.com.br\/index.php?rest_route=%2Fwp%2Fv2%2Fproduct_cat&post=182"},{"taxonomy":"product_tag","embeddable":true,"href":"https:\/\/firstclasstravel.com.br\/index.php?rest_route=%2Fwp%2Fv2%2Fproduct_tag&post=182"}],"curies":[{"name":"wp","href":"https:\/\/api.w.org\/{rel}","templated":true}]}}