{"id":107,"date":"2022-11-05T13:45:34","date_gmt":"2022-11-05T13:45:34","guid":{"rendered":"https:\/\/firstclasstravel.com.br\/?post_type=product&#038;p=107"},"modified":"2023-01-11T21:28:49","modified_gmt":"2023-01-11T21:28:49","slug":"reveillon-cancun-2023","status":"publish","type":"product","link":"https:\/\/firstclasstravel.com.br\/?product=reveillon-cancun-2023","title":{"rendered":"FORTALEZA"},"content":{"rendered":"<p aria-level=\"4\"><b><span data-contrast=\"none\">FORTALEZA &#8211; 8 DIAS E 7 NOITES<\/span><\/b><span data-ccp-props=\"{&quot;201341983&quot;:0,&quot;335559738&quot;:40,&quot;335559739&quot;:0,&quot;335559740&quot;:259}\">\u00a0<\/span><\/p>\n<p aria-level=\"4\"><span data-contrast=\"none\">Fortaleza \u00e9 um dos destinos tur\u00edsticos mais cobi\u00e7ados no Brasil e, depois de conhecer a variedade de atrativos que a cidade oferece, fica f\u00e1cil entender o porqu\u00ea desse sucesso. Com o poder de agradar pessoas de todas as idades, a capital cearense mistura muitas coisas de que o brasileiro gosta: belezas naturais, cultura, m\u00fasica, divers\u00e3o e uma culin\u00e1ria de tirar o chap\u00e9u. A orla urbana de Fortaleza \u2014 acompanhada por edif\u00edcios altos e um cal\u00e7ad\u00e3o movimentado \u2014 re\u00fane as praias de Iracema, Mucuripe e Meireles, onde fica a feirinha de Artesanato, que todas as noites fica cheia de turistas. A cerca de 10 km dessa regi\u00e3o fica a Praia do Futuro, a melhor praia da cidade para curtir o mar, ideal para quem busca estrutura e um pouco de sossego. Os valores est\u00e3o calculados com a\u00e9reo regular est\u00e3o sujeito altera\u00e7\u00e3o e disponibilidade online, consulte op\u00e7\u00e3o de bagagens. No caso de Bloqueios A\u00e9reos a bagagem poder\u00e1 estar inclu\u00edda ou n\u00e3o, conforme a reserva da cia a\u00e9rea.<\/span><span data-ccp-props=\"{&quot;201341983&quot;:0,&quot;335559738&quot;:40,&quot;335559739&quot;:0,&quot;335559740&quot;:259}\">\u00a0<\/span><\/p>\n<p><b><span data-contrast=\"none\">Servi\u00e7os Inclu\u00eddos:<\/span><\/b><br \/>\n<span data-contrast=\"auto\">Traslados Aeroporto Fortaleza \/ Hotel Fortaleza \/ Aeroporto Fortaleza + Visita da Cidade e Cumbuco &#8211; Regular<\/span><span data-ccp-props=\"{&quot;134233117&quot;:false,&quot;134233118&quot;:false,&quot;201341983&quot;:0,&quot;335551550&quot;:6,&quot;335551620&quot;:6,&quot;335559685&quot;:0,&quot;335559737&quot;:0,&quot;335559738&quot;:0,&quot;335559739&quot;:160,&quot;335559740&quot;:259}\">\u00a0<\/span><\/p>\n<p><span data-contrast=\"none\">PASSAGEIROS SER\u00c3O RECEPCIONADOS NO AEROPORTO OU HOTEL, COM PLACA DE IDENTIFICA\u00c7\u00c3O ORINTER OTT OU NOME<\/span><span data-ccp-props=\"{&quot;201341983&quot;:0,&quot;335551550&quot;:6,&quot;335551620&quot;:6,&quot;335559739&quot;:160,&quot;335559740&quot;:259}\">\u00a0<\/span><\/p>\n<p><b><span data-contrast=\"none\">Observa\u00e7\u00e3o:<\/span><\/b><span data-contrast=\"none\"> V\u00e1lido para hot\u00e9is no per\u00edmetro urbano de Fortaleza.<\/span><span data-ccp-props=\"{&quot;201341983&quot;:0,&quot;335551550&quot;:6,&quot;335551620&quot;:6,&quot;335559739&quot;:160,&quot;335559740&quot;:259}\">\u00a0<\/span><\/p>\n<p><span data-contrast=\"none\">Idioma do motorista: portugu\u00eas<\/span><br \/>\n<span data-contrast=\"none\">Permitido 01 (uma) mala por pessoa<\/span><span data-ccp-props=\"{&quot;201341983&quot;:0,&quot;335551550&quot;:6,&quot;335551620&quot;:6,&quot;335559739&quot;:160,&quot;335559740&quot;:259}\">\u00a0<\/span><\/p>\n<p><b><span data-contrast=\"none\">VISITA DA CIDADE E CUMBUCO (SAINDO DO PERIMETRO URBANO DE FORTALEZA)<\/span><\/b><span data-ccp-props=\"{&quot;201341983&quot;:0,&quot;335551550&quot;:6,&quot;335551620&quot;:6,&quot;335559739&quot;:160,&quot;335559740&quot;:259}\">\u00a0<\/span><\/p>\n<p><b><span data-contrast=\"none\">Frequ\u00eancia:<\/span><\/b><span data-contrast=\"none\"> Passeio realizado diariamente.<\/span><span data-ccp-props=\"{&quot;201341983&quot;:0,&quot;335551550&quot;:6,&quot;335551620&quot;:6,&quot;335559739&quot;:160,&quot;335559740&quot;:259}\">\u00a0<\/span><\/p>\n<p><span data-contrast=\"none\">Na visita panor\u00e2mica, o turista \u00e9 convidado a realizar um reconhecimento hist\u00f3rico e tur\u00edstico passando pela Orla mar\u00edtima de Fortaleza, est\u00e1tua de Iracema, Praia do Futuro, Praia do Mucuripe, bairro nobre da Aldeota, Mausol\u00e9u do ex-presidente Castelo Branco, Praia de Iracema, Catedral Metropolitana, Mercado Central (sem parada), Forte de Nossa Senhora de Assun\u00e7\u00e3o, Drag\u00e3o do Mar, Pra\u00e7a dos M\u00e1rtires. A Rota do Sol Poente preserva tamb\u00e9m muitas belezas naturais. A 37Km a leste de Fortaleza, no munic\u00edpio de Caucaia, encontramos a Praia de Cumbuco. Antiga col\u00f4nia de pescadores, cumbuco surpreende com a sua paisagem repleta de dunas pontilhadas por verdes coqueiros e intercaladas por lagoas. Dotada de uma excelente infraestrutura tur\u00edstica de hot\u00e9is, bares e restaurantes, cumbuco \u00e9 uma praia que oferece v\u00e1rias op\u00e7\u00f5es de lazer, como o r\u00fastico passeio de jangada, o divertido passeio de jegue e cavalo, e o surpreendente passeio de buggy que percorre as dunas m\u00f3veis, com direito a parada para a pr\u00e1tica do esporte local: O sky-bunda&#8230;, que termina com um refrescante mergulho na lagoa de Parnamirim.<\/span><span data-ccp-props=\"{&quot;201341983&quot;:0,&quot;335551550&quot;:6,&quot;335551620&quot;:6,&quot;335559739&quot;:160,&quot;335559740&quot;:259}\">\u00a0<\/span><\/p>\n<p><span data-contrast=\"none\">*Servi\u00e7o em base REGULAR para hot\u00e9is no per\u00edmetro urbano (zona tur\u00edstica da Beira Mar de Fortaleza). (Servi\u00e7os n\u00e3o v\u00e1lidos para os hot\u00e9is em outras regi\u00f5es e bairros como: Amuarama, Ibis Centro de Eventos, Porto D\u2019Aldeia Resort, dentre outros, que est\u00e3o localizados fora do per\u00edmetro da Beira Mar \u2013 Fortaleza).<\/span><span data-ccp-props=\"{&quot;201341983&quot;:0,&quot;335551550&quot;:6,&quot;335551620&quot;:6,&quot;335559739&quot;:160,&quot;335559740&quot;:259}\">\u00a0<\/span><\/p>\n<p><b><span data-contrast=\"none\">1 \u00ba Day &#8211; Fortaleza<\/span><\/b><span data-ccp-props=\"{&quot;201341983&quot;:0,&quot;335551550&quot;:1,&quot;335551620&quot;:1,&quot;335559739&quot;:160,&quot;335559740&quot;:259}\">\u00a0<\/span><\/p>\n<p><span data-contrast=\"none\">*Chegada ao Aeroporto Internacional de Fortaleza &#8211; Pinto Martins, recep\u00e7\u00e3o do receptivo Orinter, estar\u00e3o aguardando para suporte o desembarque e traslado at\u00e9 o hotel escolhido.<\/span><span data-ccp-props=\"{&quot;201341983&quot;:0,&quot;335551550&quot;:1,&quot;335551620&quot;:1,&quot;335559739&quot;:160,&quot;335559740&quot;:259}\">\u00a0<\/span><\/p>\n<p><b><span data-contrast=\"none\">2 \u00ba Day &#8211; Fortaleza<\/span><\/b><span data-ccp-props=\"{&quot;201341983&quot;:0,&quot;335551550&quot;:1,&quot;335551620&quot;:1,&quot;335559739&quot;:160,&quot;335559740&quot;:259}\">\u00a0<\/span><\/p>\n<p><span data-contrast=\"none\">*Passeio pela cidade de Fortaleza, na visita panor\u00e2mica, o turista \u00e9 convidado a realizar um reconhecimento hist\u00f3rico e tur\u00edstico passando pela Orla mar\u00edtima de Fortaleza, est\u00e1tua de Iracema, Praia do Futuro, Praia do Mucuripe, bairro nobre da Aldeota, Mausol\u00e9u do ex-presidente Castelo Branco, Praia de Iracema, Catedral Metropolitana, Mercado Central (sem parada), Forte de Nossa Senhora de Assun\u00e7\u00e3o, Drag\u00e3o do Mar, Pra\u00e7a dos M\u00e1rtires.<\/span><span data-ccp-props=\"{&quot;201341983&quot;:0,&quot;335551550&quot;:1,&quot;335551620&quot;:1,&quot;335559739&quot;:160,&quot;335559740&quot;:259}\">\u00a0<\/span><\/p>\n<p><b><span data-contrast=\"none\">3 \u00ba Day &#8211; Fortaleza<\/span><\/b><span data-ccp-props=\"{&quot;201341983&quot;:0,&quot;335551550&quot;:1,&quot;335551620&quot;:1,&quot;335559739&quot;:160,&quot;335559740&quot;:259}\">\u00a0<\/span><\/p>\n<p><span data-contrast=\"none\">*Dica de Passeio Opcional (n\u00e3o incluso); Passeio Praia do Beach Park, partindo de Fortaleza, a 22Km em sentido leste, na Rota do Sol Nascente, escondida entre as dunas do munic\u00edpio de Aquiraz, nos deparamos com a praia do Porto das Dunas. Al\u00e9m do Parque E\u00f3lico, aqui est\u00e1 localizado um dos maiores empreendimentos tur\u00edsticos do Cear\u00e1: o Beach Park. Resultado de uma combina\u00e7\u00e3o de praia e parque aqu\u00e1tico, o complexo conta com um hotel resort, lojas de souvenirs, museu da jangada, centro de conven\u00e7\u00f5es, al\u00e9m de uma estrutura de atendimento, restaurante na praia onde se pode degustar um delicioso caranguejo. Sua maior atra\u00e7\u00e3o, entretanto, \u00e9 o Aqua Park, um dos maiores parques aqu\u00e1ticos do mundo a beira-mar. O Aqua Park \u00e9 uma divers\u00e3o garantida para todas as idades, com tobo\u00e1guas, cascatas, rio artificial e dois equipamentos \u00fanicos no Brasil (ingresso do Aqua Park n\u00e3o incluso). *As atividades e a ordem do roteiro podem sofrer altera\u00e7\u00f5es devido a condi\u00e7\u00f5es clim\u00e1ticas ou outros fatores.<\/span><span data-ccp-props=\"{&quot;201341983&quot;:0,&quot;335551550&quot;:1,&quot;335551620&quot;:1,&quot;335559739&quot;:160,&quot;335559740&quot;:259}\">\u00a0<\/span><\/p>\n<p><b><span data-contrast=\"none\">4 \u00ba Day &#8211; Fortaleza<\/span><\/b><span data-ccp-props=\"{&quot;201341983&quot;:0,&quot;335551550&quot;:1,&quot;335551620&quot;:1,&quot;335559739&quot;:160,&quot;335559740&quot;:259}\">\u00a0<\/span><\/p>\n<p><span data-contrast=\"none\">*Dica de Passeio Opcional (n\u00e3o incluso); Passeio para \u00c1guas Belas, localizada no munic\u00edpio de Cascavel a 55Km de Fortaleza \u00e9 conhecida pelos nativos como a praia verde esmeralda e a mais pr\u00f3xima entre as mais belas. Foi nesse cen\u00e1rio que o poeta cearense Milton Arraes sentado a beira mar sob o p\u00f4r do sol poetizou a frase: &#8220;Lugar onde o Sol beija a lua e a lua abra\u00e7a o mar&#8221;. No encontro do rio com o mar \u00e9 poss\u00edvel banhar-se em \u00e1guas mornas e relaxantes. *As atividades e a ordem do roteiro podem sofrer altera\u00e7\u00f5es devido a condi\u00e7\u00f5es clim\u00e1ticas ou outros fatores.<\/span><span data-ccp-props=\"{&quot;201341983&quot;:0,&quot;335551550&quot;:1,&quot;335551620&quot;:1,&quot;335559739&quot;:160,&quot;335559740&quot;:259}\">\u00a0<\/span><\/p>\n<p><b><span data-contrast=\"none\">5 \u00ba Day &#8211; Fortaleza<\/span><\/b><span data-ccp-props=\"{&quot;201341983&quot;:0,&quot;335551550&quot;:1,&quot;335551620&quot;:1,&quot;335559739&quot;:160,&quot;335559740&quot;:259}\">\u00a0<\/span><\/p>\n<p><span data-contrast=\"none\">*Dica de Passeio Opcional (n\u00e3o incluso); Passeio para Canoa Quebrada, roteiro tur\u00edstico da Rota do Sol Nascente chega \u00e0 mundialmente conhecida Praia de Canoa Quebrada (a aprox. 170 km de Fortaleza). Canoa eclodiu, na d\u00e9cada de 70, atrav\u00e9s do movimento hippie que se encantou com as paisagens m\u00edsticas e ex\u00f3ticas da regi\u00e3o. Desde ent\u00e3o, o destino vem atraindo visitantes das mais diferentes nacionalidades em busca de paz e tranquilidade. Atualmente, esta harmonia \u00e9 percebida por meio do agrad\u00e1vel banho de mar; do jeito simples e hospitaleiro dos nativos e dos restaurantes \u00e0 Beira Mar que servem o melhor da gastronomia local. Mas, Canoa pulsa dia e noite. *As atividades e a ordem do roteiro podem sofrer altera\u00e7\u00f5es devido a condi\u00e7\u00f5es clim\u00e1ticas ou outros fatores.<\/span><span data-ccp-props=\"{&quot;201341983&quot;:0,&quot;335551550&quot;:1,&quot;335551620&quot;:1,&quot;335559739&quot;:160,&quot;335559740&quot;:259}\">\u00a0<\/span><\/p>\n<p><b><span data-contrast=\"none\">6 \u00ba Day &#8211; Fortaleza<\/span><\/b><span data-ccp-props=\"{&quot;201341983&quot;:0,&quot;335551550&quot;:1,&quot;335551620&quot;:1,&quot;335559739&quot;:160,&quot;335559740&quot;:259}\">\u00a0<\/span><\/p>\n<p><span data-contrast=\"none\">*Dica de Passeio Opcional (n\u00e3o incluso); Passeio para Lagoinha, antigo esconderijo de piratas franceses, Lagoinha (a aprox. 110 km de Fortaleza) \u00e9 uma das maiores altera\u00e7\u00f5es na rota do Sol Poente. Atualmente \u00e9 uma tranquila col\u00f4nia de pescadores situada num mirante, de onde se aprecia uma exuberante paisagem. Do panorama mais alto, verdes coqueirais indicam o caminho para o mar. A praia de areia branca e dunas avermelhadas acolhem as pregui\u00e7osas ondas de suas enseadas naturais. A enseada e a ponta de Lagoinha s\u00e3o vistas naturais de indiscut\u00edvel beleza.<\/span><span data-ccp-props=\"{&quot;201341983&quot;:0,&quot;335551550&quot;:1,&quot;335551620&quot;:1,&quot;335559739&quot;:160,&quot;335559740&quot;:259}\">\u00a0<\/span><\/p>\n<p><b><span data-contrast=\"none\">7 \u00ba Day &#8211; Fortaleza<\/span><\/b><span data-ccp-props=\"{&quot;201341983&quot;:0,&quot;335551550&quot;:1,&quot;335551620&quot;:1,&quot;335559739&quot;:160,&quot;335559740&quot;:259}\">\u00a0<\/span><\/p>\n<p><span data-contrast=\"none\">*Traslado para o Aeroporto Internacional de Fortaleza &#8211; Pinto Martins, em hor\u00e1rio estipulado pelo receptivo local e embarque para a cidade de origem.<\/span><span data-ccp-props=\"{&quot;201341983&quot;:0,&quot;335551550&quot;:1,&quot;335551620&quot;:1,&quot;335559739&quot;:160,&quot;335559740&quot;:259}\">\u00a0<\/span><\/p>\n<p>&nbsp;<\/p>\n<p>&nbsp;<\/p>\n","protected":false},"excerpt":{"rendered":"<p aria-level=\"4\"><b><span data-contrast=\"none\">FORTALEZA &#8211; 8 DIAS E 7 NOITES<\/span><\/b><span data-ccp-props=\"{&quot;201341983&quot;:0,&quot;335559738&quot;:40,&quot;335559739&quot;:0,&quot;335559740&quot;:259}\">\u00a0<\/span><\/p>\n<p aria-level=\"4\"><span data-contrast=\"none\">Fortaleza \u00e9 um dos destinos tur\u00edsticos mais cobi\u00e7ados no Brasil e, depois de conhecer a variedade de atrativos que a cidade oferece, fica f\u00e1cil entender o porqu\u00ea desse sucesso. Com o poder de agradar pessoas de todas as idades, a capital cearense mistura muitas coisas de que o brasileiro gosta: belezas naturais, cultura, m\u00fasica, divers\u00e3o e uma culin\u00e1ria de tirar o chap\u00e9u. A orla urbana de Fortaleza \u2014 acompanhada por edif\u00edcios altos e um cal\u00e7ad\u00e3o movimentado \u2014 re\u00fane as praias de Iracema, Mucuripe e Meireles, onde fica a feirinha de Artesanato, que todas as noites fica cheia de turistas. A cerca de 10 km dessa regi\u00e3o fica a Praia do Futuro, a melhor praia da cidade para curtir o mar, ideal para quem busca estrutura e um pouco de sossego. Os valores est\u00e3o calculados com a\u00e9reo regular est\u00e3o sujeito altera\u00e7\u00e3o e disponibilidade online, consulte op\u00e7\u00e3o de bagagens. No caso de Bloqueios A\u00e9reos a bagagem poder\u00e1 estar inclu\u00edda ou n\u00e3o, conforme a reserva da cia a\u00e9rea.<\/span><span data-ccp-props=\"{&quot;201341983&quot;:0,&quot;335559738&quot;:40,&quot;335559739&quot;:0,&quot;335559740&quot;:259}\">\u00a0<\/span><\/p>\n<p><b><span data-contrast=\"none\">Servi\u00e7os Inclu\u00eddos:<\/span><\/b><br \/>\n<span data-contrast=\"auto\">Traslados Aeroporto Fortaleza \/ Hotel Fortaleza \/ Aeroporto Fortaleza + Visita da Cidade e Cumbuco &#8211; Regular<\/span><span data-ccp-props=\"{&quot;134233117&quot;:false,&quot;134233118&quot;:false,&quot;201341983&quot;:0,&quot;335551550&quot;:6,&quot;335551620&quot;:6,&quot;335559685&quot;:0,&quot;335559737&quot;:0,&quot;335559738&quot;:0,&quot;335559739&quot;:160,&quot;335559740&quot;:259}\">\u00a0<\/span><\/p>\n<p><b><span data-contrast=\"none\">Observa\u00e7\u00e3o:<\/span><\/b><span data-contrast=\"none\"> V\u00e1lido para hot\u00e9is no per\u00edmetro urbano de Fortaleza.<\/span><span data-ccp-props=\"{&quot;201341983&quot;:0,&quot;335551550&quot;:6,&quot;335551620&quot;:6,&quot;335559739&quot;:160,&quot;335559740&quot;:259}\">\u00a0<\/span><\/p>\n<p><span data-contrast=\"none\">Idioma do motorista: portugu\u00eas<\/span><br \/>\n<span data-contrast=\"none\">Permitido 01 (uma) mala por pessoa<\/span><span data-ccp-props=\"{&quot;201341983&quot;:0,&quot;335551550&quot;:6,&quot;335551620&quot;:6,&quot;335559739&quot;:160,&quot;335559740&quot;:259}\">\u00a0<\/span><\/p>\n","protected":false},"featured_media":137,"template":"","meta":{"om_disable_all_campaigns":false,"_mi_skip_tracking":false},"product_cat":[22],"product_tag":[],"_links":{"self":[{"href":"https:\/\/firstclasstravel.com.br\/index.php?rest_route=\/wp\/v2\/product\/107"}],"collection":[{"href":"https:\/\/firstclasstravel.com.br\/index.php?rest_route=\/wp\/v2\/product"}],"about":[{"href":"https:\/\/firstclasstravel.com.br\/index.php?rest_route=\/wp\/v2\/types\/product"}],"wp:featuredmedia":[{"embeddable":true,"href":"https:\/\/firstclasstravel.com.br\/index.php?rest_route=\/wp\/v2\/media\/137"}],"wp:attachment":[{"href":"https:\/\/firstclasstravel.com.br\/index.php?rest_route=%2Fwp%2Fv2%2Fmedia&parent=107"}],"wp:term":[{"taxonomy":"product_cat","embeddable":true,"href":"https:\/\/firstclasstravel.com.br\/index.php?rest_route=%2Fwp%2Fv2%2Fproduct_cat&post=107"},{"taxonomy":"product_tag","embeddable":true,"href":"https:\/\/firstclasstravel.com.br\/index.php?rest_route=%2Fwp%2Fv2%2Fproduct_tag&post=107"}],"curies":[{"name":"wp","href":"https:\/\/api.w.org\/{rel}","templated":true}]}}